{"id":2409,"date":"2019-12-10T02:31:45","date_gmt":"2019-12-10T02:31:45","guid":{"rendered":"http:\/\/remingtonla-stage.us-east-1.elasticbeanstalk.com\/ng\/producto\/cepillo-alisador-remington-prothermaluxe\/"},"modified":"2022-08-05T22:10:24","modified_gmt":"2022-08-05T22:10:24","slug":"cepillo-alisador-remington-prothermaluxe","status":"publish","type":"product","link":"https:\/\/www.remingtonlatam.com\/ni\/producto\/mujer\/cuidado-del-cabello\/cepillos\/cepillo-alisador-remington-prothermaluxe\/","title":{"rendered":"Cepillo Alisador Remington ProThermaLuxe"},"content":{"rendered":"","protected":false},"excerpt":{"rendered":"<p>\u00a1Alisa y cepilla en un solo paso! El <b>cepillo alisador ProThermaLux<\/b> de Remington ha sido dise\u00f1ado para mantener el volumen natural de tu cabello y a la vez suavizarlo hasta la perfecci\u00f3n. Si deseas un peinado liso, pero natural y con volumen, este <b>cepillo el\u00e9ctrico<\/b> est\u00e1 hecho para ti.<\/p>\n","protected":false},"featured_media":2411,"comment_status":"open","ping_status":"closed","template":"","meta":{"_acf_changed":false},"product_brand":[],"product_cat":[53,48,46],"product_tag":[],"class_list":{"0":"post-2409","1":"product","2":"type-product","3":"status-publish","4":"has-post-thumbnail","6":"collections-prothermaluxe","7":"characteristics-cabello-con-frizz","8":"characteristics-cabello-sin-brillo","9":"characteristics-cabello-sin-volumen","10":"characteristics-ceramica","11":"characteristics-ceramica-ultra","12":"characteristics-liso-perfecto","13":"characteristics-volumen-renovado","14":"product_cat-cepillos","15":"product_cat-cuidado-del-cabello","16":"product_cat-mujer","18":"first","19":"instock","20":"shipping-taxable","21":"product-type-simple"},"acf":[],"_links":{"self":[{"href":"https:\/\/www.remingtonlatam.com\/ni\/wp-json\/wp\/v2\/product\/2409","targetHints":{"allow":["GET"]}}],"collection":[{"href":"https:\/\/www.remingtonlatam.com\/ni\/wp-json\/wp\/v2\/product"}],"about":[{"href":"https:\/\/www.remingtonlatam.com\/ni\/wp-json\/wp\/v2\/types\/product"}],"replies":[{"embeddable":true,"href":"https:\/\/www.remingtonlatam.com\/ni\/wp-json\/wp\/v2\/comments?post=2409"}],"wp:featuredmedia":[{"embeddable":true,"href":"https:\/\/www.remingtonlatam.com\/ni\/wp-json\/wp\/v2\/media\/2411"}],"wp:attachment":[{"href":"https:\/\/www.remingtonlatam.com\/ni\/wp-json\/wp\/v2\/media?parent=2409"}],"wp:term":[{"taxonomy":"product_brand","embeddable":true,"href":"https:\/\/www.remingtonlatam.com\/ni\/wp-json\/wp\/v2\/product_brand?post=2409"},{"taxonomy":"product_cat","embeddable":true,"href":"https:\/\/www.remingtonlatam.com\/ni\/wp-json\/wp\/v2\/product_cat?post=2409"},{"taxonomy":"product_tag","embeddable":true,"href":"https:\/\/www.remingtonlatam.com\/ni\/wp-json\/wp\/v2\/product_tag?post=2409"}],"curies":[{"name":"wp","href":"https:\/\/api.w.org\/{rel}","templated":true}]}}