{"id":8014,"date":"2024-11-19T15:20:32","date_gmt":"2024-11-19T15:20:32","guid":{"rendered":"https:\/\/www.remingtonlatam.com\/mx\/?post_type=product&#038;p=8014"},"modified":"2024-11-19T15:22:43","modified_gmt":"2024-11-19T15:22:43","slug":"afeitadora-de-laminas-remington-style-series-f7","status":"publish","type":"product","link":"https:\/\/www.remingtonlatam.com\/mx\/producto\/hombre\/afeitadoras-hombre\/afeitadoras-rotativas\/afeitadora-de-laminas-remington-style-series-f7\/","title":{"rendered":"Afeitadora de l\u00e1minas Remington Style Series F7"},"content":{"rendered":"","protected":false},"excerpt":{"rendered":"<p>La afeitadora de l\u00e1minas Style Series F7 Remington est\u00e1 dise\u00f1ada para proporcionar un afeitado al ras. Cuenta con 3 l\u00e1minas flotantes independientes que se adaptan al controno de tu rostro, garantizando m\u00e1xima comodidad y rapidez al afeitarte.<\/p>\n","protected":false},"featured_media":8020,"comment_status":"open","ping_status":"closed","template":"","meta":{"_acf_changed":false},"product_brand":[],"product_cat":[59,62,58],"product_tag":[],"class_list":{"0":"post-8014","1":"product","2":"type-product","3":"status-publish","4":"has-post-thumbnail","6":"characteristics-cuchillas-de-acero-inoxidable","7":"characteristics-cuchillas-autoafilables","8":"characteristics-funcion","9":"characteristics-hombre","10":"characteristics-pivot-y-flex","11":"characteristics-recargable","12":"characteristics-rostro","13":"characteristics-tecnologia-hombre","14":"characteristics-tipo-de-carga","15":"product_cat-afeitadoras-hombre","16":"product_cat-afeitadoras-rotativas","17":"product_cat-hombre","19":"first","20":"instock","21":"shipping-taxable","22":"product-type-simple"},"acf":[],"_links":{"self":[{"href":"https:\/\/www.remingtonlatam.com\/mx\/wp-json\/wp\/v2\/product\/8014","targetHints":{"allow":["GET"]}}],"collection":[{"href":"https:\/\/www.remingtonlatam.com\/mx\/wp-json\/wp\/v2\/product"}],"about":[{"href":"https:\/\/www.remingtonlatam.com\/mx\/wp-json\/wp\/v2\/types\/product"}],"replies":[{"embeddable":true,"href":"https:\/\/www.remingtonlatam.com\/mx\/wp-json\/wp\/v2\/comments?post=8014"}],"wp:featuredmedia":[{"embeddable":true,"href":"https:\/\/www.remingtonlatam.com\/mx\/wp-json\/wp\/v2\/media\/8020"}],"wp:attachment":[{"href":"https:\/\/www.remingtonlatam.com\/mx\/wp-json\/wp\/v2\/media?parent=8014"}],"wp:term":[{"taxonomy":"product_brand","embeddable":true,"href":"https:\/\/www.remingtonlatam.com\/mx\/wp-json\/wp\/v2\/product_brand?post=8014"},{"taxonomy":"product_cat","embeddable":true,"href":"https:\/\/www.remingtonlatam.com\/mx\/wp-json\/wp\/v2\/product_cat?post=8014"},{"taxonomy":"product_tag","embeddable":true,"href":"https:\/\/www.remingtonlatam.com\/mx\/wp-json\/wp\/v2\/product_tag?post=8014"}],"curies":[{"name":"wp","href":"https:\/\/api.w.org\/{rel}","templated":true}]}}