{"id":8007,"date":"2024-11-07T20:11:35","date_gmt":"2024-11-07T20:11:35","guid":{"rendered":"https:\/\/www.remingtonlatam.com\/mx\/?post_type=product&#038;p=8007"},"modified":"2024-11-07T20:12:26","modified_gmt":"2024-11-07T20:12:26","slug":"combo-ocean-silk","status":"publish","type":"product","link":"https:\/\/www.remingtonlatam.com\/mx\/producto\/mujer\/cuidado-del-cabello\/secadores\/combo-ocean-silk\/","title":{"rendered":"Combo &#8211; Ocean Silk"},"content":{"rendered":"","protected":false},"excerpt":{"rendered":"<p>Cer\u00e1mica avanzada con titanio y prote\u00ednas de seda real que protegen el cabello, brindan resultados r\u00e1pidos y dejan el cabello suave. Descubre la sedosidad con Ocean Silk. <\/p>\n","protected":false},"featured_media":8008,"comment_status":"open","ping_status":"closed","template":"","meta":{"_acf_changed":false},"product_brand":[],"product_cat":[48,46,152,51],"product_tag":[],"class_list":{"0":"post-8007","1":"product","2":"type-product","3":"status-publish","4":"has-post-thumbnail","6":"collections-ocean_silk","7":"characteristics-cabello-con-frizz","8":"characteristics-mujer","9":"product_cat-cuidado-del-cabello","10":"product_cat-mujer","11":"product_cat-planchas-alisadoras","12":"product_cat-secadores","14":"first","15":"instock","16":"shipping-taxable","17":"product-type-simple"},"acf":[],"_links":{"self":[{"href":"https:\/\/www.remingtonlatam.com\/mx\/wp-json\/wp\/v2\/product\/8007","targetHints":{"allow":["GET"]}}],"collection":[{"href":"https:\/\/www.remingtonlatam.com\/mx\/wp-json\/wp\/v2\/product"}],"about":[{"href":"https:\/\/www.remingtonlatam.com\/mx\/wp-json\/wp\/v2\/types\/product"}],"replies":[{"embeddable":true,"href":"https:\/\/www.remingtonlatam.com\/mx\/wp-json\/wp\/v2\/comments?post=8007"}],"wp:featuredmedia":[{"embeddable":true,"href":"https:\/\/www.remingtonlatam.com\/mx\/wp-json\/wp\/v2\/media\/8008"}],"wp:attachment":[{"href":"https:\/\/www.remingtonlatam.com\/mx\/wp-json\/wp\/v2\/media?parent=8007"}],"wp:term":[{"taxonomy":"product_brand","embeddable":true,"href":"https:\/\/www.remingtonlatam.com\/mx\/wp-json\/wp\/v2\/product_brand?post=8007"},{"taxonomy":"product_cat","embeddable":true,"href":"https:\/\/www.remingtonlatam.com\/mx\/wp-json\/wp\/v2\/product_cat?post=8007"},{"taxonomy":"product_tag","embeddable":true,"href":"https:\/\/www.remingtonlatam.com\/mx\/wp-json\/wp\/v2\/product_tag?post=8007"}],"curies":[{"name":"wp","href":"https:\/\/api.w.org\/{rel}","templated":true}]}}