{"id":8005,"date":"2024-11-04T20:40:51","date_gmt":"2024-11-04T20:40:51","guid":{"rendered":"https:\/\/www.remingtonlatam.com\/mx\/?post_type=product&#038;p=8005"},"modified":"2026-03-27T15:35:15","modified_gmt":"2026-03-27T15:35:15","slug":"secador-remington-ocean-silk","status":"publish","type":"product","link":"https:\/\/www.remingtonlatam.com\/mx\/producto\/mujer\/cuidado-del-cabello\/secadores\/secador-remington-ocean-silk\/","title":{"rendered":"Secador Remington Ocean Silk"},"content":{"rendered":"","protected":false},"excerpt":{"rendered":"<p>Consigue resultados r\u00e1pidos y sedosos con el <b>secador Ocean Silk<\/b> de Remington. Su cer\u00e1mica avanzada con titanio y prote\u00ednas de seda real protegen el cabello, brindan resultados r\u00e1pidos y dejan el cabello suave. Descubre la sedosidad con Ocean Silk.<\/p>\n","protected":false},"featured_media":2626,"comment_status":"open","ping_status":"closed","template":"","meta":{"_acf_changed":false},"product_brand":[],"product_cat":[48,46,51],"product_tag":[],"class_list":{"0":"post-8005","1":"product","2":"type-product","3":"status-publish","4":"has-post-thumbnail","6":"collections-ocean_silk","7":"characteristics-cabello-maltratado","8":"characteristics-ceramica","9":"characteristics-estilo-de-peinado","10":"characteristics-mujer","11":"characteristics-soluciones-para","12":"characteristics-tecnologia","13":"characteristics-volumen-renovado","14":"product_cat-cuidado-del-cabello","15":"product_cat-mujer","16":"product_cat-secadores","18":"first","19":"instock","20":"shipping-taxable","21":"product-type-simple"},"acf":[],"_links":{"self":[{"href":"https:\/\/www.remingtonlatam.com\/mx\/wp-json\/wp\/v2\/product\/8005","targetHints":{"allow":["GET"]}}],"collection":[{"href":"https:\/\/www.remingtonlatam.com\/mx\/wp-json\/wp\/v2\/product"}],"about":[{"href":"https:\/\/www.remingtonlatam.com\/mx\/wp-json\/wp\/v2\/types\/product"}],"replies":[{"embeddable":true,"href":"https:\/\/www.remingtonlatam.com\/mx\/wp-json\/wp\/v2\/comments?post=8005"}],"wp:featuredmedia":[{"embeddable":true,"href":"https:\/\/www.remingtonlatam.com\/mx\/wp-json\/wp\/v2\/media\/2626"}],"wp:attachment":[{"href":"https:\/\/www.remingtonlatam.com\/mx\/wp-json\/wp\/v2\/media?parent=8005"}],"wp:term":[{"taxonomy":"product_brand","embeddable":true,"href":"https:\/\/www.remingtonlatam.com\/mx\/wp-json\/wp\/v2\/product_brand?post=8005"},{"taxonomy":"product_cat","embeddable":true,"href":"https:\/\/www.remingtonlatam.com\/mx\/wp-json\/wp\/v2\/product_cat?post=8005"},{"taxonomy":"product_tag","embeddable":true,"href":"https:\/\/www.remingtonlatam.com\/mx\/wp-json\/wp\/v2\/product_tag?post=8005"}],"curies":[{"name":"wp","href":"https:\/\/api.w.org\/{rel}","templated":true}]}}