{"id":3405,"date":"2019-12-12T16:07:17","date_gmt":"2019-12-12T16:07:17","guid":{"rendered":"http:\/\/remingtonla-stage.us-east-1.elasticbeanstalk.com\/mx\/producto\/plancha-alisadora-remington-titanio-sapphire-pro\/"},"modified":"2024-10-02T15:01:37","modified_gmt":"2024-10-02T15:01:37","slug":"plancha-alisadora-remington-titanio-sapphire-pro","status":"publish","type":"product","link":"https:\/\/www.remingtonlatam.com\/mx\/producto\/mujer\/cuidado-del-cabello\/planchas-alisadoras\/plancha-alisadora-remington-titanio-sapphire-pro\/","title":{"rendered":"Plancha Alisadora Remington Titanio, Sapphire Pro"},"content":{"rendered":"","protected":false},"excerpt":{"rendered":"<p>La <b>plancha para cabello Titanium Sapphire Pro<\/b> de Remington, con placas de titanio y tecnolog\u00eda antiest\u00e1tica, otorga la m\u00e1s alta temperatura para dejar el cabello suave y libre de est\u00e1tica.<\/p>\n","protected":false},"featured_media":3408,"comment_status":"open","ping_status":"closed","template":"","meta":{"_acf_changed":false},"product_brand":[],"product_cat":[48,46,152],"product_tag":[],"class_list":{"0":"post-3405","1":"product","2":"type-product","3":"status-publish","4":"has-post-thumbnail","6":"characteristics-cabello-con-frizz","7":"characteristics-cabello-maltratado","8":"characteristics-ceramica","9":"characteristics-liso-perfecto","10":"characteristics-titanio","11":"product_cat-cuidado-del-cabello","12":"product_cat-mujer","13":"product_cat-planchas-alisadoras","15":"first","16":"instock","17":"featured","18":"shipping-taxable","19":"product-type-simple"},"acf":[],"_links":{"self":[{"href":"https:\/\/www.remingtonlatam.com\/mx\/wp-json\/wp\/v2\/product\/3405","targetHints":{"allow":["GET"]}}],"collection":[{"href":"https:\/\/www.remingtonlatam.com\/mx\/wp-json\/wp\/v2\/product"}],"about":[{"href":"https:\/\/www.remingtonlatam.com\/mx\/wp-json\/wp\/v2\/types\/product"}],"replies":[{"embeddable":true,"href":"https:\/\/www.remingtonlatam.com\/mx\/wp-json\/wp\/v2\/comments?post=3405"}],"wp:featuredmedia":[{"embeddable":true,"href":"https:\/\/www.remingtonlatam.com\/mx\/wp-json\/wp\/v2\/media\/3408"}],"wp:attachment":[{"href":"https:\/\/www.remingtonlatam.com\/mx\/wp-json\/wp\/v2\/media?parent=3405"}],"wp:term":[{"taxonomy":"product_brand","embeddable":true,"href":"https:\/\/www.remingtonlatam.com\/mx\/wp-json\/wp\/v2\/product_brand?post=3405"},{"taxonomy":"product_cat","embeddable":true,"href":"https:\/\/www.remingtonlatam.com\/mx\/wp-json\/wp\/v2\/product_cat?post=3405"},{"taxonomy":"product_tag","embeddable":true,"href":"https:\/\/www.remingtonlatam.com\/mx\/wp-json\/wp\/v2\/product_tag?post=3405"}],"curies":[{"name":"wp","href":"https:\/\/api.w.org\/{rel}","templated":true}]}}