{"id":3096,"date":"2019-12-12T16:01:26","date_gmt":"2019-12-12T16:01:26","guid":{"rendered":"http:\/\/remingtonla-stage.us-east-1.elasticbeanstalk.com\/mx\/producto\/afeitadora-rotativa-remington\/"},"modified":"2024-10-02T15:11:17","modified_gmt":"2024-10-02T15:11:17","slug":"afeitadora-rotativa-remington","status":"publish","type":"product","link":"https:\/\/www.remingtonlatam.com\/mx\/producto\/hombre\/afeitadoras-hombre\/afeitadoras-rotativas\/afeitadora-rotativa-remington\/","title":{"rendered":"Afeitadora Rotativa Remington"},"content":{"rendered":"","protected":false},"excerpt":{"rendered":"<p>Esta <b>afeitadora<\/b> rotativa de Remington cuenta con un cabezal de triple acci\u00f3n, con la que eliminar esa barba de media tarde te resultar\u00e1 una tarea r\u00e1pida y agradable.<\/p>\n","protected":false},"featured_media":3098,"comment_status":"open","ping_status":"closed","template":"","meta":{"_acf_changed":false},"product_brand":[],"product_cat":[59,62,58],"product_tag":[],"class_list":{"0":"post-3096","1":"product","2":"type-product","3":"status-publish","4":"has-post-thumbnail","6":"characteristics-con-cable","7":"characteristics-rostro","8":"product_cat-afeitadoras-hombre","9":"product_cat-afeitadoras-rotativas","10":"product_cat-hombre","12":"first","13":"instock","14":"shipping-taxable","15":"product-type-simple"},"acf":[],"_links":{"self":[{"href":"https:\/\/www.remingtonlatam.com\/mx\/wp-json\/wp\/v2\/product\/3096","targetHints":{"allow":["GET"]}}],"collection":[{"href":"https:\/\/www.remingtonlatam.com\/mx\/wp-json\/wp\/v2\/product"}],"about":[{"href":"https:\/\/www.remingtonlatam.com\/mx\/wp-json\/wp\/v2\/types\/product"}],"replies":[{"embeddable":true,"href":"https:\/\/www.remingtonlatam.com\/mx\/wp-json\/wp\/v2\/comments?post=3096"}],"wp:featuredmedia":[{"embeddable":true,"href":"https:\/\/www.remingtonlatam.com\/mx\/wp-json\/wp\/v2\/media\/3098"}],"wp:attachment":[{"href":"https:\/\/www.remingtonlatam.com\/mx\/wp-json\/wp\/v2\/media?parent=3096"}],"wp:term":[{"taxonomy":"product_brand","embeddable":true,"href":"https:\/\/www.remingtonlatam.com\/mx\/wp-json\/wp\/v2\/product_brand?post=3096"},{"taxonomy":"product_cat","embeddable":true,"href":"https:\/\/www.remingtonlatam.com\/mx\/wp-json\/wp\/v2\/product_cat?post=3096"},{"taxonomy":"product_tag","embeddable":true,"href":"https:\/\/www.remingtonlatam.com\/mx\/wp-json\/wp\/v2\/product_tag?post=3096"}],"curies":[{"name":"wp","href":"https:\/\/api.w.org\/{rel}","templated":true}]}}