{"id":3013,"date":"2019-12-12T16:00:01","date_gmt":"2019-12-12T16:00:01","guid":{"rendered":"http:\/\/remingtonla-stage.us-east-1.elasticbeanstalk.com\/mx\/producto\/cortadora-personal-remington-todo-en-1\/"},"modified":"2024-12-20T13:48:29","modified_gmt":"2024-12-20T13:48:29","slug":"cortadora-personal-remington-todo-en-1","status":"publish","type":"product","link":"https:\/\/www.remingtonlatam.com\/mx\/producto\/hombre\/cuidado-masculino\/kits-todo-en-1\/cortadora-personal-remington-todo-en-1\/","title":{"rendered":"Cortadora Personal Remington Todo En 1"},"content":{"rendered":"","protected":false},"excerpt":{"rendered":"<p>El kit multifunci\u00f3n de Remington es una herramienta vers\u00e1til con la que conseguir\u00e1s excelentes resultados cada vez que quieras mantener el pelo a raya. Este <b>juego de peluqueria<\/b> cuenta accesorios te permitir\u00e1n recortar, detallar o afeitar todo el vello no deseado, lo que convierte a este cortador en el compa\u00f1ero ideal.<\/p>\n","protected":false},"featured_media":3018,"comment_status":"open","ping_status":"closed","template":"","meta":{"_acf_changed":false},"product_brand":[],"product_cat":[60,58,65],"product_tag":[],"class_list":{"0":"post-3013","1":"product","2":"type-product","3":"status-publish","4":"has-post-thumbnail","6":"characteristics-100-a-prueba-de-agua","7":"characteristics-cuchillas-de-acero-autoafilables","8":"characteristics-cuchillas-de-acero-quirurgico","9":"characteristics-kit-todo-en-uno","10":"characteristics-recargable","11":"product_cat-cuidado-masculino","12":"product_cat-hombre","13":"product_cat-kits-todo-en-1","15":"first","16":"instock","17":"shipping-taxable","18":"product-type-simple"},"acf":[],"_links":{"self":[{"href":"https:\/\/www.remingtonlatam.com\/mx\/wp-json\/wp\/v2\/product\/3013","targetHints":{"allow":["GET"]}}],"collection":[{"href":"https:\/\/www.remingtonlatam.com\/mx\/wp-json\/wp\/v2\/product"}],"about":[{"href":"https:\/\/www.remingtonlatam.com\/mx\/wp-json\/wp\/v2\/types\/product"}],"replies":[{"embeddable":true,"href":"https:\/\/www.remingtonlatam.com\/mx\/wp-json\/wp\/v2\/comments?post=3013"}],"wp:featuredmedia":[{"embeddable":true,"href":"https:\/\/www.remingtonlatam.com\/mx\/wp-json\/wp\/v2\/media\/3018"}],"wp:attachment":[{"href":"https:\/\/www.remingtonlatam.com\/mx\/wp-json\/wp\/v2\/media?parent=3013"}],"wp:term":[{"taxonomy":"product_brand","embeddable":true,"href":"https:\/\/www.remingtonlatam.com\/mx\/wp-json\/wp\/v2\/product_brand?post=3013"},{"taxonomy":"product_cat","embeddable":true,"href":"https:\/\/www.remingtonlatam.com\/mx\/wp-json\/wp\/v2\/product_cat?post=3013"},{"taxonomy":"product_tag","embeddable":true,"href":"https:\/\/www.remingtonlatam.com\/mx\/wp-json\/wp\/v2\/product_tag?post=3013"}],"curies":[{"name":"wp","href":"https:\/\/api.w.org\/{rel}","templated":true}]}}