{"id":2728,"date":"2019-12-12T15:54:23","date_gmt":"2019-12-12T15:54:23","guid":{"rendered":"http:\/\/remingtonla-stage.us-east-1.elasticbeanstalk.com\/mx\/producto\/secador-remington-air3d\/"},"modified":"2024-10-02T15:22:47","modified_gmt":"2024-10-02T15:22:47","slug":"secador-remington-air3d","status":"publish","type":"product","link":"https:\/\/www.remingtonlatam.com\/mx\/producto\/mujer\/cuidado-del-cabello\/secadores\/secador-remington-air3d\/","title":{"rendered":"Secador Remington Air3D"},"content":{"rendered":"","protected":false},"excerpt":{"rendered":"<p>\u00danete a la revoluci\u00f3n del cabello con nuestro <b>secador AIR 3D<\/b> de pr\u00f3xima generaci\u00f3n, dise\u00f1ado para que consigas resultados espectaculares sin preocuparte de los da\u00f1os ocasionados por el calor. El <b>secador<\/b> cuenta con una nueva estructura para secar el cabello ya que el motor se encuentra en el mango.<\/p>\n","protected":false},"featured_media":2730,"comment_status":"open","ping_status":"closed","template":"","meta":{"_acf_changed":false},"product_brand":[],"product_cat":[48,46,51],"product_tag":[],"class_list":{"0":"post-2728","1":"product","2":"type-product","3":"status-publish","4":"has-post-thumbnail","6":"characteristics-cabello-con-frizz","7":"characteristics-cabello-maltratado","8":"characteristics-ceramica","9":"characteristics-iones","10":"characteristics-turmalina","11":"characteristics-volumen-renovado","12":"product_cat-cuidado-del-cabello","13":"product_cat-mujer","14":"product_cat-secadores","16":"first","17":"instock","18":"shipping-taxable","19":"product-type-simple"},"acf":[],"_links":{"self":[{"href":"https:\/\/www.remingtonlatam.com\/mx\/wp-json\/wp\/v2\/product\/2728","targetHints":{"allow":["GET"]}}],"collection":[{"href":"https:\/\/www.remingtonlatam.com\/mx\/wp-json\/wp\/v2\/product"}],"about":[{"href":"https:\/\/www.remingtonlatam.com\/mx\/wp-json\/wp\/v2\/types\/product"}],"replies":[{"embeddable":true,"href":"https:\/\/www.remingtonlatam.com\/mx\/wp-json\/wp\/v2\/comments?post=2728"}],"wp:featuredmedia":[{"embeddable":true,"href":"https:\/\/www.remingtonlatam.com\/mx\/wp-json\/wp\/v2\/media\/2730"}],"wp:attachment":[{"href":"https:\/\/www.remingtonlatam.com\/mx\/wp-json\/wp\/v2\/media?parent=2728"}],"wp:term":[{"taxonomy":"product_brand","embeddable":true,"href":"https:\/\/www.remingtonlatam.com\/mx\/wp-json\/wp\/v2\/product_brand?post=2728"},{"taxonomy":"product_cat","embeddable":true,"href":"https:\/\/www.remingtonlatam.com\/mx\/wp-json\/wp\/v2\/product_cat?post=2728"},{"taxonomy":"product_tag","embeddable":true,"href":"https:\/\/www.remingtonlatam.com\/mx\/wp-json\/wp\/v2\/product_tag?post=2728"}],"curies":[{"name":"wp","href":"https:\/\/api.w.org\/{rel}","templated":true}]}}