{"id":7847,"date":"2025-09-30T19:44:22","date_gmt":"2025-09-30T19:44:22","guid":{"rendered":"https:\/\/www.remingtonlatam.com\/hn\/?post_type=product&#038;p=7847"},"modified":"2025-09-30T19:44:22","modified_gmt":"2025-09-30T19:44:22","slug":"secador-digital-remington-airvive","status":"publish","type":"product","link":"https:\/\/www.remingtonlatam.com\/hn\/producto\/mujer\/cuidado-del-cabello\/secadores\/secador-digital-remington-airvive\/","title":{"rendered":"SECADOR DIGITAL REMINGTON\u00ae AIRvive\u2122"},"content":{"rendered":"","protected":false},"excerpt":{"rendered":"<p><span data-sheets-root=\"1\">Ultrarr\u00e1pido y ultrasuave, el Secador Digital REMINGTON\u00ae AIRvive\u2122 cuenta con Tecnolog\u00eda de Aire I\u00f3nico de alta velocidad, microacondicionadores activados por calor con NUEVA f\u00f3rmula anti-frizz y un motor digital avanzado para lograr resultados ultra suaves y protecci\u00f3n contra el frizz durante todo el d\u00eda\u00b9.<\/span><\/p>\n","protected":false},"featured_media":7827,"comment_status":"open","ping_status":"closed","template":"","meta":{"_acf_changed":false},"product_brand":[],"product_cat":[48,46,51],"product_tag":[],"class_list":{"0":"post-7847","1":"product","2":"type-product","3":"status-publish","4":"has-post-thumbnail","6":"collections-airvive","7":"characteristics-aire-ionico","8":"characteristics-cabello-con-frizz","9":"characteristics-estilo-de-peinado","10":"characteristics-microacondicionares","11":"characteristics-mujer","12":"characteristics-ondas-de-playa","13":"characteristics-rizos","14":"characteristics-rizos-definidos","15":"characteristics-soluciones-para","16":"characteristics-tecnologia","17":"product_cat-cuidado-del-cabello","18":"product_cat-mujer","19":"product_cat-secadores","21":"first","22":"instock","23":"shipping-taxable","24":"product-type-simple"},"acf":[],"_links":{"self":[{"href":"https:\/\/www.remingtonlatam.com\/hn\/wp-json\/wp\/v2\/product\/7847","targetHints":{"allow":["GET"]}}],"collection":[{"href":"https:\/\/www.remingtonlatam.com\/hn\/wp-json\/wp\/v2\/product"}],"about":[{"href":"https:\/\/www.remingtonlatam.com\/hn\/wp-json\/wp\/v2\/types\/product"}],"replies":[{"embeddable":true,"href":"https:\/\/www.remingtonlatam.com\/hn\/wp-json\/wp\/v2\/comments?post=7847"}],"wp:featuredmedia":[{"embeddable":true,"href":"https:\/\/www.remingtonlatam.com\/hn\/wp-json\/wp\/v2\/media\/7827"}],"wp:attachment":[{"href":"https:\/\/www.remingtonlatam.com\/hn\/wp-json\/wp\/v2\/media?parent=7847"}],"wp:term":[{"taxonomy":"product_brand","embeddable":true,"href":"https:\/\/www.remingtonlatam.com\/hn\/wp-json\/wp\/v2\/product_brand?post=7847"},{"taxonomy":"product_cat","embeddable":true,"href":"https:\/\/www.remingtonlatam.com\/hn\/wp-json\/wp\/v2\/product_cat?post=7847"},{"taxonomy":"product_tag","embeddable":true,"href":"https:\/\/www.remingtonlatam.com\/hn\/wp-json\/wp\/v2\/product_tag?post=7847"}],"curies":[{"name":"wp","href":"https:\/\/api.w.org\/{rel}","templated":true}]}}