{"id":7702,"date":"2025-04-01T18:34:29","date_gmt":"2025-04-01T18:34:29","guid":{"rendered":"https:\/\/www.remingtonlatam.com\/hn\/?post_type=product&#038;p=7702"},"modified":"2025-04-01T18:35:55","modified_gmt":"2025-04-01T18:35:55","slug":"rizador-remington-pro-ceramic-38-mm","status":"publish","type":"product","link":"https:\/\/www.remingtonlatam.com\/hn\/producto\/mujer\/cuidado-del-cabello\/rizadores\/rizador-remington-pro-ceramic-38-mm\/","title":{"rendered":"Rizador Remington Pro Ceramic, 38 mm"},"content":{"rendered":"","protected":false},"excerpt":{"rendered":"<p>Descubre el rizador Pro-Ceramic de Remington! Su barril de cer\u00e1mica Ultra y 38 mm, con 5 veces m\u00e1s cer\u00e1mica*, ofrece una temperatura uniforme para rizos grandes y voluminosos. Con 30 niveles de temperatura hasta 200 \u00b0C, logra resultados r\u00e1pidos, duraderos y hermosos.<\/p>\n","protected":false},"featured_media":7709,"comment_status":"open","ping_status":"closed","template":"","meta":{"_acf_changed":false},"product_brand":[],"product_cat":[48,46,52],"product_tag":[],"class_list":{"0":"post-7702","1":"product","2":"type-product","3":"status-publish","4":"has-post-thumbnail","6":"characteristics-cabello-con-frizz","7":"characteristics-ceramica","8":"characteristics-estilo-de-peinado","9":"characteristics-mujer","10":"characteristics-ondas-de-playa","11":"characteristics-soluciones-para","12":"characteristics-tecnologia","13":"product_cat-cuidado-del-cabello","14":"product_cat-mujer","15":"product_cat-rizadores","17":"first","18":"instock","19":"shipping-taxable","20":"product-type-simple"},"acf":[],"_links":{"self":[{"href":"https:\/\/www.remingtonlatam.com\/hn\/wp-json\/wp\/v2\/product\/7702","targetHints":{"allow":["GET"]}}],"collection":[{"href":"https:\/\/www.remingtonlatam.com\/hn\/wp-json\/wp\/v2\/product"}],"about":[{"href":"https:\/\/www.remingtonlatam.com\/hn\/wp-json\/wp\/v2\/types\/product"}],"replies":[{"embeddable":true,"href":"https:\/\/www.remingtonlatam.com\/hn\/wp-json\/wp\/v2\/comments?post=7702"}],"wp:featuredmedia":[{"embeddable":true,"href":"https:\/\/www.remingtonlatam.com\/hn\/wp-json\/wp\/v2\/media\/7709"}],"wp:attachment":[{"href":"https:\/\/www.remingtonlatam.com\/hn\/wp-json\/wp\/v2\/media?parent=7702"}],"wp:term":[{"taxonomy":"product_brand","embeddable":true,"href":"https:\/\/www.remingtonlatam.com\/hn\/wp-json\/wp\/v2\/product_brand?post=7702"},{"taxonomy":"product_cat","embeddable":true,"href":"https:\/\/www.remingtonlatam.com\/hn\/wp-json\/wp\/v2\/product_cat?post=7702"},{"taxonomy":"product_tag","embeddable":true,"href":"https:\/\/www.remingtonlatam.com\/hn\/wp-json\/wp\/v2\/product_tag?post=7702"}],"curies":[{"name":"wp","href":"https:\/\/api.w.org\/{rel}","templated":true}]}}