{"id":7597,"date":"2024-12-10T16:52:29","date_gmt":"2024-12-10T16:52:29","guid":{"rendered":"https:\/\/www.remingtonlatam.com\/hn\/?post_type=product&#038;p=7597"},"modified":"2024-12-19T17:55:21","modified_gmt":"2024-12-19T17:55:21","slug":"combo-sapphire-luxe-infinitas-posibilidades-en-un-estuche","status":"publish","type":"product","link":"https:\/\/www.remingtonlatam.com\/hn\/producto\/uncategorized\/combo-sapphire-luxe-infinitas-posibilidades-en-un-estuche\/","title":{"rendered":"COMBO SAPPHIRE LUXE: INFINITAS POSIBILIDADES EN UN ESTUCHE"},"content":{"rendered":"","protected":false},"excerpt":{"rendered":"<p>\u00a1D\u00e9jate sorprender por el incre\u00edble\u00a0combo Sapphire Luxe! Combinando tecnolog\u00eda de vanguardia y elegancia, este combo de plancha alisadora y secador te brindar\u00e1 resultados espectaculares. Gracias a su innovador recubrimiento cer\u00e1mico con infusi\u00f3n de zafiros reales, tu cabello lucir\u00e1 m\u00e1s suave, brillante y libre de frizz. Adem\u00e1s, incluye un pr\u00e1ctico estuche que te permitir\u00e1 llevarlo contigo a donde vayas, \u00a1para que siempre luzcas impecable!<\/p>\n","protected":false},"featured_media":7615,"comment_status":"open","ping_status":"closed","template":"","meta":{"_acf_changed":false},"product_brand":[],"product_cat":[15],"product_tag":[],"class_list":{"0":"post-7597","1":"product","2":"type-product","3":"status-publish","4":"has-post-thumbnail","6":"collections-sapphire-luxe","7":"product_cat-uncategorized","9":"first","10":"instock","11":"shipping-taxable","12":"product-type-simple"},"acf":[],"_links":{"self":[{"href":"https:\/\/www.remingtonlatam.com\/hn\/wp-json\/wp\/v2\/product\/7597","targetHints":{"allow":["GET"]}}],"collection":[{"href":"https:\/\/www.remingtonlatam.com\/hn\/wp-json\/wp\/v2\/product"}],"about":[{"href":"https:\/\/www.remingtonlatam.com\/hn\/wp-json\/wp\/v2\/types\/product"}],"replies":[{"embeddable":true,"href":"https:\/\/www.remingtonlatam.com\/hn\/wp-json\/wp\/v2\/comments?post=7597"}],"wp:featuredmedia":[{"embeddable":true,"href":"https:\/\/www.remingtonlatam.com\/hn\/wp-json\/wp\/v2\/media\/7615"}],"wp:attachment":[{"href":"https:\/\/www.remingtonlatam.com\/hn\/wp-json\/wp\/v2\/media?parent=7597"}],"wp:term":[{"taxonomy":"product_brand","embeddable":true,"href":"https:\/\/www.remingtonlatam.com\/hn\/wp-json\/wp\/v2\/product_brand?post=7597"},{"taxonomy":"product_cat","embeddable":true,"href":"https:\/\/www.remingtonlatam.com\/hn\/wp-json\/wp\/v2\/product_cat?post=7597"},{"taxonomy":"product_tag","embeddable":true,"href":"https:\/\/www.remingtonlatam.com\/hn\/wp-json\/wp\/v2\/product_tag?post=7597"}],"curies":[{"name":"wp","href":"https:\/\/api.w.org\/{rel}","templated":true}]}}