{"id":7526,"date":"2024-09-04T13:28:19","date_gmt":"2024-09-04T13:28:19","guid":{"rendered":"https:\/\/www.remingtonlatam.com\/hn\/?post_type=product&#038;p=7526"},"modified":"2025-11-04T17:54:41","modified_gmt":"2025-11-04T17:54:41","slug":"cepillo-de-aire-y-multiestilizador-remington-sapphire-luxe","status":"publish","type":"product","link":"https:\/\/www.remingtonlatam.com\/hn\/producto\/mujer\/cuidado-del-cabello\/cepillos\/cepillo-de-aire-y-multiestilizador-remington-sapphire-luxe\/","title":{"rendered":"Cepillo de aire y multiestilizador Remington Sapphire Luxe"},"content":{"rendered":"","protected":false},"excerpt":{"rendered":"<p>Con su sofisticada combinaci\u00f3n de colores azul marino y detalles en champ\u00e1n, el cepillo de aire y multiestilizador Remington Sapphire Luxe es una declaraci\u00f3n de estilo. Posee tres accesorios para preparar, secar y estilizar tu cabello que te permiten crear peinados con facilidad, mientras que el revestimiento cer\u00e1mico avanzado infundido con zafiros reales garantiza un resultado suave y brillante.<\/p>\n","protected":false},"featured_media":7530,"comment_status":"open","ping_status":"closed","template":"","meta":{"_acf_changed":false},"product_brand":[],"product_cat":[53,48,307,46],"product_tag":[],"class_list":{"0":"post-7526","1":"product","2":"type-product","3":"status-publish","4":"has-post-thumbnail","6":"characteristics-cabello-con-frizz","7":"characteristics-estilo-de-peinado","8":"characteristics-mujer","9":"characteristics-volumen-renovado","10":"product_cat-cepillos","11":"product_cat-cuidado-del-cabello","12":"product_cat-estilizadores","13":"product_cat-mujer","15":"first","16":"instock","17":"shipping-taxable","18":"product-type-simple"},"acf":[],"_links":{"self":[{"href":"https:\/\/www.remingtonlatam.com\/hn\/wp-json\/wp\/v2\/product\/7526","targetHints":{"allow":["GET"]}}],"collection":[{"href":"https:\/\/www.remingtonlatam.com\/hn\/wp-json\/wp\/v2\/product"}],"about":[{"href":"https:\/\/www.remingtonlatam.com\/hn\/wp-json\/wp\/v2\/types\/product"}],"replies":[{"embeddable":true,"href":"https:\/\/www.remingtonlatam.com\/hn\/wp-json\/wp\/v2\/comments?post=7526"}],"wp:featuredmedia":[{"embeddable":true,"href":"https:\/\/www.remingtonlatam.com\/hn\/wp-json\/wp\/v2\/media\/7530"}],"wp:attachment":[{"href":"https:\/\/www.remingtonlatam.com\/hn\/wp-json\/wp\/v2\/media?parent=7526"}],"wp:term":[{"taxonomy":"product_brand","embeddable":true,"href":"https:\/\/www.remingtonlatam.com\/hn\/wp-json\/wp\/v2\/product_brand?post=7526"},{"taxonomy":"product_cat","embeddable":true,"href":"https:\/\/www.remingtonlatam.com\/hn\/wp-json\/wp\/v2\/product_cat?post=7526"},{"taxonomy":"product_tag","embeddable":true,"href":"https:\/\/www.remingtonlatam.com\/hn\/wp-json\/wp\/v2\/product_tag?post=7526"}],"curies":[{"name":"wp","href":"https:\/\/api.w.org\/{rel}","templated":true}]}}