{"id":7496,"date":"2024-08-23T16:08:38","date_gmt":"2024-08-23T16:08:38","guid":{"rendered":"https:\/\/www.remingtonlatam.com\/hn\/?post_type=product&#038;p=7496"},"modified":"2024-09-20T17:27:10","modified_gmt":"2024-09-20T17:27:10","slug":"plancha-alisadora-remington-sapphire-luxe","status":"publish","type":"product","link":"https:\/\/www.remingtonlatam.com\/hn\/producto\/mujer\/cuidado-del-cabello\/planchas-alisadoras\/plancha-alisadora-remington-sapphire-luxe\/","title":{"rendered":"Plancha Alisadora Remington Sapphire Luxe"},"content":{"rendered":"","protected":false},"excerpt":{"rendered":"<p>La plancha alisadora Remington Sapphire Luxe es una declaraci\u00f3n de estilo en m\u00e1s de un sentido. La combinaci\u00f3n de colores azul marino y champa\u00f1a se ve armoniosa, mientras que las placas con recubrimiento cer\u00e1mico avanzado infundido con zafiros reales te brindan resultados 2 veces m\u00e1s suaves*.<\/p>\n<p>&nbsp;<\/p>\n<p>*vs. recubrimiento cer\u00e1mico est\u00e1ndar de Remington<\/p>\n","protected":false},"featured_media":7500,"comment_status":"open","ping_status":"closed","template":"","meta":{"_acf_changed":false},"product_brand":[],"product_cat":[48,46,152],"product_tag":[],"class_list":{"0":"post-7496","1":"product","2":"type-product","3":"status-publish","4":"has-post-thumbnail","6":"characteristics-cabello-con-frizz","7":"characteristics-cabello-sin-brillo","8":"characteristics-ceramica","9":"characteristics-estilo-de-peinado","10":"characteristics-liso-perfecto","11":"characteristics-ondas-de-playa","12":"product_cat-cuidado-del-cabello","13":"product_cat-mujer","14":"product_cat-planchas-alisadoras","16":"first","17":"instock","18":"shipping-taxable","19":"product-type-simple"},"acf":[],"_links":{"self":[{"href":"https:\/\/www.remingtonlatam.com\/hn\/wp-json\/wp\/v2\/product\/7496","targetHints":{"allow":["GET"]}}],"collection":[{"href":"https:\/\/www.remingtonlatam.com\/hn\/wp-json\/wp\/v2\/product"}],"about":[{"href":"https:\/\/www.remingtonlatam.com\/hn\/wp-json\/wp\/v2\/types\/product"}],"replies":[{"embeddable":true,"href":"https:\/\/www.remingtonlatam.com\/hn\/wp-json\/wp\/v2\/comments?post=7496"}],"wp:featuredmedia":[{"embeddable":true,"href":"https:\/\/www.remingtonlatam.com\/hn\/wp-json\/wp\/v2\/media\/7500"}],"wp:attachment":[{"href":"https:\/\/www.remingtonlatam.com\/hn\/wp-json\/wp\/v2\/media?parent=7496"}],"wp:term":[{"taxonomy":"product_brand","embeddable":true,"href":"https:\/\/www.remingtonlatam.com\/hn\/wp-json\/wp\/v2\/product_brand?post=7496"},{"taxonomy":"product_cat","embeddable":true,"href":"https:\/\/www.remingtonlatam.com\/hn\/wp-json\/wp\/v2\/product_cat?post=7496"},{"taxonomy":"product_tag","embeddable":true,"href":"https:\/\/www.remingtonlatam.com\/hn\/wp-json\/wp\/v2\/product_tag?post=7496"}],"curies":[{"name":"wp","href":"https:\/\/api.w.org\/{rel}","templated":true}]}}