{"id":7327,"date":"2023-11-14T14:02:15","date_gmt":"2023-11-14T14:02:15","guid":{"rendered":"https:\/\/www.remingtonlatam.com\/hn\/?post_type=product&#038;p=7327"},"modified":"2023-11-14T14:56:32","modified_gmt":"2023-11-14T14:56:32","slug":"secador-remington-collagen-and-biotin-therapy","status":"publish","type":"product","link":"https:\/\/www.remingtonlatam.com\/hn\/producto\/mujer\/cuidado-del-cabello\/secadores\/secador-remington-collagen-and-biotin-therapy\/","title":{"rendered":"Secador Remington Collagen and Biotin Therapy\u2122"},"content":{"rendered":"","protected":false},"excerpt":{"rendered":"<p>Un producto que protege tu cabello mientras lo estilizas. Su tecnolog\u00eda de acondicionamiento i\u00f3nico de turmalina, y su rejilla de cer\u00e1mica avanzada recubierta con microacondicionador enriquecido con col\u00e1geno y biotina, protege y ayuda a la salud del cabello. Suavidad, menos frizz y sin residuos grasos.<\/p>\n","protected":false},"featured_media":7331,"comment_status":"open","ping_status":"closed","template":"","meta":{"_acf_changed":false},"product_brand":[],"product_cat":[48,46,51],"product_tag":[],"class_list":{"0":"post-7327","1":"product","2":"type-product","3":"status-publish","4":"has-post-thumbnail","6":"characteristics-estilo-de-peinado","7":"characteristics-mujer","8":"characteristics-soluciones-para","9":"product_cat-cuidado-del-cabello","10":"product_cat-mujer","11":"product_cat-secadores","13":"first","14":"instock","15":"shipping-taxable","16":"product-type-simple"},"acf":[],"_links":{"self":[{"href":"https:\/\/www.remingtonlatam.com\/hn\/wp-json\/wp\/v2\/product\/7327","targetHints":{"allow":["GET"]}}],"collection":[{"href":"https:\/\/www.remingtonlatam.com\/hn\/wp-json\/wp\/v2\/product"}],"about":[{"href":"https:\/\/www.remingtonlatam.com\/hn\/wp-json\/wp\/v2\/types\/product"}],"replies":[{"embeddable":true,"href":"https:\/\/www.remingtonlatam.com\/hn\/wp-json\/wp\/v2\/comments?post=7327"}],"wp:featuredmedia":[{"embeddable":true,"href":"https:\/\/www.remingtonlatam.com\/hn\/wp-json\/wp\/v2\/media\/7331"}],"wp:attachment":[{"href":"https:\/\/www.remingtonlatam.com\/hn\/wp-json\/wp\/v2\/media?parent=7327"}],"wp:term":[{"taxonomy":"product_brand","embeddable":true,"href":"https:\/\/www.remingtonlatam.com\/hn\/wp-json\/wp\/v2\/product_brand?post=7327"},{"taxonomy":"product_cat","embeddable":true,"href":"https:\/\/www.remingtonlatam.com\/hn\/wp-json\/wp\/v2\/product_cat?post=7327"},{"taxonomy":"product_tag","embeddable":true,"href":"https:\/\/www.remingtonlatam.com\/hn\/wp-json\/wp\/v2\/product_tag?post=7327"}],"curies":[{"name":"wp","href":"https:\/\/api.w.org\/{rel}","templated":true}]}}