{"id":7098,"date":"2022-10-03T13:02:01","date_gmt":"2022-10-03T13:02:01","guid":{"rendered":"https:\/\/www.remingtonlatam.com\/hn\/producto\/sin%20categor\u00eda\/plancha-alisadora-remington-wet2straight-4\/"},"modified":"2022-10-03T13:03:54","modified_gmt":"2022-10-03T13:03:54","slug":"plancha-alisadora-remington-wet2straight-4","status":"publish","type":"product","link":"https:\/\/www.remingtonlatam.com\/hn\/producto\/mujer\/cuidado-del-cabello\/planchas-alisadoras\/plancha-alisadora-remington-wet2straight-4\/","title":{"rendered":"Plancha Alisadora Remington Wet2Straight"},"content":{"rendered":"","protected":false},"excerpt":{"rendered":"<p>Seca y Alisa sin maltratar el cabello en 1 solo paso con la Plancha Alisadora Wet2Straight de Remington 5x m\u00e1s r\u00e1pido que secar y alisar por separado* y 3x m\u00e1s protecci\u00f3n* (*vs secado y alisado con productos est\u00e1ndar de Remington seg\u00fan pruebas de laboratorio.) Uso seguro en cabello h\u00famedo con su sistema de ventilaci\u00f3n y sensor inteligente que protege tu cabello del calor Placas de cer\u00e1mica extra anchas con microacondicionadores de resistencia al frizz que retienen la humedad para resultados m\u00e1s suaves y brillantes. Calentamiento r\u00e1pido en 30 segundos y Temperatura m\u00e1xima de 230\u00b0 C<\/p>\n","protected":false},"featured_media":7093,"comment_status":"open","ping_status":"closed","template":"","meta":{"_acf_changed":false},"product_brand":[],"product_cat":[48,46,152],"product_tag":[183,184,185,186,187,188,189,190,191,192,193,194,195,196,197,198,199,200,201,202,203,204,205,206,207,208,209,210,211,212,213,214,215,216,217,218,219,220,221,222,223,224,225,226,227,228,229,230,231,232,233,234,235,236,237,238,239,240,241,242,243,244,245,246,247,248,249,250,251,252,253,254,255,256,257,258,259,260,261,262,263,264,265,266,267,268,269,270,271,272,273,274,275,276,277],"class_list":{"0":"post-7098","1":"product","2":"type-product","3":"status-publish","4":"has-post-thumbnail","6":"product_cat-cuidado-del-cabello","7":"product_cat-mujer","8":"product_cat-planchas-alisadoras","9":"product_tag-al-mismo-tiempo","10":"product_tag-alaciado","11":"product_tag-alaciadora","12":"product_tag-alaciadora-para-cabello-mojado","13":"product_tag-alaciar-cabello-mojado","14":"product_tag-alisa-cabello-humedo","15":"product_tag-alisa-cabello-mojado","16":"product_tag-alisado-de-cabello","17":"product_tag-alisador-cabello","18":"product_tag-alisador-de-cabello","19":"product_tag-alisador-de-pelo","20":"product_tag-alisador-electrico","21":"product_tag-alisadora-de-cabello","22":"product_tag-alisadora-de-pelo","23":"product_tag-alisadores","24":"product_tag-alisadores-de-cabello","25":"product_tag-alisadores-de-pelo","26":"product_tag-alisadores-de-pelo-buenos","27":"product_tag-alisadores-de-pelo-naturales","28":"product_tag-alisadores-naturales-para-el-cabello","29":"product_tag-alisar-cabello-humedo-protegido","30":"product_tag-alisar-cabello-mojado","31":"product_tag-alisar-cabello-sin-dano","32":"product_tag-alisar-el-cabello","33":"product_tag-ancha","34":"product_tag-anchas","35":"product_tag-articulos-de-belleza-en-venta","36":"product_tag-belleza","37":"product_tag-belleza-y-cuidado-personal","38":"product_tag-brillante","39":"product_tag-brillo","40":"product_tag-cabello-humedo","41":"product_tag-cabello-lacio","42":"product_tag-cabello-liso","43":"product_tag-cabello-mojado","44":"product_tag-ceramica","45":"product_tag-como-alisar-el-cabello","46":"product_tag-comprar-articulos-de-belleza-online","47":"product_tag-cuidado-del-cabello","48":"product_tag-cuidado-personal","49":"product_tag-cuidado-personal-hombre","50":"product_tag-cuidado-personal-mujer","51":"product_tag-cuidado-personal-online","52":"product_tag-cuidado-personal-remington","53":"product_tag-extra","54":"product_tag-extra-anchas","55":"product_tag-frizz","56":"product_tag-lacio","57":"product_tag-libre-de-frizz","58":"product_tag-liso","59":"product_tag-personal-care","60":"product_tag-placas","61":"product_tag-placas-anchas","62":"product_tag-placas-de-ceramica","63":"product_tag-placas-extra","64":"product_tag-plancha-alisadora","65":"product_tag-plancha-de-cabello","66":"product_tag-plancha-de-cabello-profesional","67":"product_tag-plancha-de-cabello-remington","68":"product_tag-plancha-de-pelo","69":"product_tag-plancha-de-pelo-en-oferta","70":"product_tag-plancha-de-pelo-nuevas","71":"product_tag-plancha-de-pelo-remington","72":"product_tag-plancha-para-cabello","73":"product_tag-plancha-para-cabello-humedo","74":"product_tag-plancha-para-cabello-mojado","75":"product_tag-plancha-para-pelo","76":"product_tag-plancha-para-pelo-ondas","77":"product_tag-plancha-para-pelo-remington","78":"product_tag-plancha-para-pelo-rizado","79":"product_tag-planchado-de-cabello","80":"product_tag-planchar-cabello-humedo-protegido","81":"product_tag-planchar-cabello-humedo-sin-dano","82":"product_tag-planchas-de-pelo","83":"product_tag-planchita","84":"product_tag-planchita-de-cabello","85":"product_tag-productos-de-belleza","86":"product_tag-productos-de-cuidado-personal-basicos","87":"product_tag-productos-de-cuidado-personal-del-hogar","88":"product_tag-productos-para-cuidado-personal","89":"product_tag-productos-para-el-cabello","90":"product_tag-productos-personales","91":"product_tag-productos-personales-venta-online","92":"product_tag-que-plancha-de-pelo-elegir","93":"product_tag-que-plancha-de-pelo-es-buena","94":"product_tag-que-plancha-de-pelo-es-mejor","95":"product_tag-que-plancha-de-pelo-me-compro","96":"product_tag-remington","97":"product_tag-salud-y-cuidado-personal","98":"product_tag-seca-cabello-mojado","99":"product_tag-seca-y-alisa","100":"product_tag-sedoso","101":"product_tag-sin-frizz","102":"product_tag-suave","103":"product_tag-tiendas-de-productos-de-cuidado-personal","105":"first","106":"instock","107":"shipping-taxable","108":"product-type-simple"},"acf":[],"_links":{"self":[{"href":"https:\/\/www.remingtonlatam.com\/hn\/wp-json\/wp\/v2\/product\/7098","targetHints":{"allow":["GET"]}}],"collection":[{"href":"https:\/\/www.remingtonlatam.com\/hn\/wp-json\/wp\/v2\/product"}],"about":[{"href":"https:\/\/www.remingtonlatam.com\/hn\/wp-json\/wp\/v2\/types\/product"}],"replies":[{"embeddable":true,"href":"https:\/\/www.remingtonlatam.com\/hn\/wp-json\/wp\/v2\/comments?post=7098"}],"wp:featuredmedia":[{"embeddable":true,"href":"https:\/\/www.remingtonlatam.com\/hn\/wp-json\/wp\/v2\/media\/7093"}],"wp:attachment":[{"href":"https:\/\/www.remingtonlatam.com\/hn\/wp-json\/wp\/v2\/media?parent=7098"}],"wp:term":[{"taxonomy":"product_brand","embeddable":true,"href":"https:\/\/www.remingtonlatam.com\/hn\/wp-json\/wp\/v2\/product_brand?post=7098"},{"taxonomy":"product_cat","embeddable":true,"href":"https:\/\/www.remingtonlatam.com\/hn\/wp-json\/wp\/v2\/product_cat?post=7098"},{"taxonomy":"product_tag","embeddable":true,"href":"https:\/\/www.remingtonlatam.com\/hn\/wp-json\/wp\/v2\/product_tag?post=7098"}],"curies":[{"name":"wp","href":"https:\/\/api.w.org\/{rel}","templated":true}]}}