{"id":4768,"date":"2020-05-20T03:23:18","date_gmt":"2020-05-20T03:23:18","guid":{"rendered":"https:\/\/www.remingtonlatam.com\/hn\/producto\/sincategorizar\/plancha-alisadora-remington-smart-sensor-pro\/"},"modified":"2020-06-19T00:06:13","modified_gmt":"2020-06-19T00:06:13","slug":"plancha-alisadora-remington-smart-sensor-pro","status":"publish","type":"product","link":"https:\/\/www.remingtonlatam.com\/hn\/producto\/mujer\/cuidado-del-cabello\/plancha-alisadora-remington-smart-sensor-pro\/","title":{"rendered":"Plancha Alisadora Remington Smart Sensor Pro"},"content":{"rendered":"","protected":false},"excerpt":{"rendered":"<p>\u00a1La tecnolog\u00eda que tu cabello necesita! Tu cabello se mantendr\u00e1 fuerte y saludable a medidas que lo estilizas gracias a la <b>plancha de cabellot<\/b> de Remington y su cer\u00e1mica avanzada con infusi\u00f3n de aceite de almendras. Adem\u00e1s, el sensor inteligente ayudar\u00e1 a mantener tu cabello sano y protegido del calor.  <\/p>\n","protected":false},"featured_media":4771,"comment_status":"open","ping_status":"closed","template":"","meta":{"_acf_changed":false},"product_brand":[],"product_cat":[48,46],"product_tag":[],"class_list":{"0":"post-4768","1":"product","2":"type-product","3":"status-publish","4":"has-post-thumbnail","6":"characteristics-cabello-maltratado","7":"characteristics-cabello-sin-brillo","8":"characteristics-ceramica","9":"characteristics-liso-perfecto","10":"product_cat-cuidado-del-cabello","11":"product_cat-mujer","13":"first","14":"instock","15":"shipping-taxable","16":"product-type-simple"},"acf":[],"_links":{"self":[{"href":"https:\/\/www.remingtonlatam.com\/hn\/wp-json\/wp\/v2\/product\/4768","targetHints":{"allow":["GET"]}}],"collection":[{"href":"https:\/\/www.remingtonlatam.com\/hn\/wp-json\/wp\/v2\/product"}],"about":[{"href":"https:\/\/www.remingtonlatam.com\/hn\/wp-json\/wp\/v2\/types\/product"}],"replies":[{"embeddable":true,"href":"https:\/\/www.remingtonlatam.com\/hn\/wp-json\/wp\/v2\/comments?post=4768"}],"wp:featuredmedia":[{"embeddable":true,"href":"https:\/\/www.remingtonlatam.com\/hn\/wp-json\/wp\/v2\/media\/4771"}],"wp:attachment":[{"href":"https:\/\/www.remingtonlatam.com\/hn\/wp-json\/wp\/v2\/media?parent=4768"}],"wp:term":[{"taxonomy":"product_brand","embeddable":true,"href":"https:\/\/www.remingtonlatam.com\/hn\/wp-json\/wp\/v2\/product_brand?post=4768"},{"taxonomy":"product_cat","embeddable":true,"href":"https:\/\/www.remingtonlatam.com\/hn\/wp-json\/wp\/v2\/product_cat?post=4768"},{"taxonomy":"product_tag","embeddable":true,"href":"https:\/\/www.remingtonlatam.com\/hn\/wp-json\/wp\/v2\/product_tag?post=4768"}],"curies":[{"name":"wp","href":"https:\/\/api.w.org\/{rel}","templated":true}]}}