{"id":403,"date":"2019-10-10T23:20:44","date_gmt":"2019-10-10T23:20:44","guid":{"rendered":"http:\/\/remingtonla-stage.us-east-1.elasticbeanstalk.com\/hn\/?page_id=403"},"modified":"2025-10-16T19:04:07","modified_gmt":"2025-10-16T19:04:07","slug":"manutd","status":"publish","type":"page","link":"https:\/\/www.remingtonlatam.com\/hn\/manutd\/","title":{"rendered":"ManUtd"},"content":{"rendered":"\t\t<div data-elementor-type=\"wp-post\" data-elementor-id=\"403\" class=\"elementor elementor-403\" data-elementor-post-type=\"page\">\n\t\t\t\t\t\t<section class=\"elementor-section elementor-top-section elementor-element elementor-element-be875a0 elementor-section-boxed elementor-section-height-default elementor-section-height-default\" data-id=\"be875a0\" data-element_type=\"section\" data-e-type=\"section\">\n\t\t\t\t\t\t<div class=\"elementor-container elementor-column-gap-default\">\n\t\t\t\t\t<div class=\"elementor-column elementor-col-100 elementor-top-column elementor-element elementor-element-808f803\" data-id=\"808f803\" data-element_type=\"column\" data-e-type=\"column\">\n\t\t\t<div class=\"elementor-widget-wrap elementor-element-populated\">\n\t\t\t\t\t\t<div class=\"elementor-element elementor-element-c7a2a1f elementor-widget elementor-widget-image\" data-id=\"c7a2a1f\" data-element_type=\"widget\" data-e-type=\"widget\" data-widget_type=\"image.default\">\n\t\t\t\t<div class=\"elementor-widget-container\">\n\t\t\t\t\t\t\t\t\t\t\t\t\t\t\t<img fetchpriority=\"high\" decoding=\"async\" width=\"1920\" height=\"616\" src=\"https:\/\/www.remingtonlatam.com\/hn\/wp-content\/uploads\/sites\/25\/2025\/10\/banner_manutd_02.png\" class=\"attachment-full size-full wp-image-7961\" alt=\"\" \/>\t\t\t\t\t\t\t\t\t\t\t\t\t\t\t<\/div>\n\t\t\t\t<\/div>\n\t\t\t\t\t<\/div>\n\t\t<\/div>\n\t\t\t\t\t<\/div>\n\t\t<\/section>\n\t\t\t\t<section class=\"elementor-section elementor-top-section elementor-element elementor-element-3bcc62e elementor-section-boxed elementor-section-height-default elementor-section-height-default\" data-id=\"3bcc62e\" data-element_type=\"section\" data-e-type=\"section\" data-settings=\"{&quot;background_background&quot;:&quot;classic&quot;}\">\n\t\t\t\t\t\t<div class=\"elementor-container elementor-column-gap-default\">\n\t\t\t\t\t<div class=\"elementor-column elementor-col-100 elementor-top-column elementor-element elementor-element-d7c8f8c\" data-id=\"d7c8f8c\" data-element_type=\"column\" data-e-type=\"column\">\n\t\t\t<div class=\"elementor-widget-wrap elementor-element-populated\">\n\t\t\t\t\t\t<div class=\"elementor-element elementor-element-148391f elementor-widget elementor-widget-heading\" data-id=\"148391f\" data-element_type=\"widget\" data-e-type=\"widget\" data-widget_type=\"heading.default\">\n\t\t\t\t<div class=\"elementor-widget-container\">\n\t\t\t\t\t<h2 class=\"elementor-heading-title elementor-size-default\">REMINGTON<sup>\u00ae<\/sup> ES EL PRIMER COLABORADOR OFICIAL DEL\n MANCHESTER UNITED FOOTBALL CLUB<\/h2>\t\t\t\t<\/div>\n\t\t\t\t<\/div>\n\t\t\t\t<div class=\"elementor-element elementor-element-7cef177 elementor-widget elementor-widget-remingtonla-breadcrumb\" data-id=\"7cef177\" data-element_type=\"widget\" data-e-type=\"widget\" data-widget_type=\"remingtonla-breadcrumb.default\">\n\t\t\t\t<div class=\"elementor-widget-container\">\n\t\t\t\t\t<div class=\"storefront-breadcrumb\"><div class=\"col-full\"><nav class=\"woocommerce-breadcrumb\" aria-label=\"migas de pan\">Inicio<\/nav><\/div><\/div>\t\t\t\t<\/div>\n\t\t\t\t<\/div>\n\t\t\t\t\t<\/div>\n\t\t<\/div>\n\t\t\t\t\t<\/div>\n\t\t<\/section>\n\t\t\t\t<section class=\"elementor-section elementor-top-section elementor-element elementor-element-9a8a884 landing elementor-section-boxed elementor-section-height-default elementor-section-height-default\" data-id=\"9a8a884\" data-element_type=\"section\" data-e-type=\"section\">\n\t\t\t\t\t\t<div class=\"elementor-container elementor-column-gap-default\">\n\t\t\t\t\t<div class=\"elementor-column elementor-col-100 elementor-top-column elementor-element elementor-element-85f568a\" data-id=\"85f568a\" data-element_type=\"column\" data-e-type=\"column\">\n\t\t\t<div class=\"elementor-widget-wrap elementor-element-populated\">\n\t\t\t\t\t\t<div class=\"elementor-element elementor-element-9af6d50 elementor-widget elementor-widget-spacer\" data-id=\"9af6d50\" data-element_type=\"widget\" data-e-type=\"widget\" data-widget_type=\"spacer.default\">\n\t\t\t\t<div class=\"elementor-widget-container\">\n\t\t\t\t\t\t\t<div class=\"elementor-spacer\">\n\t\t\t<div class=\"elementor-spacer-inner\"><\/div>\n\t\t<\/div>\n\t\t\t\t\t\t<\/div>\n\t\t\t\t<\/div>\n\t\t\t\t<div class=\"elementor-element elementor-element-c566f9b bodoni-font elementor-widget elementor-widget-heading\" data-id=\"c566f9b\" data-element_type=\"widget\" data-e-type=\"widget\" data-widget_type=\"heading.default\">\n\t\t\t\t<div class=\"elementor-widget-container\">\n\t\t\t\t\t<h3 class=\"elementor-heading-title elementor-size-default\">UNA ALIANZA GANADORA<\/h3>\t\t\t\t<\/div>\n\t\t\t\t<\/div>\n\t\t\t\t<div class=\"elementor-element elementor-element-5104bc1 elementor-widget elementor-widget-heading\" data-id=\"5104bc1\" data-element_type=\"widget\" data-e-type=\"widget\" data-widget_type=\"heading.default\">\n\t\t\t\t<div class=\"elementor-widget-container\">\n\t\t\t\t\t<p class=\"elementor-heading-title elementor-size-default\">Por primera vez en la historia, las estrellas masculinas y femeninas del Manchester United se unen para hablar de f\u00fatbol, \u200b\u200bestilo personal y confianza el d\u00eda del partido.\u00a0Y todo gracias a Remington.<\/p>\t\t\t\t<\/div>\n\t\t\t\t<\/div>\n\t\t\t\t<div class=\"elementor-element elementor-element-7784cfc elementor-widget elementor-widget-spacer\" data-id=\"7784cfc\" data-element_type=\"widget\" data-e-type=\"widget\" data-widget_type=\"spacer.default\">\n\t\t\t\t<div class=\"elementor-widget-container\">\n\t\t\t\t\t\t\t<div class=\"elementor-spacer\">\n\t\t\t<div class=\"elementor-spacer-inner\"><\/div>\n\t\t<\/div>\n\t\t\t\t\t\t<\/div>\n\t\t\t\t<\/div>\n\t\t\t\t<div class=\"elementor-element elementor-element-f7b727a bodoni-font elementor-widget elementor-widget-heading\" data-id=\"f7b727a\" data-element_type=\"widget\" data-e-type=\"widget\" data-widget_type=\"heading.default\">\n\t\t\t\t<div class=\"elementor-widget-container\">\n\t\t\t\t\t<h3 class=\"elementor-heading-title elementor-size-default\">UN LEGADO COMPARTIDO<\/h3>\t\t\t\t<\/div>\n\t\t\t\t<\/div>\n\t\t\t\t<div class=\"elementor-element elementor-element-5e9d1bb elementor-widget elementor-widget-heading\" data-id=\"5e9d1bb\" data-element_type=\"widget\" data-e-type=\"widget\" data-widget_type=\"heading.default\">\n\t\t\t\t<div class=\"elementor-widget-container\">\n\t\t\t\t\t<p class=\"elementor-heading-title elementor-size-default\">Manchester United y Remington,\u00a0el l\u00edder mundial en Cuidado Personal, han anunciado una asociaci\u00f3n de varios a\u00f1os donde Remington se convertir\u00e1 en el primer Colaborador Oficial de Peque\u00f1os Electrodom\u00e9sticos de cuidado personal del Club.<\/p>\t\t\t\t<\/div>\n\t\t\t\t<\/div>\n\t\t\t\t<div class=\"elementor-element elementor-element-84fd985 elementor-widget elementor-widget-spacer\" data-id=\"84fd985\" data-element_type=\"widget\" data-e-type=\"widget\" data-widget_type=\"spacer.default\">\n\t\t\t\t<div class=\"elementor-widget-container\">\n\t\t\t\t\t\t\t<div class=\"elementor-spacer\">\n\t\t\t<div class=\"elementor-spacer-inner\"><\/div>\n\t\t<\/div>\n\t\t\t\t\t\t<\/div>\n\t\t\t\t<\/div>\n\t\t\t\t<section class=\"elementor-section elementor-inner-section elementor-element elementor-element-4e30632 elementor-section-boxed elementor-section-height-default elementor-section-height-default\" data-id=\"4e30632\" data-element_type=\"section\" data-e-type=\"section\">\n\t\t\t\t\t\t<div class=\"elementor-container elementor-column-gap-default\">\n\t\t\t\t\t<div class=\"elementor-column elementor-col-100 elementor-inner-column elementor-element elementor-element-be572ee\" data-id=\"be572ee\" data-element_type=\"column\" data-e-type=\"column\" data-settings=\"{&quot;background_background&quot;:&quot;classic&quot;}\">\n\t\t\t<div class=\"elementor-widget-wrap elementor-element-populated\">\n\t\t\t\t\t\t<div class=\"elementor-element elementor-element-db639a5 elementor-widget elementor-widget-image\" data-id=\"db639a5\" data-element_type=\"widget\" data-e-type=\"widget\" data-widget_type=\"image.default\">\n\t\t\t\t<div class=\"elementor-widget-container\">\n\t\t\t\t\t\t\t\t\t\t\t\t\t\t\t<img decoding=\"async\" width=\"396\" height=\"147\" src=\"https:\/\/www.remingtonlatam.com\/hn\/wp-content\/uploads\/sites\/25\/2025\/10\/Remington_manutd.png\" class=\"attachment-full size-full wp-image-7953\" alt=\"\" \/>\t\t\t\t\t\t\t\t\t\t\t\t\t\t\t<\/div>\n\t\t\t\t<\/div>\n\t\t\t\t\t<\/div>\n\t\t<\/div>\n\t\t\t\t\t<\/div>\n\t\t<\/section>\n\t\t\t\t\t<\/div>\n\t\t<\/div>\n\t\t\t\t\t<\/div>\n\t\t<\/section>\n\t\t\t\t<section class=\"elementor-section elementor-top-section elementor-element elementor-element-468be12 landing elementor-section-boxed elementor-section-height-default elementor-section-height-default\" data-id=\"468be12\" data-element_type=\"section\" data-e-type=\"section\" data-settings=\"{&quot;background_background&quot;:&quot;classic&quot;}\">\n\t\t\t\t\t\t<div class=\"elementor-container elementor-column-gap-default\">\n\t\t\t\t\t<div class=\"elementor-column elementor-col-100 elementor-top-column elementor-element elementor-element-55c1c83\" data-id=\"55c1c83\" data-element_type=\"column\" data-e-type=\"column\">\n\t\t\t<div class=\"elementor-widget-wrap elementor-element-populated\">\n\t\t\t\t\t\t<div class=\"elementor-element elementor-element-26a8ee6 elementor-widget elementor-widget-spacer\" data-id=\"26a8ee6\" data-element_type=\"widget\" data-e-type=\"widget\" data-widget_type=\"spacer.default\">\n\t\t\t\t<div class=\"elementor-widget-container\">\n\t\t\t\t\t\t\t<div class=\"elementor-spacer\">\n\t\t\t<div class=\"elementor-spacer-inner\"><\/div>\n\t\t<\/div>\n\t\t\t\t\t\t<\/div>\n\t\t\t\t<\/div>\n\t\t\t\t<section class=\"elementor-section elementor-inner-section elementor-element elementor-element-41a0546 elementor-section-boxed elementor-section-height-default elementor-section-height-default\" data-id=\"41a0546\" data-element_type=\"section\" data-e-type=\"section\">\n\t\t\t\t\t\t<div class=\"elementor-container elementor-column-gap-default\">\n\t\t\t\t\t<div class=\"elementor-column elementor-col-100 elementor-inner-column elementor-element elementor-element-059d20c\" data-id=\"059d20c\" data-element_type=\"column\" data-e-type=\"column\">\n\t\t\t<div class=\"elementor-widget-wrap elementor-element-populated\">\n\t\t\t\t\t\t<div class=\"elementor-element elementor-element-933cffa elementor-widget elementor-widget-heading\" data-id=\"933cffa\" data-element_type=\"widget\" data-e-type=\"widget\" data-widget_type=\"heading.default\">\n\t\t\t\t<div class=\"elementor-widget-container\">\n\t\t\t\t\t<p class=\"elementor-heading-title elementor-size-default\"><b>Middleton, WI (EE. UU.) y Manchester (Reino Unido), 7 de febrero de 2019 \u2013 Spectrum Brands Holdings, Inc. (NYSE: SPB) y Manchester United (NYSE: MANU)<\/b> han hecho un anuncio conjunto sobre la firma de un acuerdo global de colaboraci\u00f3n durante varios a\u00f1os mediante el cual la emblem\u00e1tica marca de productos de cuidado personal Remington<sup>\u00ae<\/sup>, propiedad de Spectrum Brands, se convertir\u00e1 en el primer colaborador oficial del Manchester United Football Club en la categor\u00eda de peque\u00f1os electrodom\u00e9sticos de cuidado personal.<\/p>\t\t\t\t<\/div>\n\t\t\t\t<\/div>\n\t\t\t\t<div class=\"elementor-element elementor-element-a1620c6 elementor-widget elementor-widget-heading\" data-id=\"a1620c6\" data-element_type=\"widget\" data-e-type=\"widget\" data-widget_type=\"heading.default\">\n\t\t\t\t<div class=\"elementor-widget-container\">\n\t\t\t\t\t<p class=\"elementor-heading-title elementor-size-default\">Mediante este acuerdo, que incluye a los equipos masculino y femenino, Remington<sup>\u00ae<\/sup> y el club colaborar\u00e1n para ofrecer campa\u00f1as de marketing de gran impacto dirigidas a los seguidores del Manchester United y de Remington<sup>\u00ae<\/sup>.<\/p>\t\t\t\t<\/div>\n\t\t\t\t<\/div>\n\t\t\t\t\t<\/div>\n\t\t<\/div>\n\t\t\t\t\t<\/div>\n\t\t<\/section>\n\t\t\t\t<div class=\"elementor-element elementor-element-f22c6b8 elementor-widget elementor-widget-spacer\" data-id=\"f22c6b8\" data-element_type=\"widget\" data-e-type=\"widget\" data-widget_type=\"spacer.default\">\n\t\t\t\t<div class=\"elementor-widget-container\">\n\t\t\t\t\t\t\t<div class=\"elementor-spacer\">\n\t\t\t<div class=\"elementor-spacer-inner\"><\/div>\n\t\t<\/div>\n\t\t\t\t\t\t<\/div>\n\t\t\t\t<\/div>\n\t\t\t\t<div class=\"elementor-element elementor-element-d396070 elementor-widget elementor-widget-image\" data-id=\"d396070\" data-element_type=\"widget\" data-e-type=\"widget\" data-widget_type=\"image.default\">\n\t\t\t\t<div class=\"elementor-widget-container\">\n\t\t\t\t\t\t\t\t\t\t\t\t\t\t\t<img decoding=\"async\" width=\"1920\" height=\"616\" src=\"https:\/\/www.remingtonlatam.com\/hn\/wp-content\/uploads\/sites\/25\/2025\/10\/banner_manutd_01.png\" class=\"attachment-full size-full wp-image-7954\" alt=\"\" \/>\t\t\t\t\t\t\t\t\t\t\t\t\t\t\t<\/div>\n\t\t\t\t<\/div>\n\t\t\t\t<div class=\"elementor-element elementor-element-6dbbee9 elementor-widget elementor-widget-spacer\" data-id=\"6dbbee9\" data-element_type=\"widget\" data-e-type=\"widget\" data-widget_type=\"spacer.default\">\n\t\t\t\t<div class=\"elementor-widget-container\">\n\t\t\t\t\t\t\t<div class=\"elementor-spacer\">\n\t\t\t<div class=\"elementor-spacer-inner\"><\/div>\n\t\t<\/div>\n\t\t\t\t\t\t<\/div>\n\t\t\t\t<\/div>\n\t\t\t\t<section class=\"elementor-section elementor-inner-section elementor-element elementor-element-5f97b5c elementor-section-boxed elementor-section-height-default elementor-section-height-default\" data-id=\"5f97b5c\" data-element_type=\"section\" data-e-type=\"section\">\n\t\t\t\t\t\t<div class=\"elementor-container elementor-column-gap-default\">\n\t\t\t\t\t<div class=\"elementor-column elementor-col-100 elementor-inner-column elementor-element elementor-element-984369d\" data-id=\"984369d\" data-element_type=\"column\" data-e-type=\"column\">\n\t\t\t<div class=\"elementor-widget-wrap elementor-element-populated\">\n\t\t\t\t\t\t<div class=\"elementor-element elementor-element-3079582 elementor-widget elementor-widget-heading\" data-id=\"3079582\" data-element_type=\"widget\" data-e-type=\"widget\" data-widget_type=\"heading.default\">\n\t\t\t\t<div class=\"elementor-widget-container\">\n\t\t\t\t\t<p class=\"elementor-heading-title elementor-size-default\">Remington<sup>\u00ae<\/sup>, una de las principales marcas de la amplia cartera de Spectrum Brands, es desde hace generaciones referente mundial en cuidado personal y del cabello. La marca Remington, fundada en Nueva York en 1937, lleva m\u00e1s de 80 a\u00f1os inventando, reinventando y evolucionando para crear una gama de productos de cuidado personal y del cabello siempre a la vanguardia en dise\u00f1o, moda y tecnolog\u00eda.<\/p>\t\t\t\t<\/div>\n\t\t\t\t<\/div>\n\t\t\t\t<div class=\"elementor-element elementor-element-aff82a0 elementor-widget elementor-widget-heading\" data-id=\"aff82a0\" data-element_type=\"widget\" data-e-type=\"widget\" data-widget_type=\"heading.default\">\n\t\t\t\t<div class=\"elementor-widget-container\">\n\t\t\t\t\t<p class=\"elementor-heading-title elementor-size-default\">Dentro de un importante programa de activaci\u00f3n multicanal, Remington<sup>\u00ae<\/sup> y Manchester United colaborar\u00e1n en una campa\u00f1a que celebra la individualidad y el poder de la confianza interior.<\/p>\t\t\t\t<\/div>\n\t\t\t\t<\/div>\n\t\t\t\t<div class=\"elementor-element elementor-element-434099b elementor-widget elementor-widget-heading\" data-id=\"434099b\" data-element_type=\"widget\" data-e-type=\"widget\" data-widget_type=\"heading.default\">\n\t\t\t\t<div class=\"elementor-widget-container\">\n\t\t\t\t\t<p class=\"elementor-heading-title elementor-size-default\">La colaboraci\u00f3n destacar\u00e1 y amplificar\u00e1 la campa\u00f1a <b>\u201cThe Story of You\u201d<\/b> de Remington<sup>\u00ae<\/sup>, que impulsa la misi\u00f3n de la marca de ayudar a sus clientes a reforzar \u00a0su confianza en s\u00ed mismos y reconocer que los viajes, experiencias, valores y aspiraciones de una persona conforman su individualidad. Esta colaboraci\u00f3n buscar\u00e1 inspirar y ayudar a m\u00e1s personas a<b> \u201cGet Your You On\u201d<\/b>, motiv\u00e1ndolas a tener confianza para dejar su marca personal en todo cuanto hagan.<\/p>\t\t\t\t<\/div>\n\t\t\t\t<\/div>\n\t\t\t\t\t<\/div>\n\t\t<\/div>\n\t\t\t\t\t<\/div>\n\t\t<\/section>\n\t\t\t\t<div class=\"elementor-element elementor-element-1646c3f elementor-widget elementor-widget-spacer\" data-id=\"1646c3f\" data-element_type=\"widget\" data-e-type=\"widget\" data-widget_type=\"spacer.default\">\n\t\t\t\t<div class=\"elementor-widget-container\">\n\t\t\t\t\t\t\t<div class=\"elementor-spacer\">\n\t\t\t<div class=\"elementor-spacer-inner\"><\/div>\n\t\t<\/div>\n\t\t\t\t\t\t<\/div>\n\t\t\t\t<\/div>\n\t\t\t\t\t<\/div>\n\t\t<\/div>\n\t\t\t\t\t<\/div>\n\t\t<\/section>\n\t\t\t\t<section class=\"elementor-section elementor-top-section elementor-element elementor-element-e6b6294 elementor-section-boxed elementor-section-height-default elementor-section-height-default\" data-id=\"e6b6294\" data-element_type=\"section\" data-e-type=\"section\" data-settings=\"{&quot;background_background&quot;:&quot;classic&quot;}\">\n\t\t\t\t\t\t<div class=\"elementor-container elementor-column-gap-default\">\n\t\t\t\t\t<div class=\"elementor-column elementor-col-100 elementor-top-column elementor-element elementor-element-510d977\" data-id=\"510d977\" data-element_type=\"column\" data-e-type=\"column\">\n\t\t\t<div class=\"elementor-widget-wrap elementor-element-populated\">\n\t\t\t\t\t\t<div class=\"elementor-element elementor-element-3d561b1 elementor-widget elementor-widget-spacer\" data-id=\"3d561b1\" data-element_type=\"widget\" data-e-type=\"widget\" data-widget_type=\"spacer.default\">\n\t\t\t\t<div class=\"elementor-widget-container\">\n\t\t\t\t\t\t\t<div class=\"elementor-spacer\">\n\t\t\t<div class=\"elementor-spacer-inner\"><\/div>\n\t\t<\/div>\n\t\t\t\t\t\t<\/div>\n\t\t\t\t<\/div>\n\t\t\t\t<div class=\"elementor-element elementor-element-d290517 bodoni-font elementor-widget elementor-widget-heading\" data-id=\"d290517\" data-element_type=\"widget\" data-e-type=\"widget\" data-widget_type=\"heading.default\">\n\t\t\t\t<div class=\"elementor-widget-container\">\n\t\t\t\t\t<h3 class=\"elementor-heading-title elementor-size-default\">NUESTROS PRODUCTOS<\/h3>\t\t\t\t<\/div>\n\t\t\t\t<\/div>\n\t\t\t\t<div class=\"elementor-element elementor-element-c35a82c elementor-widget elementor-widget-shortcode\" data-id=\"c35a82c\" data-element_type=\"widget\" data-e-type=\"widget\" data-widget_type=\"shortcode.default\">\n\t\t\t\t<div class=\"elementor-widget-container\">\n\t\t\t\t\t\t\t<div class=\"elementor-shortcode\"><div class=\"related-product-carousel\"><div class=\"product-carousel-item\"><a href=\"https:\/\/www.remingtonlatam.com\/hn\/producto\/hombre\/cuidado-masculino\/cortadoras-de-cabello\/cortadora-de-cabello-remington-virtualmente-indestructible\/\"><img loading=\"lazy\" decoding=\"async\" width=\"500\" height=\"500\" src=\"https:\/\/www.remingtonlatam.com\/hn\/wp-content\/uploads\/sites\/25\/2019\/12\/HC5850-Cortadora-De-Cabello-Remington-Virtualmente-Indestructible-01-596x596.jpg\" class=\"attachment-500x500 size-500x500 wp-post-image\" alt=\"Fotograf\u00eda principal de Cortadora De Cabello Remington Virtualmente Indestructible 01\" srcset=\"https:\/\/www.remingtonlatam.com\/hn\/wp-content\/uploads\/sites\/25\/2019\/12\/HC5850-Cortadora-De-Cabello-Remington-Virtualmente-Indestructible-01-596x596.jpg 596w, https:\/\/www.remingtonlatam.com\/hn\/wp-content\/uploads\/sites\/25\/2019\/12\/HC5850-Cortadora-De-Cabello-Remington-Virtualmente-Indestructible-01-150x150.jpg 150w, https:\/\/www.remingtonlatam.com\/hn\/wp-content\/uploads\/sites\/25\/2019\/12\/HC5850-Cortadora-De-Cabello-Remington-Virtualmente-Indestructible-01-300x300.jpg 300w, https:\/\/www.remingtonlatam.com\/hn\/wp-content\/uploads\/sites\/25\/2019\/12\/HC5850-Cortadora-De-Cabello-Remington-Virtualmente-Indestructible-01-768x768.jpg 768w, https:\/\/www.remingtonlatam.com\/hn\/wp-content\/uploads\/sites\/25\/2019\/12\/HC5850-Cortadora-De-Cabello-Remington-Virtualmente-Indestructible-01-1024x1024.jpg 1024w, https:\/\/www.remingtonlatam.com\/hn\/wp-content\/uploads\/sites\/25\/2019\/12\/HC5850-Cortadora-De-Cabello-Remington-Virtualmente-Indestructible-01-250x250.jpg 250w, https:\/\/www.remingtonlatam.com\/hn\/wp-content\/uploads\/sites\/25\/2019\/12\/HC5850-Cortadora-De-Cabello-Remington-Virtualmente-Indestructible-01-324x324.jpg 324w, https:\/\/www.remingtonlatam.com\/hn\/wp-content\/uploads\/sites\/25\/2019\/12\/HC5850-Cortadora-De-Cabello-Remington-Virtualmente-Indestructible-01-100x100.jpg 100w, https:\/\/www.remingtonlatam.com\/hn\/wp-content\/uploads\/sites\/25\/2019\/12\/HC5850-Cortadora-De-Cabello-Remington-Virtualmente-Indestructible-01.jpg 1200w\" sizes=\"(max-width: 500px) 100vw, 500px\" \/><h3>Cortadora De Cabello Remington Virtualmente Indestructible<\/h3><\/a><\/div><div class=\"product-carousel-item\"><a href=\"https:\/\/www.remingtonlatam.com\/hn\/producto\/hombre\/cuidado-masculino\/kits-todo-en-1\/cortadora-personal-remington-recargable-kit-todo-en-1\/\"><img loading=\"lazy\" decoding=\"async\" width=\"500\" height=\"500\" src=\"https:\/\/www.remingtonlatam.com\/hn\/wp-content\/uploads\/sites\/25\/2021\/03\/PG6125-Cortadora-Personal-Remington-Recargable-596x596.jpg\" class=\"attachment-500x500 size-500x500 wp-post-image\" alt=\"\" srcset=\"https:\/\/www.remingtonlatam.com\/hn\/wp-content\/uploads\/sites\/25\/2021\/03\/PG6125-Cortadora-Personal-Remington-Recargable-596x596.jpg 596w, https:\/\/www.remingtonlatam.com\/hn\/wp-content\/uploads\/sites\/25\/2021\/03\/PG6125-Cortadora-Personal-Remington-Recargable-300x300.jpg 300w, https:\/\/www.remingtonlatam.com\/hn\/wp-content\/uploads\/sites\/25\/2021\/03\/PG6125-Cortadora-Personal-Remington-Recargable-1024x1024.jpg 1024w, https:\/\/www.remingtonlatam.com\/hn\/wp-content\/uploads\/sites\/25\/2021\/03\/PG6125-Cortadora-Personal-Remington-Recargable-150x150.jpg 150w, https:\/\/www.remingtonlatam.com\/hn\/wp-content\/uploads\/sites\/25\/2021\/03\/PG6125-Cortadora-Personal-Remington-Recargable-768x768.jpg 768w, https:\/\/www.remingtonlatam.com\/hn\/wp-content\/uploads\/sites\/25\/2021\/03\/PG6125-Cortadora-Personal-Remington-Recargable-250x250.jpg 250w, https:\/\/www.remingtonlatam.com\/hn\/wp-content\/uploads\/sites\/25\/2021\/03\/PG6125-Cortadora-Personal-Remington-Recargable-324x324.jpg 324w, https:\/\/www.remingtonlatam.com\/hn\/wp-content\/uploads\/sites\/25\/2021\/03\/PG6125-Cortadora-Personal-Remington-Recargable-100x100.jpg 100w, https:\/\/www.remingtonlatam.com\/hn\/wp-content\/uploads\/sites\/25\/2021\/03\/PG6125-Cortadora-Personal-Remington-Recargable.jpg 1200w\" sizes=\"(max-width: 500px) 100vw, 500px\" \/><h3>Cortadora Personal Remington Recargable Kit Todo en 1<\/h3><\/a><\/div><div class=\"product-carousel-item\"><a href=\"https:\/\/www.remingtonlatam.com\/hn\/producto\/hombre\/cuidado-masculino\/kits-todo-en-1\/cortadora-personal-remington-todo-en-1-2\/\"><img loading=\"lazy\" decoding=\"async\" width=\"500\" height=\"500\" src=\"https:\/\/www.remingtonlatam.com\/hn\/wp-content\/uploads\/sites\/25\/2019\/12\/PG6025-Cortadora-Personal-Remington-Todo-En-1-01-596x596.jpg\" class=\"attachment-500x500 size-500x500 wp-post-image\" alt=\"Fotograf\u00eda principal de Cortadora Personal Remington Todo En 1 01\" srcset=\"https:\/\/www.remingtonlatam.com\/hn\/wp-content\/uploads\/sites\/25\/2019\/12\/PG6025-Cortadora-Personal-Remington-Todo-En-1-01-596x596.jpg 596w, https:\/\/www.remingtonlatam.com\/hn\/wp-content\/uploads\/sites\/25\/2019\/12\/PG6025-Cortadora-Personal-Remington-Todo-En-1-01-150x150.jpg 150w, https:\/\/www.remingtonlatam.com\/hn\/wp-content\/uploads\/sites\/25\/2019\/12\/PG6025-Cortadora-Personal-Remington-Todo-En-1-01-300x300.jpg 300w, https:\/\/www.remingtonlatam.com\/hn\/wp-content\/uploads\/sites\/25\/2019\/12\/PG6025-Cortadora-Personal-Remington-Todo-En-1-01-768x768.jpg 768w, https:\/\/www.remingtonlatam.com\/hn\/wp-content\/uploads\/sites\/25\/2019\/12\/PG6025-Cortadora-Personal-Remington-Todo-En-1-01-1024x1024.jpg 1024w, https:\/\/www.remingtonlatam.com\/hn\/wp-content\/uploads\/sites\/25\/2019\/12\/PG6025-Cortadora-Personal-Remington-Todo-En-1-01-250x250.jpg 250w, https:\/\/www.remingtonlatam.com\/hn\/wp-content\/uploads\/sites\/25\/2019\/12\/PG6025-Cortadora-Personal-Remington-Todo-En-1-01-324x324.jpg 324w, https:\/\/www.remingtonlatam.com\/hn\/wp-content\/uploads\/sites\/25\/2019\/12\/PG6025-Cortadora-Personal-Remington-Todo-En-1-01-100x100.jpg 100w, https:\/\/www.remingtonlatam.com\/hn\/wp-content\/uploads\/sites\/25\/2019\/12\/PG6025-Cortadora-Personal-Remington-Todo-En-1-01.jpg 1200w\" sizes=\"(max-width: 500px) 100vw, 500px\" \/><h3>Cortadora Personal Remington Todo En 1<\/h3><\/a><\/div><\/div><\/div>\n\t\t\t\t\t\t<\/div>\n\t\t\t\t<\/div>\n\t\t\t\t<div class=\"elementor-element elementor-element-2ef2299 elementor-widget elementor-widget-spacer\" data-id=\"2ef2299\" data-element_type=\"widget\" data-e-type=\"widget\" data-widget_type=\"spacer.default\">\n\t\t\t\t<div class=\"elementor-widget-container\">\n\t\t\t\t\t\t\t<div class=\"elementor-spacer\">\n\t\t\t<div class=\"elementor-spacer-inner\"><\/div>\n\t\t<\/div>\n\t\t\t\t\t\t<\/div>\n\t\t\t\t<\/div>\n\t\t\t\t\t<\/div>\n\t\t<\/div>\n\t\t\t\t\t<\/div>\n\t\t<\/section>\n\t\t\t\t<\/div>\n\t\t","protected":false},"excerpt":{"rendered":"<p>REMINGTON\u00ae ES EL PRIMER COLABORADOR OFICIAL DEL MANCHESTER UNITED FOOTBALL CLUB Inicio UNA ALIANZA GANADORA Por primera vez en la historia, las estrellas masculinas y femeninas del Manchester United se unen para hablar de f\u00fatbol, \u200b\u200bestilo personal y confianza el d\u00eda del partido.\u00a0Y todo gracias a Remington. UN LEGADO COMPARTIDO Manchester United y Remington,\u00a0el l\u00edder [&hellip;]<\/p>\n","protected":false},"author":1,"featured_media":0,"parent":0,"menu_order":0,"comment_status":"closed","ping_status":"closed","template":"elementor_header_footer","meta":{"_acf_changed":false,"footnotes":""},"class_list":["post-403","page","type-page","status-publish","hentry"],"acf":[],"_links":{"self":[{"href":"https:\/\/www.remingtonlatam.com\/hn\/wp-json\/wp\/v2\/pages\/403","targetHints":{"allow":["GET"]}}],"collection":[{"href":"https:\/\/www.remingtonlatam.com\/hn\/wp-json\/wp\/v2\/pages"}],"about":[{"href":"https:\/\/www.remingtonlatam.com\/hn\/wp-json\/wp\/v2\/types\/page"}],"author":[{"embeddable":true,"href":"https:\/\/www.remingtonlatam.com\/hn\/wp-json\/wp\/v2\/users\/1"}],"replies":[{"embeddable":true,"href":"https:\/\/www.remingtonlatam.com\/hn\/wp-json\/wp\/v2\/comments?post=403"}],"version-history":[{"count":77,"href":"https:\/\/www.remingtonlatam.com\/hn\/wp-json\/wp\/v2\/pages\/403\/revisions"}],"predecessor-version":[{"id":7964,"href":"https:\/\/www.remingtonlatam.com\/hn\/wp-json\/wp\/v2\/pages\/403\/revisions\/7964"}],"wp:attachment":[{"href":"https:\/\/www.remingtonlatam.com\/hn\/wp-json\/wp\/v2\/media?parent=403"}],"curies":[{"name":"wp","href":"https:\/\/api.w.org\/{rel}","templated":true}]}}