{"id":8880,"date":"2026-04-29T18:38:16","date_gmt":"2026-04-29T18:38:16","guid":{"rendered":"https:\/\/www.remingtonlatam.com\/gt\/?post_type=product&#038;p=8880"},"modified":"2026-04-29T18:38:17","modified_gmt":"2026-04-29T18:38:17","slug":"plancha-alisadora-remington-gloss","status":"publish","type":"product","link":"https:\/\/www.remingtonlatam.com\/gt\/producto\/mujer\/cuidado-del-cabello\/planchas-alisadoras\/plancha-alisadora-remington-gloss\/","title":{"rendered":"Plancha Alisadora Remington\u00ae Gloss\u2122"},"content":{"rendered":"","protected":false},"excerpt":{"rendered":"<p>Conoce la plancha alisadora delgada REMINGTON\u00ae AIRvive\u2122. Incorpora Tecnolog\u00eda de Aire I\u00f3nico antiest\u00e1tica y microacondicionadores activados por calor para brindarte un resultado 80% m\u00e1s suave<sup>1<\/sup>\u00a0que dura todo el d\u00eda<sup>2<\/sup>. Cuenta con cinco ajustes digitales de temperatura, que van de 150\u202f\u00b0C a 230\u202f\u00b0C, y un sistema de calentamiento avanzado que distribuye el calor de manera uniforme a lo largo de las<span class=\"hide-text\">\u00a0placas, lo que permite un alisado en una sola pasada<sup>3<\/sup>\u00a0y con menos da\u00f1o por calor<sup>4<\/sup>.<\/span><\/p>\n","protected":false},"featured_media":8881,"comment_status":"open","ping_status":"closed","template":"","meta":{"_acf_changed":false},"product_brand":[],"product_cat":[48,46,152],"product_tag":[],"class_list":{"0":"post-8880","1":"product","2":"type-product","3":"status-publish","4":"has-post-thumbnail","6":"collections-gloss","7":"characteristics-antiestatica","8":"characteristics-cabello-sin-brillo","9":"characteristics-ceramica","10":"characteristics-ceramica-ultra","11":"characteristics-estilo-de-peinado","12":"characteristics-liso-perfecto","13":"characteristics-mujer","14":"characteristics-ondas-de-playa","15":"characteristics-proteccion","16":"characteristics-rizos","17":"characteristics-soluciones-para","18":"characteristics-tecnologia","19":"product_cat-cuidado-del-cabello","20":"product_cat-mujer","21":"product_cat-planchas-alisadoras","23":"first","24":"instock","25":"featured","26":"shipping-taxable","27":"product-type-simple"},"acf":[],"_links":{"self":[{"href":"https:\/\/www.remingtonlatam.com\/gt\/wp-json\/wp\/v2\/product\/8880","targetHints":{"allow":["GET"]}}],"collection":[{"href":"https:\/\/www.remingtonlatam.com\/gt\/wp-json\/wp\/v2\/product"}],"about":[{"href":"https:\/\/www.remingtonlatam.com\/gt\/wp-json\/wp\/v2\/types\/product"}],"replies":[{"embeddable":true,"href":"https:\/\/www.remingtonlatam.com\/gt\/wp-json\/wp\/v2\/comments?post=8880"}],"wp:featuredmedia":[{"embeddable":true,"href":"https:\/\/www.remingtonlatam.com\/gt\/wp-json\/wp\/v2\/media\/8881"}],"wp:attachment":[{"href":"https:\/\/www.remingtonlatam.com\/gt\/wp-json\/wp\/v2\/media?parent=8880"}],"wp:term":[{"taxonomy":"product_brand","embeddable":true,"href":"https:\/\/www.remingtonlatam.com\/gt\/wp-json\/wp\/v2\/product_brand?post=8880"},{"taxonomy":"product_cat","embeddable":true,"href":"https:\/\/www.remingtonlatam.com\/gt\/wp-json\/wp\/v2\/product_cat?post=8880"},{"taxonomy":"product_tag","embeddable":true,"href":"https:\/\/www.remingtonlatam.com\/gt\/wp-json\/wp\/v2\/product_tag?post=8880"}],"curies":[{"name":"wp","href":"https:\/\/api.w.org\/{rel}","templated":true}]}}