{"id":8869,"date":"2026-04-29T18:31:20","date_gmt":"2026-04-29T18:31:20","guid":{"rendered":"https:\/\/www.remingtonlatam.com\/gt\/?post_type=product&#038;p=8869"},"modified":"2026-04-29T18:31:20","modified_gmt":"2026-04-29T18:31:20","slug":"estilizador-de-aire-remington-gloss","status":"publish","type":"product","link":"https:\/\/www.remingtonlatam.com\/gt\/producto\/mujer\/cuidado-del-cabello\/estilizadores\/estilizador-de-aire-remington-gloss\/","title":{"rendered":"Estilizador de aire Remington\u00ae Gloss\u2122"},"content":{"rendered":"","protected":false},"excerpt":{"rendered":"<p>Estilizador de Aire 2 en 1 REMINGTON\u00ae AIRvive\u2122 seca y alisa el cabello sin calor extremo, ayudando a preservar la hidrataci\u00f3n natural del cabello hasta por 24 horas<sup>1<\/sup>. Estiliza el cabello seco con las placas de cer\u00e1mica ultrasuaves que liberan microacondicionadores activados por calor para protegerlo contra frizz durante todo el d\u00eda<sup>3<\/sup>, mientras que el Aire I\u00f3nico ayuda a eliminar la est\u00e1tica y enfr\u00eda el cabello al instante, logrando un resultado 80 % m\u00e1s suave<sup>2<\/sup>.<\/p>\n","protected":false},"featured_media":8870,"comment_status":"open","ping_status":"closed","template":"","meta":{"_acf_changed":false},"product_brand":[],"product_cat":[48,305,46],"product_tag":[],"class_list":{"0":"post-8869","1":"product","2":"type-product","3":"status-publish","4":"has-post-thumbnail","6":"collections-gloss","7":"characteristics-cabello-con-frizz","8":"characteristics-cabello-sin-brillo","9":"characteristics-ceramica-ultra","10":"characteristics-estilo-de-peinado","11":"characteristics-mujer","12":"characteristics-onda-de-playa","13":"characteristics-proteccion","14":"characteristics-soluciones-para","15":"characteristics-tecnologia","16":"product_cat-cuidado-del-cabello","17":"product_cat-estilizadores","18":"product_cat-mujer","20":"first","21":"instock","22":"featured","23":"shipping-taxable","24":"product-type-simple"},"acf":[],"_links":{"self":[{"href":"https:\/\/www.remingtonlatam.com\/gt\/wp-json\/wp\/v2\/product\/8869","targetHints":{"allow":["GET"]}}],"collection":[{"href":"https:\/\/www.remingtonlatam.com\/gt\/wp-json\/wp\/v2\/product"}],"about":[{"href":"https:\/\/www.remingtonlatam.com\/gt\/wp-json\/wp\/v2\/types\/product"}],"replies":[{"embeddable":true,"href":"https:\/\/www.remingtonlatam.com\/gt\/wp-json\/wp\/v2\/comments?post=8869"}],"wp:featuredmedia":[{"embeddable":true,"href":"https:\/\/www.remingtonlatam.com\/gt\/wp-json\/wp\/v2\/media\/8870"}],"wp:attachment":[{"href":"https:\/\/www.remingtonlatam.com\/gt\/wp-json\/wp\/v2\/media?parent=8869"}],"wp:term":[{"taxonomy":"product_brand","embeddable":true,"href":"https:\/\/www.remingtonlatam.com\/gt\/wp-json\/wp\/v2\/product_brand?post=8869"},{"taxonomy":"product_cat","embeddable":true,"href":"https:\/\/www.remingtonlatam.com\/gt\/wp-json\/wp\/v2\/product_cat?post=8869"},{"taxonomy":"product_tag","embeddable":true,"href":"https:\/\/www.remingtonlatam.com\/gt\/wp-json\/wp\/v2\/product_tag?post=8869"}],"curies":[{"name":"wp","href":"https:\/\/api.w.org\/{rel}","templated":true}]}}