{"id":8855,"date":"2026-04-29T18:18:19","date_gmt":"2026-04-29T18:18:19","guid":{"rendered":"https:\/\/www.remingtonlatam.com\/gt\/?post_type=product&#038;p=8855"},"modified":"2026-04-29T18:18:20","modified_gmt":"2026-04-29T18:18:20","slug":"secador-remington-gloss","status":"publish","type":"product","link":"https:\/\/www.remingtonlatam.com\/gt\/producto\/mujer\/cuidado-del-cabello\/secadores\/secador-remington-gloss\/","title":{"rendered":"Secador Remington\u00ae Gloss\u2122"},"content":{"rendered":"","protected":false},"excerpt":{"rendered":"<p><span data-sheets-root=\"1\">Ultrarr\u00e1pido y ultrasuave, el Secador Digital REMINGTON\u00ae AIRvive\u2122 cuenta con Tecnolog\u00eda de Aire I\u00f3nico de alta velocidad, microacondicionadores activados por calor con NUEVA f\u00f3rmula anti-frizz y un motor digital avanzado para lograr resultados ultra suaves y protecci\u00f3n contra el frizz durante todo el d\u00eda\u00b9.<\/span><\/p>\n","protected":false},"featured_media":8856,"comment_status":"open","ping_status":"closed","template":"","meta":{"_acf_changed":false},"product_brand":[],"product_cat":[48,46,51],"product_tag":[],"class_list":{"0":"post-8855","1":"product","2":"type-product","3":"status-publish","4":"has-post-thumbnail","6":"collections-gloss","7":"characteristics-antiestatica","8":"characteristics-cabello-sin-brillo","9":"characteristics-ceramica","10":"characteristics-ceramica-ultra","11":"characteristics-estilo-de-peinado","12":"characteristics-mujer","13":"characteristics-proteccion","14":"characteristics-soluciones-para","15":"characteristics-tecnologia","16":"characteristics-volumen-renovado","17":"product_cat-cuidado-del-cabello","18":"product_cat-mujer","19":"product_cat-secadores","21":"first","22":"instock","23":"featured","24":"shipping-taxable","25":"product-type-simple"},"acf":[],"_links":{"self":[{"href":"https:\/\/www.remingtonlatam.com\/gt\/wp-json\/wp\/v2\/product\/8855","targetHints":{"allow":["GET"]}}],"collection":[{"href":"https:\/\/www.remingtonlatam.com\/gt\/wp-json\/wp\/v2\/product"}],"about":[{"href":"https:\/\/www.remingtonlatam.com\/gt\/wp-json\/wp\/v2\/types\/product"}],"replies":[{"embeddable":true,"href":"https:\/\/www.remingtonlatam.com\/gt\/wp-json\/wp\/v2\/comments?post=8855"}],"wp:featuredmedia":[{"embeddable":true,"href":"https:\/\/www.remingtonlatam.com\/gt\/wp-json\/wp\/v2\/media\/8856"}],"wp:attachment":[{"href":"https:\/\/www.remingtonlatam.com\/gt\/wp-json\/wp\/v2\/media?parent=8855"}],"wp:term":[{"taxonomy":"product_brand","embeddable":true,"href":"https:\/\/www.remingtonlatam.com\/gt\/wp-json\/wp\/v2\/product_brand?post=8855"},{"taxonomy":"product_cat","embeddable":true,"href":"https:\/\/www.remingtonlatam.com\/gt\/wp-json\/wp\/v2\/product_cat?post=8855"},{"taxonomy":"product_tag","embeddable":true,"href":"https:\/\/www.remingtonlatam.com\/gt\/wp-json\/wp\/v2\/product_tag?post=8855"}],"curies":[{"name":"wp","href":"https:\/\/api.w.org\/{rel}","templated":true}]}}