{"id":8520,"date":"2025-05-08T14:37:45","date_gmt":"2025-05-08T14:37:45","guid":{"rendered":"https:\/\/www.remingtonlatam.com\/gt\/?post_type=product&#038;p=8520"},"modified":"2025-05-08T14:37:55","modified_gmt":"2025-05-08T14:37:55","slug":"afeitadora-de-laminas-remington-style-series-f7","status":"publish","type":"product","link":"https:\/\/www.remingtonlatam.com\/gt\/producto\/hombre\/afeitadoras-hombre\/afeitadoras-rotativas\/afeitadora-de-laminas-remington-style-series-f7\/","title":{"rendered":"Afeitadora de l\u00e1minas Remington Style Series F7"},"content":{"rendered":"","protected":false},"excerpt":{"rendered":"<p>La afeitadora de l\u00e1minas Style Series F7 Remington est\u00e1 dise\u00f1ada para proporcionar un afeitado al ras. Cuenta con 3 l\u00e1minas flotantes independientes que se adaptan al contorno de tu rostro, garantizando m\u00e1xima comodidad y rapidez al afeitarte.<\/p>\n","protected":false},"featured_media":8522,"comment_status":"open","ping_status":"closed","template":"","meta":{"_acf_changed":false},"product_brand":[],"product_cat":[59,62,58],"product_tag":[],"class_list":{"0":"post-8520","1":"product","2":"type-product","3":"status-publish","4":"has-post-thumbnail","6":"characteristics-100-a-prueba-de-agua","7":"characteristics-cuchillas-de-acero-inoxidable","8":"characteristics-cuchillas-autoafilables","9":"characteristics-funcion","10":"characteristics-hombre","11":"characteristics-pivot-y-flex","12":"characteristics-recargable","13":"characteristics-rostro","14":"characteristics-tecnologia-hombre","15":"characteristics-tipo-de-carga","16":"product_cat-afeitadoras-hombre","17":"product_cat-afeitadoras-rotativas","18":"product_cat-hombre","20":"first","21":"instock","22":"shipping-taxable","23":"product-type-simple"},"acf":[],"_links":{"self":[{"href":"https:\/\/www.remingtonlatam.com\/gt\/wp-json\/wp\/v2\/product\/8520","targetHints":{"allow":["GET"]}}],"collection":[{"href":"https:\/\/www.remingtonlatam.com\/gt\/wp-json\/wp\/v2\/product"}],"about":[{"href":"https:\/\/www.remingtonlatam.com\/gt\/wp-json\/wp\/v2\/types\/product"}],"replies":[{"embeddable":true,"href":"https:\/\/www.remingtonlatam.com\/gt\/wp-json\/wp\/v2\/comments?post=8520"}],"wp:featuredmedia":[{"embeddable":true,"href":"https:\/\/www.remingtonlatam.com\/gt\/wp-json\/wp\/v2\/media\/8522"}],"wp:attachment":[{"href":"https:\/\/www.remingtonlatam.com\/gt\/wp-json\/wp\/v2\/media?parent=8520"}],"wp:term":[{"taxonomy":"product_brand","embeddable":true,"href":"https:\/\/www.remingtonlatam.com\/gt\/wp-json\/wp\/v2\/product_brand?post=8520"},{"taxonomy":"product_cat","embeddable":true,"href":"https:\/\/www.remingtonlatam.com\/gt\/wp-json\/wp\/v2\/product_cat?post=8520"},{"taxonomy":"product_tag","embeddable":true,"href":"https:\/\/www.remingtonlatam.com\/gt\/wp-json\/wp\/v2\/product_tag?post=8520"}],"curies":[{"name":"wp","href":"https:\/\/api.w.org\/{rel}","templated":true}]}}