{"id":8198,"date":"2024-08-21T15:14:49","date_gmt":"2024-08-21T15:14:49","guid":{"rendered":"https:\/\/www.remingtonlatam.com\/gt\/?post_type=product&#038;p=8198"},"modified":"2025-07-31T18:55:38","modified_gmt":"2025-07-31T18:55:38","slug":"plancha-alisadora-remington-sapphire-luxe","status":"publish","type":"product","link":"https:\/\/www.remingtonlatam.com\/gt\/producto\/mujer\/cuidado-del-cabello\/planchas-alisadoras\/plancha-alisadora-remington-sapphire-luxe\/","title":{"rendered":"Plancha Alisadora Remington Sapphire Luxe"},"content":{"rendered":"","protected":false},"excerpt":{"rendered":"<p>La plancha alisadora Remington Sapphire Luxe es una declaraci\u00f3n de estilo en m\u00e1s de un sentido. La combinaci\u00f3n de colores azul marino y champa\u00f1a se ve armoniosa, mientras que las placas con recubrimiento cer\u00e1mico avanzado infundido con zafiros reales te brindan resultados 2 veces m\u00e1s suaves*.<\/p>\n<p>&nbsp;<\/p>\n<p>*vs. recubrimiento cer\u00e1mico est\u00e1ndar de Remington<\/p>\n","protected":false},"featured_media":8240,"comment_status":"open","ping_status":"closed","template":"","meta":{"_acf_changed":false},"product_brand":[],"product_cat":[48,46,152],"product_tag":[],"class_list":{"0":"post-8198","1":"product","2":"type-product","3":"status-publish","4":"has-post-thumbnail","6":"collections-sapphire-luxe","7":"characteristics-cabello-con-frizz","8":"characteristics-cabello-sin-brillo","9":"characteristics-ceramica","10":"characteristics-estilo-de-peinado","11":"characteristics-liso-perfecto","12":"characteristics-mujer","13":"characteristics-ondas-de-playa","14":"characteristics-soluciones-para","15":"characteristics-tecnologia","16":"product_cat-cuidado-del-cabello","17":"product_cat-mujer","18":"product_cat-planchas-alisadoras","20":"first","21":"instock","22":"shipping-taxable","23":"product-type-simple"},"acf":[],"_links":{"self":[{"href":"https:\/\/www.remingtonlatam.com\/gt\/wp-json\/wp\/v2\/product\/8198","targetHints":{"allow":["GET"]}}],"collection":[{"href":"https:\/\/www.remingtonlatam.com\/gt\/wp-json\/wp\/v2\/product"}],"about":[{"href":"https:\/\/www.remingtonlatam.com\/gt\/wp-json\/wp\/v2\/types\/product"}],"replies":[{"embeddable":true,"href":"https:\/\/www.remingtonlatam.com\/gt\/wp-json\/wp\/v2\/comments?post=8198"}],"wp:featuredmedia":[{"embeddable":true,"href":"https:\/\/www.remingtonlatam.com\/gt\/wp-json\/wp\/v2\/media\/8240"}],"wp:attachment":[{"href":"https:\/\/www.remingtonlatam.com\/gt\/wp-json\/wp\/v2\/media?parent=8198"}],"wp:term":[{"taxonomy":"product_brand","embeddable":true,"href":"https:\/\/www.remingtonlatam.com\/gt\/wp-json\/wp\/v2\/product_brand?post=8198"},{"taxonomy":"product_cat","embeddable":true,"href":"https:\/\/www.remingtonlatam.com\/gt\/wp-json\/wp\/v2\/product_cat?post=8198"},{"taxonomy":"product_tag","embeddable":true,"href":"https:\/\/www.remingtonlatam.com\/gt\/wp-json\/wp\/v2\/product_tag?post=8198"}],"curies":[{"name":"wp","href":"https:\/\/api.w.org\/{rel}","templated":true}]}}