{"id":6893,"date":"2022-02-16T16:24:18","date_gmt":"2022-02-16T16:24:18","guid":{"rendered":"https:\/\/www.remingtonlatam.com\/gt\/producto\/sin%20categor\u00eda\/cortadora-personal-remington-todo-en-1\/"},"modified":"2024-05-10T15:22:55","modified_gmt":"2024-05-10T15:22:55","slug":"cortadora-personal-remington-todo-en-1","status":"publish","type":"product","link":"https:\/\/www.remingtonlatam.com\/gt\/producto\/hombre\/cuidado-masculino\/kits-todo-en-1\/cortadora-personal-remington-todo-en-1\/","title":{"rendered":"Cortadora Personal Remington Todo En 1"},"content":{"rendered":"","protected":false},"excerpt":{"rendered":"<p>El kit multifunci\u00f3n de Remington es una herramienta vers\u00e1til con la que conseguir\u00e1s excelentes resultados cada vez que quieras mantener el pelo a raya. Este <b>juego de peluqueria<\/b> cuenta accesorios te permitir\u00e1n recortar, detallar o afeitar todo el vello no deseado, lo que convierte a este cortador en el compa\u00f1ero ideal.<\/p>\n","protected":false},"featured_media":7207,"comment_status":"open","ping_status":"closed","template":"","meta":{"_acf_changed":false},"product_brand":[],"product_cat":[60,58,65],"product_tag":[],"class_list":{"0":"post-6893","1":"product","2":"type-product","3":"status-publish","4":"has-post-thumbnail","6":"characteristics-cuchillas-de-acero-quirurgico","7":"characteristics-cuchillas-autoafilables","8":"characteristics-kit-todo-en-uno","9":"characteristics-recargable-cabezales-lavables","10":"product_cat-cuidado-masculino","11":"product_cat-hombre","12":"product_cat-kits-todo-en-1","14":"first","15":"instock","16":"shipping-taxable","17":"product-type-simple"},"acf":[],"_links":{"self":[{"href":"https:\/\/www.remingtonlatam.com\/gt\/wp-json\/wp\/v2\/product\/6893","targetHints":{"allow":["GET"]}}],"collection":[{"href":"https:\/\/www.remingtonlatam.com\/gt\/wp-json\/wp\/v2\/product"}],"about":[{"href":"https:\/\/www.remingtonlatam.com\/gt\/wp-json\/wp\/v2\/types\/product"}],"replies":[{"embeddable":true,"href":"https:\/\/www.remingtonlatam.com\/gt\/wp-json\/wp\/v2\/comments?post=6893"}],"wp:featuredmedia":[{"embeddable":true,"href":"https:\/\/www.remingtonlatam.com\/gt\/wp-json\/wp\/v2\/media\/7207"}],"wp:attachment":[{"href":"https:\/\/www.remingtonlatam.com\/gt\/wp-json\/wp\/v2\/media?parent=6893"}],"wp:term":[{"taxonomy":"product_brand","embeddable":true,"href":"https:\/\/www.remingtonlatam.com\/gt\/wp-json\/wp\/v2\/product_brand?post=6893"},{"taxonomy":"product_cat","embeddable":true,"href":"https:\/\/www.remingtonlatam.com\/gt\/wp-json\/wp\/v2\/product_cat?post=6893"},{"taxonomy":"product_tag","embeddable":true,"href":"https:\/\/www.remingtonlatam.com\/gt\/wp-json\/wp\/v2\/product_tag?post=6893"}],"curies":[{"name":"wp","href":"https:\/\/api.w.org\/{rel}","templated":true}]}}