{"id":6863,"date":"2022-02-16T16:23:01","date_gmt":"2022-02-16T16:23:01","guid":{"rendered":"https:\/\/www.remingtonlatam.com\/gt\/producto\/sin%20categor\u00eda\/afeitadora-remington-legacy\/"},"modified":"2022-02-17T18:59:42","modified_gmt":"2022-02-17T18:59:42","slug":"afeitadora-remington-legacy","status":"publish","type":"product","link":"https:\/\/www.remingtonlatam.com\/gt\/producto\/hombre\/afeitadoras-hombre\/afeitadoras-de-laminas\/afeitadora-remington-legacy\/","title":{"rendered":"Afeitadora Remington Legacy"},"content":{"rendered":"","protected":false},"excerpt":{"rendered":"<p>La <b>afeitadora Legacy<\/b> de Remington est\u00e1 inspirada en la tradici\u00f3n y la innovaci\u00f3n, sin dejar de pensar en aquellas personas que valoran la calidad y el rendimiento, y no temen apropiarse de su estilo. Sus hojillas flexibles ayudan a lograr resultados a ras.<\/p>\n","protected":false},"featured_media":7138,"comment_status":"open","ping_status":"closed","template":"","meta":{"_acf_changed":false},"product_brand":[],"product_cat":[59,61,58],"product_tag":[],"class_list":{"0":"post-6863","1":"product","2":"type-product","3":"status-publish","4":"has-post-thumbnail","6":"characteristics-hojillas-flexibles","7":"characteristics-recargable","8":"characteristics-rostro","9":"product_cat-afeitadoras-hombre","10":"product_cat-afeitadoras-de-laminas","11":"product_cat-hombre","13":"first","14":"instock","15":"shipping-taxable","16":"product-type-simple"},"acf":[],"_links":{"self":[{"href":"https:\/\/www.remingtonlatam.com\/gt\/wp-json\/wp\/v2\/product\/6863","targetHints":{"allow":["GET"]}}],"collection":[{"href":"https:\/\/www.remingtonlatam.com\/gt\/wp-json\/wp\/v2\/product"}],"about":[{"href":"https:\/\/www.remingtonlatam.com\/gt\/wp-json\/wp\/v2\/types\/product"}],"replies":[{"embeddable":true,"href":"https:\/\/www.remingtonlatam.com\/gt\/wp-json\/wp\/v2\/comments?post=6863"}],"wp:featuredmedia":[{"embeddable":true,"href":"https:\/\/www.remingtonlatam.com\/gt\/wp-json\/wp\/v2\/media\/7138"}],"wp:attachment":[{"href":"https:\/\/www.remingtonlatam.com\/gt\/wp-json\/wp\/v2\/media?parent=6863"}],"wp:term":[{"taxonomy":"product_brand","embeddable":true,"href":"https:\/\/www.remingtonlatam.com\/gt\/wp-json\/wp\/v2\/product_brand?post=6863"},{"taxonomy":"product_cat","embeddable":true,"href":"https:\/\/www.remingtonlatam.com\/gt\/wp-json\/wp\/v2\/product_cat?post=6863"},{"taxonomy":"product_tag","embeddable":true,"href":"https:\/\/www.remingtonlatam.com\/gt\/wp-json\/wp\/v2\/product_tag?post=6863"}],"curies":[{"name":"wp","href":"https:\/\/api.w.org\/{rel}","templated":true}]}}