{"id":6804,"date":"2022-02-16T16:20:27","date_gmt":"2022-02-16T16:20:27","guid":{"rendered":"https:\/\/www.remingtonlatam.com\/gt\/producto\/sin%20categor\u00eda\/secador-remington-pro-ceramic\/"},"modified":"2022-02-17T19:02:03","modified_gmt":"2022-02-17T19:02:03","slug":"secador-remington-pro-ceramic","status":"publish","type":"product","link":"https:\/\/www.remingtonlatam.com\/gt\/producto\/mujer\/cuidado-del-cabello\/secadores\/secador-remington-pro-ceramic\/","title":{"rendered":"Secador Remington Pro Ceramic"},"content":{"rendered":"","protected":false},"excerpt":{"rendered":"<p>Seca tu cabello a la perfecci\u00f3n est\u00e9s donde est\u00e9s con este compacto pero <b>potente secador<\/b>.<\/p>\n","protected":false},"featured_media":7034,"comment_status":"open","ping_status":"closed","template":"","meta":{"_acf_changed":false},"product_brand":[],"product_cat":[48,46,51],"product_tag":[],"class_list":{"0":"post-6804","1":"product","2":"type-product","3":"status-publish","4":"has-post-thumbnail","6":"characteristics-cabello-maltratado","7":"characteristics-ceramica","8":"characteristics-volumen-renovado","9":"product_cat-cuidado-del-cabello","10":"product_cat-mujer","11":"product_cat-secadores","13":"first","14":"instock","15":"shipping-taxable","16":"product-type-simple"},"acf":[],"_links":{"self":[{"href":"https:\/\/www.remingtonlatam.com\/gt\/wp-json\/wp\/v2\/product\/6804","targetHints":{"allow":["GET"]}}],"collection":[{"href":"https:\/\/www.remingtonlatam.com\/gt\/wp-json\/wp\/v2\/product"}],"about":[{"href":"https:\/\/www.remingtonlatam.com\/gt\/wp-json\/wp\/v2\/types\/product"}],"replies":[{"embeddable":true,"href":"https:\/\/www.remingtonlatam.com\/gt\/wp-json\/wp\/v2\/comments?post=6804"}],"wp:featuredmedia":[{"embeddable":true,"href":"https:\/\/www.remingtonlatam.com\/gt\/wp-json\/wp\/v2\/media\/7034"}],"wp:attachment":[{"href":"https:\/\/www.remingtonlatam.com\/gt\/wp-json\/wp\/v2\/media?parent=6804"}],"wp:term":[{"taxonomy":"product_brand","embeddable":true,"href":"https:\/\/www.remingtonlatam.com\/gt\/wp-json\/wp\/v2\/product_brand?post=6804"},{"taxonomy":"product_cat","embeddable":true,"href":"https:\/\/www.remingtonlatam.com\/gt\/wp-json\/wp\/v2\/product_cat?post=6804"},{"taxonomy":"product_tag","embeddable":true,"href":"https:\/\/www.remingtonlatam.com\/gt\/wp-json\/wp\/v2\/product_tag?post=6804"}],"curies":[{"name":"wp","href":"https:\/\/api.w.org\/{rel}","templated":true}]}}