{"id":6565,"date":"2021-06-10T14:24:22","date_gmt":"2021-06-10T14:24:22","guid":{"rendered":"https:\/\/www.remingtonlatam.com\/gt\/producto\/sin%20categor\u00eda\/plancha-alisadora-remington-hydraluxepro\/"},"modified":"2024-09-10T13:23:26","modified_gmt":"2024-09-10T13:23:26","slug":"plancha-alisadora-remington-hydraluxepro","status":"publish","type":"product","link":"https:\/\/www.remingtonlatam.com\/gt\/producto\/mujer\/cuidado-del-cabello\/planchas-alisadoras\/plancha-alisadora-remington-hydraluxepro\/","title":{"rendered":"Plancha Alisadora Remington HydraluxePro"},"content":{"rendered":"","protected":false},"excerpt":{"rendered":"<p>La plancha alisadora Hydraluxe Pro cuenta con la tecnolog\u00eda Hydracare Mist, para obtener resultados expertos sin ning\u00fan da\u00f1o por calor **.<\/p>\n","protected":false},"featured_media":6568,"comment_status":"open","ping_status":"closed","template":"","meta":{"_acf_changed":false},"product_brand":[],"product_cat":[48,46,152],"product_tag":[],"class_list":{"0":"post-6565","1":"product","2":"type-product","3":"status-publish","4":"has-post-thumbnail","6":"collections-hydraluxe-pro","7":"characteristics-cabello-con-frizz","8":"characteristics-cabello-sin-volumen","9":"characteristics-ceramica","10":"characteristics-hydraluxecare","11":"characteristics-liso-perfecto","12":"product_cat-cuidado-del-cabello","13":"product_cat-mujer","14":"product_cat-planchas-alisadoras","16":"first","17":"instock","18":"shipping-taxable","19":"product-type-simple"},"acf":[],"_links":{"self":[{"href":"https:\/\/www.remingtonlatam.com\/gt\/wp-json\/wp\/v2\/product\/6565","targetHints":{"allow":["GET"]}}],"collection":[{"href":"https:\/\/www.remingtonlatam.com\/gt\/wp-json\/wp\/v2\/product"}],"about":[{"href":"https:\/\/www.remingtonlatam.com\/gt\/wp-json\/wp\/v2\/types\/product"}],"replies":[{"embeddable":true,"href":"https:\/\/www.remingtonlatam.com\/gt\/wp-json\/wp\/v2\/comments?post=6565"}],"wp:featuredmedia":[{"embeddable":true,"href":"https:\/\/www.remingtonlatam.com\/gt\/wp-json\/wp\/v2\/media\/6568"}],"wp:attachment":[{"href":"https:\/\/www.remingtonlatam.com\/gt\/wp-json\/wp\/v2\/media?parent=6565"}],"wp:term":[{"taxonomy":"product_brand","embeddable":true,"href":"https:\/\/www.remingtonlatam.com\/gt\/wp-json\/wp\/v2\/product_brand?post=6565"},{"taxonomy":"product_cat","embeddable":true,"href":"https:\/\/www.remingtonlatam.com\/gt\/wp-json\/wp\/v2\/product_cat?post=6565"},{"taxonomy":"product_tag","embeddable":true,"href":"https:\/\/www.remingtonlatam.com\/gt\/wp-json\/wp\/v2\/product_tag?post=6565"}],"curies":[{"name":"wp","href":"https:\/\/api.w.org\/{rel}","templated":true}]}}