{"id":3540,"date":"2019-12-12T16:09:55","date_gmt":"2019-12-12T16:09:55","guid":{"rendered":"http:\/\/remingtonla-stage.us-east-1.elasticbeanstalk.com\/gt\/producto\/afeitadora-rotativa-remington-hyperflex-aqua\/"},"modified":"2022-02-17T18:37:36","modified_gmt":"2022-02-17T18:37:36","slug":"afeitadora-rotativa-remington-hyperflex-aqua","status":"publish","type":"product","link":"https:\/\/www.remingtonlatam.com\/gt\/producto\/hombre\/afeitadoras-hombre\/afeitadoras-rotativas\/afeitadora-rotativa-remington-hyperflex-aqua\/","title":{"rendered":"Afeitadora Rotativa Remington Hyperflex Aqua"},"content":{"rendered":"","protected":false},"excerpt":{"rendered":"<p>HyperFlex Aqua es una <b>afeitadora<\/b> rotativa dotada de nuestra mejor tecnolog\u00eda de afeitado. Fue dise\u00f1ada para ser impecable con la barba pero delicada en los contornos. Sus cuchillas Comfort Float, sumadas a la tecnolog\u00eda HyperFlex de su cabezal proporcionan un afeitado suave y agradable.<\/p>\n","protected":false},"featured_media":3543,"comment_status":"open","ping_status":"closed","template":"","meta":{"_acf_changed":false},"product_brand":[],"product_cat":[59,62,58],"product_tag":[],"class_list":{"0":"post-3540","1":"product","2":"type-product","3":"status-publish","4":"has-post-thumbnail","6":"characteristics-100-a-prueba-de-agua","7":"characteristics-hojillas-flexibles","8":"characteristics-hyperflex","9":"characteristics-recargable","10":"characteristics-rostro","11":"product_cat-afeitadoras-hombre","12":"product_cat-afeitadoras-rotativas","13":"product_cat-hombre","15":"first","16":"instock","17":"shipping-taxable","18":"product-type-simple"},"acf":[],"_links":{"self":[{"href":"https:\/\/www.remingtonlatam.com\/gt\/wp-json\/wp\/v2\/product\/3540","targetHints":{"allow":["GET"]}}],"collection":[{"href":"https:\/\/www.remingtonlatam.com\/gt\/wp-json\/wp\/v2\/product"}],"about":[{"href":"https:\/\/www.remingtonlatam.com\/gt\/wp-json\/wp\/v2\/types\/product"}],"replies":[{"embeddable":true,"href":"https:\/\/www.remingtonlatam.com\/gt\/wp-json\/wp\/v2\/comments?post=3540"}],"wp:featuredmedia":[{"embeddable":true,"href":"https:\/\/www.remingtonlatam.com\/gt\/wp-json\/wp\/v2\/media\/3543"}],"wp:attachment":[{"href":"https:\/\/www.remingtonlatam.com\/gt\/wp-json\/wp\/v2\/media?parent=3540"}],"wp:term":[{"taxonomy":"product_brand","embeddable":true,"href":"https:\/\/www.remingtonlatam.com\/gt\/wp-json\/wp\/v2\/product_brand?post=3540"},{"taxonomy":"product_cat","embeddable":true,"href":"https:\/\/www.remingtonlatam.com\/gt\/wp-json\/wp\/v2\/product_cat?post=3540"},{"taxonomy":"product_tag","embeddable":true,"href":"https:\/\/www.remingtonlatam.com\/gt\/wp-json\/wp\/v2\/product_tag?post=3540"}],"curies":[{"name":"wp","href":"https:\/\/api.w.org\/{rel}","templated":true}]}}