{"id":6711,"date":"2022-08-05T20:37:35","date_gmt":"2022-08-05T20:37:35","guid":{"rendered":"https:\/\/www.remingtonlatam.com\/ec\/producto\/sin%20categor\u00eda\/rizador-remington-prothermaluxe\/"},"modified":"2024-08-30T13:48:28","modified_gmt":"2024-08-30T13:48:28","slug":"rizador-remington-prothermaluxe","status":"publish","type":"product","link":"https:\/\/www.remingtonlatam.com\/ec\/producto\/mujer\/cuidado-del-cabello\/rizadores\/rizador-remington-prothermaluxe\/","title":{"rendered":"Rizador Remington ProThermaLuxe"},"content":{"rendered":"","protected":false},"excerpt":{"rendered":"<p>\u00a1Rizos perfectos por 24horas, para un estilo de vida 24\/7! Gracias al <b>rizador de cabello<\/b> ProThermaLuxe con OPTIheat (Tecnolog\u00eda T\u00e9rmica Avanzada). El rizador consta de sensores avanzados \u00fanicos que mantienen el calor constante en el cabello lo cual te permite darle tu forma preferida dej\u00e1ndolo siempre saludable y sin frizz por 24 horas.<\/p>\n","protected":false},"featured_media":6715,"comment_status":"open","ping_status":"closed","template":"","meta":{"_acf_changed":false},"product_brand":[],"product_cat":[48,46,52],"product_tag":[],"class_list":{"0":"post-6711","1":"product","2":"type-product","3":"status-publish","4":"has-post-thumbnail","6":"collections-prothermaluxe","7":"characteristics-cabello-maltratado","8":"characteristics-cabello-sin-brillo","9":"characteristics-ondas-de-playa","10":"characteristics-optiheat","11":"characteristics-rizos-definidos","12":"product_cat-cuidado-del-cabello","13":"product_cat-mujer","14":"product_cat-rizadores","16":"first","17":"instock","18":"shipping-taxable","19":"product-type-simple"},"acf":[],"_links":{"self":[{"href":"https:\/\/www.remingtonlatam.com\/ec\/wp-json\/wp\/v2\/product\/6711","targetHints":{"allow":["GET"]}}],"collection":[{"href":"https:\/\/www.remingtonlatam.com\/ec\/wp-json\/wp\/v2\/product"}],"about":[{"href":"https:\/\/www.remingtonlatam.com\/ec\/wp-json\/wp\/v2\/types\/product"}],"replies":[{"embeddable":true,"href":"https:\/\/www.remingtonlatam.com\/ec\/wp-json\/wp\/v2\/comments?post=6711"}],"wp:featuredmedia":[{"embeddable":true,"href":"https:\/\/www.remingtonlatam.com\/ec\/wp-json\/wp\/v2\/media\/6715"}],"wp:attachment":[{"href":"https:\/\/www.remingtonlatam.com\/ec\/wp-json\/wp\/v2\/media?parent=6711"}],"wp:term":[{"taxonomy":"product_brand","embeddable":true,"href":"https:\/\/www.remingtonlatam.com\/ec\/wp-json\/wp\/v2\/product_brand?post=6711"},{"taxonomy":"product_cat","embeddable":true,"href":"https:\/\/www.remingtonlatam.com\/ec\/wp-json\/wp\/v2\/product_cat?post=6711"},{"taxonomy":"product_tag","embeddable":true,"href":"https:\/\/www.remingtonlatam.com\/ec\/wp-json\/wp\/v2\/product_tag?post=6711"}],"curies":[{"name":"wp","href":"https:\/\/api.w.org\/{rel}","templated":true}]}}