{"id":2707,"date":"2019-12-12T15:53:57","date_gmt":"2019-12-12T15:53:57","guid":{"rendered":"http:\/\/remingtonla-stage.us-east-1.elasticbeanstalk.com\/ec\/producto\/secador-remington-compacto\/"},"modified":"2020-05-21T02:33:50","modified_gmt":"2020-05-21T02:33:50","slug":"secador-remington-compacto","status":"publish","type":"product","link":"https:\/\/www.remingtonlatam.com\/ec\/producto\/mujer\/cuidado-del-cabello\/secadores\/secador-remington-compacto\/","title":{"rendered":"Secador Remington Compacto"},"content":{"rendered":"","protected":false},"excerpt":{"rendered":"<p>Pon las manos en este peque\u00f1o <b>secador<\/b> y descubrir\u00e1s lo incre\u00edblemente potente que es. Consigue que el secado y el peinado sean r\u00e1pidos y f\u00e1ciles de lograr. Este <b>secador<\/b> de cabello es el complemento perfecto para vacaciones y escapadas de fin de semana o para aquellos que necesitan ahorrar un poco de espacio.<\/p>\n","protected":false},"featured_media":2709,"comment_status":"open","ping_status":"closed","template":"","meta":{"_acf_changed":false},"product_brand":[],"product_cat":[48,46,51],"product_tag":[],"class_list":{"0":"post-2707","1":"product","2":"type-product","3":"status-publish","4":"has-post-thumbnail","6":"characteristics-cabello-con-frizz","7":"characteristics-ceramica","8":"characteristics-iones","9":"characteristics-turmalina","10":"characteristics-volumen-renovado","11":"product_cat-cuidado-del-cabello","12":"product_cat-mujer","13":"product_cat-secadores","15":"first","16":"instock","17":"shipping-taxable","18":"product-type-simple"},"acf":[],"_links":{"self":[{"href":"https:\/\/www.remingtonlatam.com\/ec\/wp-json\/wp\/v2\/product\/2707","targetHints":{"allow":["GET"]}}],"collection":[{"href":"https:\/\/www.remingtonlatam.com\/ec\/wp-json\/wp\/v2\/product"}],"about":[{"href":"https:\/\/www.remingtonlatam.com\/ec\/wp-json\/wp\/v2\/types\/product"}],"replies":[{"embeddable":true,"href":"https:\/\/www.remingtonlatam.com\/ec\/wp-json\/wp\/v2\/comments?post=2707"}],"wp:featuredmedia":[{"embeddable":true,"href":"https:\/\/www.remingtonlatam.com\/ec\/wp-json\/wp\/v2\/media\/2709"}],"wp:attachment":[{"href":"https:\/\/www.remingtonlatam.com\/ec\/wp-json\/wp\/v2\/media?parent=2707"}],"wp:term":[{"taxonomy":"product_brand","embeddable":true,"href":"https:\/\/www.remingtonlatam.com\/ec\/wp-json\/wp\/v2\/product_brand?post=2707"},{"taxonomy":"product_cat","embeddable":true,"href":"https:\/\/www.remingtonlatam.com\/ec\/wp-json\/wp\/v2\/product_cat?post=2707"},{"taxonomy":"product_tag","embeddable":true,"href":"https:\/\/www.remingtonlatam.com\/ec\/wp-json\/wp\/v2\/product_tag?post=2707"}],"curies":[{"name":"wp","href":"https:\/\/api.w.org\/{rel}","templated":true}]}}