{"id":8591,"date":"2026-04-29T16:30:11","date_gmt":"2026-04-29T16:30:11","guid":{"rendered":"https:\/\/www.remingtonlatam.com\/cr\/?post_type=product&#038;p=8591"},"modified":"2026-04-29T18:13:16","modified_gmt":"2026-04-29T18:13:16","slug":"secador-remington-gloss","status":"publish","type":"product","link":"https:\/\/www.remingtonlatam.com\/cr\/producto\/mujer\/cuidado-del-cabello\/secadores\/secador-remington-gloss\/","title":{"rendered":"Secador Remington\u00ae Gloss\u2122"},"content":{"rendered":"","protected":false},"excerpt":{"rendered":"<p><span data-sheets-root=\"1\">Ultrarr\u00e1pido y ultrasuave, el Secador Digital REMINGTON\u00ae AIRvive\u2122 cuenta con Tecnolog\u00eda de Aire I\u00f3nico de alta velocidad, microacondicionadores activados por calor con NUEVA f\u00f3rmula anti-frizz y un motor digital avanzado para lograr resultados ultra suaves y protecci\u00f3n contra el frizz durante todo el d\u00eda<sup>1<\/sup>. <\/span><\/p>\n","protected":false},"featured_media":8592,"comment_status":"open","ping_status":"closed","template":"","meta":{"_acf_changed":false},"product_brand":[],"product_cat":[48,46,51],"product_tag":[],"class_list":{"0":"post-8591","1":"product","2":"type-product","3":"status-publish","4":"has-post-thumbnail","6":"collections-gloss","7":"characteristics-antiestatica","8":"characteristics-cabello-sin-brillo","9":"characteristics-ceramica","10":"characteristics-ceramica-ultra","11":"characteristics-estilo-de-peinado","12":"characteristics-mujer","13":"characteristics-proteccion","14":"characteristics-soluciones-para","15":"characteristics-tecnologia","16":"characteristics-volumen-renovado","17":"product_cat-cuidado-del-cabello","18":"product_cat-mujer","19":"product_cat-secadores","21":"first","22":"instock","23":"shipping-taxable","24":"product-type-simple"},"acf":[],"_links":{"self":[{"href":"https:\/\/www.remingtonlatam.com\/cr\/wp-json\/wp\/v2\/product\/8591","targetHints":{"allow":["GET"]}}],"collection":[{"href":"https:\/\/www.remingtonlatam.com\/cr\/wp-json\/wp\/v2\/product"}],"about":[{"href":"https:\/\/www.remingtonlatam.com\/cr\/wp-json\/wp\/v2\/types\/product"}],"replies":[{"embeddable":true,"href":"https:\/\/www.remingtonlatam.com\/cr\/wp-json\/wp\/v2\/comments?post=8591"}],"wp:featuredmedia":[{"embeddable":true,"href":"https:\/\/www.remingtonlatam.com\/cr\/wp-json\/wp\/v2\/media\/8592"}],"wp:attachment":[{"href":"https:\/\/www.remingtonlatam.com\/cr\/wp-json\/wp\/v2\/media?parent=8591"}],"wp:term":[{"taxonomy":"product_brand","embeddable":true,"href":"https:\/\/www.remingtonlatam.com\/cr\/wp-json\/wp\/v2\/product_brand?post=8591"},{"taxonomy":"product_cat","embeddable":true,"href":"https:\/\/www.remingtonlatam.com\/cr\/wp-json\/wp\/v2\/product_cat?post=8591"},{"taxonomy":"product_tag","embeddable":true,"href":"https:\/\/www.remingtonlatam.com\/cr\/wp-json\/wp\/v2\/product_tag?post=8591"}],"curies":[{"name":"wp","href":"https:\/\/api.w.org\/{rel}","templated":true}]}}