{"id":8337,"date":"2025-09-29T17:21:35","date_gmt":"2025-09-29T17:21:35","guid":{"rendered":"https:\/\/www.remingtonlatam.com\/cr\/?post_type=product&#038;p=8337"},"modified":"2026-03-30T13:45:28","modified_gmt":"2026-03-30T13:45:28","slug":"estilizador-de-aire-2-en-1-remington-airvive-seca-y-alisa","status":"publish","type":"product","link":"https:\/\/www.remingtonlatam.com\/cr\/producto\/mujer\/cuidado-del-cabello\/estilizadores\/estilizador-de-aire-2-en-1-remington-airvive-seca-y-alisa\/","title":{"rendered":"ESTILIZADOR DE AIRE 2 EN 1 REMINGTON\u00ae AIRvive\u2122 SECA Y ALISA"},"content":{"rendered":"","protected":false},"excerpt":{"rendered":"<p>Estilizador de Aire 2 en 1 REMINGTON\u00ae AIRvive\u2122 seca y alisa el cabello sin calor extremo, ayudando a preservar la hidrataci\u00f3n natural del cabello hasta por 24 horas<sup>1<\/sup>. Estiliza el cabello seco con las placas de cer\u00e1mica ultrasuaves que liberan microacondicionadores activados por calor para protegerlo contra frizz durante todo el d\u00eda<sup>3<\/sup>, mientras que el Aire I\u00f3nico ayuda a eliminar la est\u00e1tica y enfr\u00eda el cabello al instante, logrando un resultado 80 % m\u00e1s suave<sup>2<\/sup>.<\/p>\n","protected":false},"featured_media":8307,"comment_status":"open","ping_status":"closed","template":"","meta":{"_acf_changed":false},"product_brand":[],"product_cat":[48,214,46],"product_tag":[],"class_list":{"0":"post-8337","1":"product","2":"type-product","3":"status-publish","4":"has-post-thumbnail","6":"collections-airvive","7":"characteristics-aire-ionico","8":"characteristics-cabello-con-frizz","9":"characteristics-estilo-de-peinado","10":"characteristics-liso-perfecto","11":"characteristics-microacondicionares","12":"characteristics-mujer","13":"characteristics-proteccion","14":"characteristics-soluciones-para","15":"characteristics-tecnologia","16":"characteristics-volumen-renovado","17":"product_cat-cuidado-del-cabello","18":"product_cat-estilizadores","19":"product_cat-mujer","21":"first","22":"instock","23":"shipping-taxable","24":"product-type-simple"},"acf":[],"_links":{"self":[{"href":"https:\/\/www.remingtonlatam.com\/cr\/wp-json\/wp\/v2\/product\/8337","targetHints":{"allow":["GET"]}}],"collection":[{"href":"https:\/\/www.remingtonlatam.com\/cr\/wp-json\/wp\/v2\/product"}],"about":[{"href":"https:\/\/www.remingtonlatam.com\/cr\/wp-json\/wp\/v2\/types\/product"}],"replies":[{"embeddable":true,"href":"https:\/\/www.remingtonlatam.com\/cr\/wp-json\/wp\/v2\/comments?post=8337"}],"wp:featuredmedia":[{"embeddable":true,"href":"https:\/\/www.remingtonlatam.com\/cr\/wp-json\/wp\/v2\/media\/8307"}],"wp:attachment":[{"href":"https:\/\/www.remingtonlatam.com\/cr\/wp-json\/wp\/v2\/media?parent=8337"}],"wp:term":[{"taxonomy":"product_brand","embeddable":true,"href":"https:\/\/www.remingtonlatam.com\/cr\/wp-json\/wp\/v2\/product_brand?post=8337"},{"taxonomy":"product_cat","embeddable":true,"href":"https:\/\/www.remingtonlatam.com\/cr\/wp-json\/wp\/v2\/product_cat?post=8337"},{"taxonomy":"product_tag","embeddable":true,"href":"https:\/\/www.remingtonlatam.com\/cr\/wp-json\/wp\/v2\/product_tag?post=8337"}],"curies":[{"name":"wp","href":"https:\/\/api.w.org\/{rel}","templated":true}]}}