{"id":8081,"date":"2025-04-04T13:51:07","date_gmt":"2025-04-04T13:51:07","guid":{"rendered":"https:\/\/www.remingtonlatam.com\/cr\/?post_type=product&#038;p=8081"},"modified":"2025-05-16T17:12:13","modified_gmt":"2025-05-16T17:12:13","slug":"xr7001","status":"publish","type":"product","link":"https:\/\/www.remingtonlatam.com\/cr\/producto\/hombre\/cuidado-masculino\/cortadoras-de-cabello\/xr7001\/","title":{"rendered":"Afeitadora de cabeza Remington Balder Pro"},"content":{"rendered":"","protected":false},"excerpt":{"rendered":"<p>Dise\u00f1ada para afeitados r\u00e1pidos y c\u00f3modos en menos de dos minutos*, la Balder Pro se adapta perfectamente a los contornos de tu cabeza con cuchillas flexibles y un cabezal pivotante. \u00a1Disfruta de un afeitado al ras, f\u00e1cil y de calidad, con el m\u00ednimo esfuerzo todos los d\u00edas!<\/p>\n","protected":false},"featured_media":8090,"comment_status":"open","ping_status":"closed","template":"","meta":{"_acf_changed":false},"product_brand":[],"product_cat":[59,63,60,58],"product_tag":[],"class_list":{"0":"post-8081","1":"product","2":"type-product","3":"status-publish","4":"has-post-thumbnail","6":"characteristics-100-a-prueba-de-agua","7":"characteristics-a-prueba-de-agua","8":"characteristics-cabeza","9":"characteristics-funcion","10":"characteristics-hojillas-flexibles","11":"characteristics-hombre","12":"characteristics-recargable","13":"characteristics-tecnologia-hombre","14":"characteristics-tipo-de-carga","15":"product_cat-afeitadoras-hombre","16":"product_cat-cortadoras-de-cabello","17":"product_cat-cuidado-masculino","18":"product_cat-hombre","20":"first","21":"instock","22":"shipping-taxable","23":"product-type-simple"},"acf":[],"_links":{"self":[{"href":"https:\/\/www.remingtonlatam.com\/cr\/wp-json\/wp\/v2\/product\/8081","targetHints":{"allow":["GET"]}}],"collection":[{"href":"https:\/\/www.remingtonlatam.com\/cr\/wp-json\/wp\/v2\/product"}],"about":[{"href":"https:\/\/www.remingtonlatam.com\/cr\/wp-json\/wp\/v2\/types\/product"}],"replies":[{"embeddable":true,"href":"https:\/\/www.remingtonlatam.com\/cr\/wp-json\/wp\/v2\/comments?post=8081"}],"wp:featuredmedia":[{"embeddable":true,"href":"https:\/\/www.remingtonlatam.com\/cr\/wp-json\/wp\/v2\/media\/8090"}],"wp:attachment":[{"href":"https:\/\/www.remingtonlatam.com\/cr\/wp-json\/wp\/v2\/media?parent=8081"}],"wp:term":[{"taxonomy":"product_brand","embeddable":true,"href":"https:\/\/www.remingtonlatam.com\/cr\/wp-json\/wp\/v2\/product_brand?post=8081"},{"taxonomy":"product_cat","embeddable":true,"href":"https:\/\/www.remingtonlatam.com\/cr\/wp-json\/wp\/v2\/product_cat?post=8081"},{"taxonomy":"product_tag","embeddable":true,"href":"https:\/\/www.remingtonlatam.com\/cr\/wp-json\/wp\/v2\/product_tag?post=8081"}],"curies":[{"name":"wp","href":"https:\/\/api.w.org\/{rel}","templated":true}]}}