{"id":7987,"date":"2024-12-02T17:58:34","date_gmt":"2024-12-02T17:58:34","guid":{"rendered":"https:\/\/www.remingtonlatam.com\/cr\/?post_type=product&#038;p=7987"},"modified":"2026-03-26T16:00:30","modified_gmt":"2026-03-26T16:00:30","slug":"combo-sapphire-luxe-infinitas-posibilidades-en-un-estuche","status":"publish","type":"product","link":"https:\/\/www.remingtonlatam.com\/cr\/producto\/mujer\/cuidado-del-cabello\/combo-sapphire-luxe-infinitas-posibilidades-en-un-estuche\/","title":{"rendered":"COMBO SAPPHIRE LUXE: INFINITAS POSIBILIDADES EN UN ESTUCHE"},"content":{"rendered":"","protected":false},"excerpt":{"rendered":"<p>\u00a1D\u00e9jate sorprender por el incre\u00edble\u00a0combo Sapphire Luxe! Combinando tecnolog\u00eda de vanguardia y elegancia, este combo de plancha alisadora y secador te brindar\u00e1 resultados espectaculares. Gracias a su innovador recubrimiento cer\u00e1mico con infusi\u00f3n de zafiros reales, tu cabello lucir\u00e1 m\u00e1s suave, brillante y libre de frizz.<\/p>\n<p>Adem\u00e1s, incluye un pr\u00e1ctico estuche que te permitir\u00e1 llevarlo contigo a donde vayas, \u00a1para que siempre luzcas impecable!<\/p>\n","protected":false},"featured_media":8043,"comment_status":"open","ping_status":"closed","template":"","meta":{"_acf_changed":false},"product_brand":[],"product_cat":[48,46],"product_tag":[],"class_list":{"0":"post-7987","1":"product","2":"type-product","3":"status-publish","4":"has-post-thumbnail","6":"collections-sapphire-luxe","7":"characteristics-mujer","8":"product_cat-cuidado-del-cabello","9":"product_cat-mujer","11":"first","12":"instock","13":"shipping-taxable","14":"product-type-simple"},"acf":[],"_links":{"self":[{"href":"https:\/\/www.remingtonlatam.com\/cr\/wp-json\/wp\/v2\/product\/7987","targetHints":{"allow":["GET"]}}],"collection":[{"href":"https:\/\/www.remingtonlatam.com\/cr\/wp-json\/wp\/v2\/product"}],"about":[{"href":"https:\/\/www.remingtonlatam.com\/cr\/wp-json\/wp\/v2\/types\/product"}],"replies":[{"embeddable":true,"href":"https:\/\/www.remingtonlatam.com\/cr\/wp-json\/wp\/v2\/comments?post=7987"}],"wp:featuredmedia":[{"embeddable":true,"href":"https:\/\/www.remingtonlatam.com\/cr\/wp-json\/wp\/v2\/media\/8043"}],"wp:attachment":[{"href":"https:\/\/www.remingtonlatam.com\/cr\/wp-json\/wp\/v2\/media?parent=7987"}],"wp:term":[{"taxonomy":"product_brand","embeddable":true,"href":"https:\/\/www.remingtonlatam.com\/cr\/wp-json\/wp\/v2\/product_brand?post=7987"},{"taxonomy":"product_cat","embeddable":true,"href":"https:\/\/www.remingtonlatam.com\/cr\/wp-json\/wp\/v2\/product_cat?post=7987"},{"taxonomy":"product_tag","embeddable":true,"href":"https:\/\/www.remingtonlatam.com\/cr\/wp-json\/wp\/v2\/product_tag?post=7987"}],"curies":[{"name":"wp","href":"https:\/\/api.w.org\/{rel}","templated":true}]}}