{"id":7486,"date":"2023-05-18T17:31:29","date_gmt":"2023-05-18T17:31:29","guid":{"rendered":"https:\/\/www.remingtonlatam.com\/cr\/?post_type=product&#038;p=7486"},"modified":"2024-01-29T19:22:33","modified_gmt":"2024-01-29T19:22:33","slug":"plancha-alisadora-remington-coconut-smooth","status":"publish","type":"product","link":"https:\/\/www.remingtonlatam.com\/cr\/producto\/mujer\/cuidado-del-cabello\/planchas-alisadoras\/plancha-alisadora-remington-coconut-smooth\/","title":{"rendered":"Plancha Alisadora Remington Coconut Smooth"},"content":{"rendered":"","protected":false},"excerpt":{"rendered":"<p>Luce un cabello liso y suave. Crea estilos con protecci\u00f3n contra el frizz todo el d\u00eda* con la plancha alisadora Coconut Smooth, gracias a sus placas recubiertas de cer\u00e1mica avanzada con microacondicionador con infusi\u00f3n de coco.<br \/>\n*vs. recubrimiento cer\u00e1mico est\u00e1ndar de Remington<\/p>\n","protected":false},"featured_media":7493,"comment_status":"open","ping_status":"closed","template":"","meta":{"_acf_changed":false},"product_brand":[],"product_cat":[48,46,152],"product_tag":[],"class_list":{"0":"post-7486","1":"product","2":"type-product","3":"status-publish","4":"has-post-thumbnail","6":"collections-coconut-smooth","7":"characteristics-cabello-con-frizz","8":"characteristics-estilo-de-peinado","9":"characteristics-liso-perfecto","10":"characteristics-ondas-de-playa","11":"characteristics-soluciones-para","12":"product_cat-cuidado-del-cabello","13":"product_cat-mujer","14":"product_cat-planchas-alisadoras","16":"first","17":"instock","18":"shipping-taxable","19":"product-type-simple"},"acf":[],"_links":{"self":[{"href":"https:\/\/www.remingtonlatam.com\/cr\/wp-json\/wp\/v2\/product\/7486","targetHints":{"allow":["GET"]}}],"collection":[{"href":"https:\/\/www.remingtonlatam.com\/cr\/wp-json\/wp\/v2\/product"}],"about":[{"href":"https:\/\/www.remingtonlatam.com\/cr\/wp-json\/wp\/v2\/types\/product"}],"replies":[{"embeddable":true,"href":"https:\/\/www.remingtonlatam.com\/cr\/wp-json\/wp\/v2\/comments?post=7486"}],"wp:featuredmedia":[{"embeddable":true,"href":"https:\/\/www.remingtonlatam.com\/cr\/wp-json\/wp\/v2\/media\/7493"}],"wp:attachment":[{"href":"https:\/\/www.remingtonlatam.com\/cr\/wp-json\/wp\/v2\/media?parent=7486"}],"wp:term":[{"taxonomy":"product_brand","embeddable":true,"href":"https:\/\/www.remingtonlatam.com\/cr\/wp-json\/wp\/v2\/product_brand?post=7486"},{"taxonomy":"product_cat","embeddable":true,"href":"https:\/\/www.remingtonlatam.com\/cr\/wp-json\/wp\/v2\/product_cat?post=7486"},{"taxonomy":"product_tag","embeddable":true,"href":"https:\/\/www.remingtonlatam.com\/cr\/wp-json\/wp\/v2\/product_tag?post=7486"}],"curies":[{"name":"wp","href":"https:\/\/api.w.org\/{rel}","templated":true}]}}