{"id":8558,"date":"2025-11-07T16:15:29","date_gmt":"2025-11-07T16:15:29","guid":{"rendered":"https:\/\/www.remingtonlatam.com\/co\/?post_type=product&#038;p=8558"},"modified":"2026-01-09T17:00:26","modified_gmt":"2026-01-09T17:00:26","slug":"secador-remington-gloss","status":"publish","type":"product","link":"https:\/\/www.remingtonlatam.com\/co\/producto\/mujer\/cuidado-del-cabello\/secadores\/secador-remington-gloss\/","title":{"rendered":"Secador Remington\u00ae Gloss\u2122"},"content":{"rendered":"","protected":false},"excerpt":{"rendered":"<p><span data-sheets-root=\"1\">El secador de pelo REMINGTON\u2122 Gloss\u2122 ofrece resultados profesionales en casa gracias a sus 3 Tecnolog\u00edas para Realzar el Brillo<sup>1<\/sup>, que deja el cabello hasta un 50 % m\u00e1s brillante<sup>2<\/sup>. <\/span>La rejilla con revestimiento cer\u00e1mico, enriquecida con vitaminas C, E y B3, libera microacondicionadores activados por calor mientras secas el cabello, mientras que el potente motor AC de larga duraci\u00f3n seca el cabello un 50 % m\u00e1s r\u00e1pido<sup>3<\/sup> sin calor extremo, para un resultado suave y radiante.<\/p>\n","protected":false},"featured_media":8621,"comment_status":"open","ping_status":"closed","template":"","meta":{"_acf_changed":false},"product_brand":[],"product_cat":[48,46,51],"product_tag":[],"class_list":{"0":"post-8558","1":"product","2":"type-product","3":"status-publish","4":"has-post-thumbnail","6":"collections-gloss","7":"characteristics-antiestatica","8":"characteristics-cabello-sin-brillo","9":"characteristics-ceramica","10":"characteristics-ceramica-ultra","11":"characteristics-estilo-de-peinado","12":"characteristics-mujer","13":"characteristics-proteccion","14":"characteristics-soluciones-para","15":"characteristics-tecnologia","16":"characteristics-volumen-renovado","17":"product_cat-cuidado-del-cabello","18":"product_cat-mujer","19":"product_cat-secadores","21":"first","22":"instock","23":"shipping-taxable","24":"product-type-simple"},"acf":[],"_links":{"self":[{"href":"https:\/\/www.remingtonlatam.com\/co\/wp-json\/wp\/v2\/product\/8558","targetHints":{"allow":["GET"]}}],"collection":[{"href":"https:\/\/www.remingtonlatam.com\/co\/wp-json\/wp\/v2\/product"}],"about":[{"href":"https:\/\/www.remingtonlatam.com\/co\/wp-json\/wp\/v2\/types\/product"}],"replies":[{"embeddable":true,"href":"https:\/\/www.remingtonlatam.com\/co\/wp-json\/wp\/v2\/comments?post=8558"}],"wp:featuredmedia":[{"embeddable":true,"href":"https:\/\/www.remingtonlatam.com\/co\/wp-json\/wp\/v2\/media\/8621"}],"wp:attachment":[{"href":"https:\/\/www.remingtonlatam.com\/co\/wp-json\/wp\/v2\/media?parent=8558"}],"wp:term":[{"taxonomy":"product_brand","embeddable":true,"href":"https:\/\/www.remingtonlatam.com\/co\/wp-json\/wp\/v2\/product_brand?post=8558"},{"taxonomy":"product_cat","embeddable":true,"href":"https:\/\/www.remingtonlatam.com\/co\/wp-json\/wp\/v2\/product_cat?post=8558"},{"taxonomy":"product_tag","embeddable":true,"href":"https:\/\/www.remingtonlatam.com\/co\/wp-json\/wp\/v2\/product_tag?post=8558"}],"curies":[{"name":"wp","href":"https:\/\/api.w.org\/{rel}","templated":true}]}}