{"id":7996,"date":"2024-10-29T19:32:28","date_gmt":"2024-10-29T19:32:28","guid":{"rendered":"https:\/\/www.remingtonlatam.com\/co\/?post_type=product&#038;p=7996"},"modified":"2024-11-12T14:42:30","modified_gmt":"2024-11-12T14:42:30","slug":"afeitadora-rotativa-remington-style-series-r1","status":"publish","type":"product","link":"https:\/\/www.remingtonlatam.com\/co\/producto\/hombre\/afeitadoras-hombre\/afeitadoras-rotativas\/afeitadora-rotativa-remington-style-series-r1\/","title":{"rendered":"Afeitadora Rotativa  Remington Style Series R1"},"content":{"rendered":"","protected":false},"excerpt":{"rendered":"<p>La afeitadora rotativa Remington Style Series R1 cuenta con cuchillas de acero inoxidable Dual Track para un m\u00e1ximo contacto con la piel, que proporciona un afeitado c\u00f3modo y resultados suaves. Si buscas un afeitado sin complicaciones y m\u00e1s eficiente, esta afeitadora rotativa es la ideal para ti.<\/p>\n","protected":false},"featured_media":8008,"comment_status":"open","ping_status":"closed","template":"","meta":{"_acf_changed":false},"product_brand":[],"product_cat":[59,62,58],"product_tag":[],"class_list":{"0":"post-7996","1":"product","2":"type-product","3":"status-publish","4":"has-post-thumbnail","6":"characteristics-cuchillas-de-acero-inoxidable","7":"characteristics-cuchillas-de-acero-japones","8":"characteristics-funcion","9":"characteristics-recargable","10":"characteristics-rostro","11":"characteristics-tecnologia-hombre","12":"characteristics-tipo-de-carga","13":"product_cat-afeitadoras-hombre","14":"product_cat-afeitadoras-rotativas","15":"product_cat-hombre","17":"first","18":"instock","19":"shipping-taxable","20":"product-type-simple"},"acf":[],"_links":{"self":[{"href":"https:\/\/www.remingtonlatam.com\/co\/wp-json\/wp\/v2\/product\/7996","targetHints":{"allow":["GET"]}}],"collection":[{"href":"https:\/\/www.remingtonlatam.com\/co\/wp-json\/wp\/v2\/product"}],"about":[{"href":"https:\/\/www.remingtonlatam.com\/co\/wp-json\/wp\/v2\/types\/product"}],"replies":[{"embeddable":true,"href":"https:\/\/www.remingtonlatam.com\/co\/wp-json\/wp\/v2\/comments?post=7996"}],"wp:featuredmedia":[{"embeddable":true,"href":"https:\/\/www.remingtonlatam.com\/co\/wp-json\/wp\/v2\/media\/8008"}],"wp:attachment":[{"href":"https:\/\/www.remingtonlatam.com\/co\/wp-json\/wp\/v2\/media?parent=7996"}],"wp:term":[{"taxonomy":"product_brand","embeddable":true,"href":"https:\/\/www.remingtonlatam.com\/co\/wp-json\/wp\/v2\/product_brand?post=7996"},{"taxonomy":"product_cat","embeddable":true,"href":"https:\/\/www.remingtonlatam.com\/co\/wp-json\/wp\/v2\/product_cat?post=7996"},{"taxonomy":"product_tag","embeddable":true,"href":"https:\/\/www.remingtonlatam.com\/co\/wp-json\/wp\/v2\/product_tag?post=7996"}],"curies":[{"name":"wp","href":"https:\/\/api.w.org\/{rel}","templated":true}]}}