{"id":7929,"date":"2024-08-23T16:39:15","date_gmt":"2024-08-23T16:39:15","guid":{"rendered":"https:\/\/www.remingtonlatam.com\/co\/?post_type=product&#038;p=7929"},"modified":"2024-10-22T15:06:29","modified_gmt":"2024-10-22T15:06:29","slug":"plancha-alisadora-remington-sapphire-luxe","status":"publish","type":"product","link":"https:\/\/www.remingtonlatam.com\/co\/producto\/mujer\/cuidado-del-cabello\/planchas-alisadoras\/plancha-alisadora-remington-sapphire-luxe\/","title":{"rendered":"Plancha Alisadora Remington Sapphire Luxe"},"content":{"rendered":"","protected":false},"excerpt":{"rendered":"<p>La plancha alisadora Remington Sapphire Luxe es una declaraci\u00f3n de estilo en m\u00e1s de un sentido. La combinaci\u00f3n de colores azul marino y champa\u00f1a se ve armoniosa, mientras que las placas con recubrimiento cer\u00e1mico avanzado infundido con zafiros reales te brindan resultados 2 veces m\u00e1s suaves*.<\/p>\n<p>&nbsp;<\/p>\n<p>*vs. recubrimiento cer\u00e1mico est\u00e1ndar de Remington<\/p>\n","protected":false},"featured_media":7936,"comment_status":"open","ping_status":"closed","template":"","meta":{"_acf_changed":false},"product_brand":[],"product_cat":[48,46,152],"product_tag":[],"class_list":{"0":"post-7929","1":"product","2":"type-product","3":"status-publish","4":"has-post-thumbnail","6":"collections-sapphire-luxe","7":"characteristics-cabello-con-frizz","8":"characteristics-cabello-sin-brillo","9":"characteristics-ceramica","10":"characteristics-estilo-de-peinado","11":"characteristics-liso-perfecto","12":"characteristics-ondas-de-playa","13":"characteristics-soluciones-para","14":"product_cat-cuidado-del-cabello","15":"product_cat-mujer","16":"product_cat-planchas-alisadoras","18":"first","19":"instock","20":"shipping-taxable","21":"product-type-simple"},"acf":[],"_links":{"self":[{"href":"https:\/\/www.remingtonlatam.com\/co\/wp-json\/wp\/v2\/product\/7929","targetHints":{"allow":["GET"]}}],"collection":[{"href":"https:\/\/www.remingtonlatam.com\/co\/wp-json\/wp\/v2\/product"}],"about":[{"href":"https:\/\/www.remingtonlatam.com\/co\/wp-json\/wp\/v2\/types\/product"}],"replies":[{"embeddable":true,"href":"https:\/\/www.remingtonlatam.com\/co\/wp-json\/wp\/v2\/comments?post=7929"}],"wp:featuredmedia":[{"embeddable":true,"href":"https:\/\/www.remingtonlatam.com\/co\/wp-json\/wp\/v2\/media\/7936"}],"wp:attachment":[{"href":"https:\/\/www.remingtonlatam.com\/co\/wp-json\/wp\/v2\/media?parent=7929"}],"wp:term":[{"taxonomy":"product_brand","embeddable":true,"href":"https:\/\/www.remingtonlatam.com\/co\/wp-json\/wp\/v2\/product_brand?post=7929"},{"taxonomy":"product_cat","embeddable":true,"href":"https:\/\/www.remingtonlatam.com\/co\/wp-json\/wp\/v2\/product_cat?post=7929"},{"taxonomy":"product_tag","embeddable":true,"href":"https:\/\/www.remingtonlatam.com\/co\/wp-json\/wp\/v2\/product_tag?post=7929"}],"curies":[{"name":"wp","href":"https:\/\/api.w.org\/{rel}","templated":true}]}}