{"id":7566,"date":"2023-05-18T12:33:22","date_gmt":"2023-05-18T12:33:22","guid":{"rendered":"https:\/\/www.remingtonlatam.com\/co\/?post_type=product&#038;p=7566"},"modified":"2024-10-02T13:09:14","modified_gmt":"2024-10-02T13:09:14","slug":"secador-remington-coconut-smooth","status":"publish","type":"product","link":"https:\/\/www.remingtonlatam.com\/co\/producto\/mujer\/cuidado-del-cabello\/secadores\/secador-remington-coconut-smooth\/","title":{"rendered":"Secador Remington Coconut Smooth"},"content":{"rendered":"","protected":false},"excerpt":{"rendered":"<p>Luce un cabello suave y libre de frizz. Crea estilos con protecci\u00f3n contra el frizz todo el d\u00eda* con el secador Coconut Smooth, gracias a su rejilla recubierta de cer\u00e1mica avanzada con microacondicionador con infusi\u00f3n de coco.<br \/>\n*vs. recubrimiento cer\u00e1mico est\u00e1ndar de Remington<\/p>\n","protected":false},"featured_media":7572,"comment_status":"open","ping_status":"closed","template":"","meta":{"_acf_changed":false},"product_brand":[],"product_cat":[48,46,51],"product_tag":[],"class_list":{"0":"post-7566","1":"product","2":"type-product","3":"status-publish","4":"has-post-thumbnail","6":"collections-coconut-smooth","7":"characteristics-cabello-con-frizz","8":"characteristics-estilo-de-peinado","9":"characteristics-iones","10":"characteristics-proteccion-y-suavidad","11":"characteristics-soluciones-para","12":"characteristics-tecnologia","13":"characteristics-volumen-renovado","14":"product_cat-cuidado-del-cabello","15":"product_cat-mujer","16":"product_cat-secadores","18":"first","19":"instock","20":"shipping-taxable","21":"product-type-simple"},"acf":[],"_links":{"self":[{"href":"https:\/\/www.remingtonlatam.com\/co\/wp-json\/wp\/v2\/product\/7566","targetHints":{"allow":["GET"]}}],"collection":[{"href":"https:\/\/www.remingtonlatam.com\/co\/wp-json\/wp\/v2\/product"}],"about":[{"href":"https:\/\/www.remingtonlatam.com\/co\/wp-json\/wp\/v2\/types\/product"}],"replies":[{"embeddable":true,"href":"https:\/\/www.remingtonlatam.com\/co\/wp-json\/wp\/v2\/comments?post=7566"}],"wp:featuredmedia":[{"embeddable":true,"href":"https:\/\/www.remingtonlatam.com\/co\/wp-json\/wp\/v2\/media\/7572"}],"wp:attachment":[{"href":"https:\/\/www.remingtonlatam.com\/co\/wp-json\/wp\/v2\/media?parent=7566"}],"wp:term":[{"taxonomy":"product_brand","embeddable":true,"href":"https:\/\/www.remingtonlatam.com\/co\/wp-json\/wp\/v2\/product_brand?post=7566"},{"taxonomy":"product_cat","embeddable":true,"href":"https:\/\/www.remingtonlatam.com\/co\/wp-json\/wp\/v2\/product_cat?post=7566"},{"taxonomy":"product_tag","embeddable":true,"href":"https:\/\/www.remingtonlatam.com\/co\/wp-json\/wp\/v2\/product_tag?post=7566"}],"curies":[{"name":"wp","href":"https:\/\/api.w.org\/{rel}","templated":true}]}}