{"id":6932,"date":"2021-07-22T15:26:25","date_gmt":"2021-07-22T15:26:25","guid":{"rendered":"https:\/\/www.remingtonlatam.com\/co\/producto\/sin%20categor\u00eda\/cortador-de-cabello-remington-23-piezas\/"},"modified":"2024-10-31T17:31:02","modified_gmt":"2024-10-31T17:31:02","slug":"cortador-de-cabello-remington-23-piezas","status":"publish","type":"product","link":"https:\/\/www.remingtonlatam.com\/co\/producto\/hombre\/cuidado-masculino\/cortadoras-de-cabello\/cortador-de-cabello-remington-23-piezas\/","title":{"rendered":"Cortador De Cabello Remington 23 piezas"},"content":{"rendered":"","protected":false},"excerpt":{"rendered":"<p>Remington presenta su <b>M\u00e1quina de cortar pelo de 23 piezas<\/b> de mayor calidad. El kit incluye nueve peines de distintas longitudes (de 0,5 a 2 mm). As\u00ed que sea cual sea el look deseado, no tendr\u00e1s m\u00e1s que seleccionar peine apropiado y ponerte manos a la obra.<\/p>\n","protected":false},"featured_media":6936,"comment_status":"open","ping_status":"closed","template":"","meta":{"_acf_changed":false},"product_brand":[],"product_cat":[63,60,58],"product_tag":[],"class_list":{"0":"post-6932","1":"product","2":"type-product","3":"status-publish","4":"has-post-thumbnail","6":"characteristics-cuchillas-autoafilables","7":"characteristics-uso-con-cable","8":"product_cat-cortadoras-de-cabello","9":"product_cat-cuidado-masculino","10":"product_cat-hombre","12":"first","13":"instock","14":"shipping-taxable","15":"product-type-simple"},"acf":[],"_links":{"self":[{"href":"https:\/\/www.remingtonlatam.com\/co\/wp-json\/wp\/v2\/product\/6932","targetHints":{"allow":["GET"]}}],"collection":[{"href":"https:\/\/www.remingtonlatam.com\/co\/wp-json\/wp\/v2\/product"}],"about":[{"href":"https:\/\/www.remingtonlatam.com\/co\/wp-json\/wp\/v2\/types\/product"}],"replies":[{"embeddable":true,"href":"https:\/\/www.remingtonlatam.com\/co\/wp-json\/wp\/v2\/comments?post=6932"}],"wp:featuredmedia":[{"embeddable":true,"href":"https:\/\/www.remingtonlatam.com\/co\/wp-json\/wp\/v2\/media\/6936"}],"wp:attachment":[{"href":"https:\/\/www.remingtonlatam.com\/co\/wp-json\/wp\/v2\/media?parent=6932"}],"wp:term":[{"taxonomy":"product_brand","embeddable":true,"href":"https:\/\/www.remingtonlatam.com\/co\/wp-json\/wp\/v2\/product_brand?post=6932"},{"taxonomy":"product_cat","embeddable":true,"href":"https:\/\/www.remingtonlatam.com\/co\/wp-json\/wp\/v2\/product_cat?post=6932"},{"taxonomy":"product_tag","embeddable":true,"href":"https:\/\/www.remingtonlatam.com\/co\/wp-json\/wp\/v2\/product_tag?post=6932"}],"curies":[{"name":"wp","href":"https:\/\/api.w.org\/{rel}","templated":true}]}}