{"id":6807,"date":"2021-03-12T19:39:16","date_gmt":"2021-03-12T19:39:16","guid":{"rendered":"https:\/\/www.remingtonlatam.com\/co\/producto\/sin%20categor\u00eda\/cepillo-de-aire-remington-wet2style\/"},"modified":"2024-07-23T13:20:58","modified_gmt":"2024-07-23T13:20:58","slug":"cepillo-de-aire-remington-wet2style","status":"publish","type":"product","link":"https:\/\/www.remingtonlatam.com\/co\/producto\/mujer\/cuidado-del-cabello\/cepillos\/cepillo-de-aire-remington-wet2style\/","title":{"rendered":"Cepillo de aire Remington Wet2Style"},"content":{"rendered":"","protected":false},"excerpt":{"rendered":"<p>Ahora hay una manera segura estilizar tu cabello h\u00famedo con el cepillo de aire caliente Wet2Style. Este cepillo cuenta con un barril con ventilaci\u00f3n, recubierto con cer\u00e1mica y microacondicionadores antifrizz, que combina un poderoso flujo de aire con calor optimizado para secar y estilizar en un solo paso.<\/p>\n","protected":false},"featured_media":6810,"comment_status":"open","ping_status":"closed","template":"","meta":{"_acf_changed":false},"product_brand":[],"product_cat":[53,48,46],"product_tag":[],"class_list":{"0":"post-6807","1":"product","2":"type-product","3":"status-publish","4":"has-post-thumbnail","6":"collections-w2s","7":"characteristics-cabello-con-frizz","8":"characteristics-ceramicacabello-sin-volumen","9":"characteristics-volumen-renovado","10":"product_cat-cepillos","11":"product_cat-cuidado-del-cabello","12":"product_cat-mujer","14":"first","15":"instock","16":"shipping-taxable","17":"product-type-simple"},"acf":[],"_links":{"self":[{"href":"https:\/\/www.remingtonlatam.com\/co\/wp-json\/wp\/v2\/product\/6807","targetHints":{"allow":["GET"]}}],"collection":[{"href":"https:\/\/www.remingtonlatam.com\/co\/wp-json\/wp\/v2\/product"}],"about":[{"href":"https:\/\/www.remingtonlatam.com\/co\/wp-json\/wp\/v2\/types\/product"}],"replies":[{"embeddable":true,"href":"https:\/\/www.remingtonlatam.com\/co\/wp-json\/wp\/v2\/comments?post=6807"}],"wp:featuredmedia":[{"embeddable":true,"href":"https:\/\/www.remingtonlatam.com\/co\/wp-json\/wp\/v2\/media\/6810"}],"wp:attachment":[{"href":"https:\/\/www.remingtonlatam.com\/co\/wp-json\/wp\/v2\/media?parent=6807"}],"wp:term":[{"taxonomy":"product_brand","embeddable":true,"href":"https:\/\/www.remingtonlatam.com\/co\/wp-json\/wp\/v2\/product_brand?post=6807"},{"taxonomy":"product_cat","embeddable":true,"href":"https:\/\/www.remingtonlatam.com\/co\/wp-json\/wp\/v2\/product_cat?post=6807"},{"taxonomy":"product_tag","embeddable":true,"href":"https:\/\/www.remingtonlatam.com\/co\/wp-json\/wp\/v2\/product_tag?post=6807"}],"curies":[{"name":"wp","href":"https:\/\/api.w.org\/{rel}","templated":true}]}}