{"id":6625,"date":"2021-03-06T02:39:27","date_gmt":"2021-03-06T02:39:27","guid":{"rendered":"https:\/\/www.remingtonlatam.com\/co\/producto\/sincategorizar\/secador-remington-wet2style\/"},"modified":"2024-10-02T13:53:15","modified_gmt":"2024-10-02T13:53:15","slug":"secador-remington-wet2style","status":"publish","type":"product","link":"https:\/\/www.remingtonlatam.com\/co\/producto\/mujer\/cuidado-del-cabello\/secadores\/secador-remington-wet2style\/","title":{"rendered":"Secador Remington Wet2Style"},"content":{"rendered":"","protected":false},"excerpt":{"rendered":"<p>El <b>secador de cabello<\/b> que estiliza y cuenta con 4 accesorios \u00fanicos. \u2063<br \/>\nTransforma tu rutina de peinado con el <b>secador Wet2Style<\/b> para un peinado m\u00e1s r\u00e1pido* y con m\u00e1s protecci\u00f3n*.<\/p>\n","protected":false},"featured_media":6628,"comment_status":"open","ping_status":"closed","template":"","meta":{"_acf_changed":false},"product_brand":[],"product_cat":[48,46,51],"product_tag":[],"class_list":{"0":"post-6625","1":"product","2":"type-product","3":"status-publish","4":"has-post-thumbnail","6":"collections-w2s","7":"characteristics-cabello-con-frizz","8":"characteristics-cabello-sin-volumen","9":"characteristics-ceramica-con-microacondicionadores","10":"characteristics-volumen-renovado","11":"product_cat-cuidado-del-cabello","12":"product_cat-mujer","13":"product_cat-secadores","15":"first","16":"instock","17":"shipping-taxable","18":"product-type-simple"},"acf":[],"_links":{"self":[{"href":"https:\/\/www.remingtonlatam.com\/co\/wp-json\/wp\/v2\/product\/6625","targetHints":{"allow":["GET"]}}],"collection":[{"href":"https:\/\/www.remingtonlatam.com\/co\/wp-json\/wp\/v2\/product"}],"about":[{"href":"https:\/\/www.remingtonlatam.com\/co\/wp-json\/wp\/v2\/types\/product"}],"replies":[{"embeddable":true,"href":"https:\/\/www.remingtonlatam.com\/co\/wp-json\/wp\/v2\/comments?post=6625"}],"wp:featuredmedia":[{"embeddable":true,"href":"https:\/\/www.remingtonlatam.com\/co\/wp-json\/wp\/v2\/media\/6628"}],"wp:attachment":[{"href":"https:\/\/www.remingtonlatam.com\/co\/wp-json\/wp\/v2\/media?parent=6625"}],"wp:term":[{"taxonomy":"product_brand","embeddable":true,"href":"https:\/\/www.remingtonlatam.com\/co\/wp-json\/wp\/v2\/product_brand?post=6625"},{"taxonomy":"product_cat","embeddable":true,"href":"https:\/\/www.remingtonlatam.com\/co\/wp-json\/wp\/v2\/product_cat?post=6625"},{"taxonomy":"product_tag","embeddable":true,"href":"https:\/\/www.remingtonlatam.com\/co\/wp-json\/wp\/v2\/product_tag?post=6625"}],"curies":[{"name":"wp","href":"https:\/\/api.w.org\/{rel}","templated":true}]}}