{"id":7687,"date":"2025-09-29T16:33:35","date_gmt":"2025-09-29T16:33:35","guid":{"rendered":"https:\/\/www.remingtonlatam.com\/cl\/?post_type=product&#038;p=7687"},"modified":"2026-03-25T21:23:13","modified_gmt":"2026-03-25T21:23:13","slug":"secador-digital-remington-airvive","status":"publish","type":"product","link":"https:\/\/www.remingtonlatam.com\/cl\/producto\/mujer\/cuidado-del-cabello\/secadores\/secador-digital-remington-airvive\/","title":{"rendered":"SECADOR DIGITAL REMINGTON\u00ae AIRvive\u2122"},"content":{"rendered":"","protected":false},"excerpt":{"rendered":"<p><span data-sheets-root=\"1\">Ultrarr\u00e1pido y ultrasuave, el Secador Digital REMINGTON\u00ae AIRvive\u2122 cuenta con Tecnolog\u00eda de Aire I\u00f3nico de alta velocidad, microacondicionadores activados por calor con NUEVA f\u00f3rmula anti-frizz y un motor digital avanzado para lograr resultados ultra suaves y protecci\u00f3n contra el frizz durante todo el d\u00eda<sup>1<\/sup>. <\/span><\/p>\n","protected":false},"featured_media":7663,"comment_status":"open","ping_status":"closed","template":"","meta":{"_acf_changed":false},"product_brand":[],"product_cat":[48,46,51],"product_tag":[],"class_list":{"0":"post-7687","1":"product","2":"type-product","3":"status-publish","4":"has-post-thumbnail","6":"collections-airvive","7":"characteristics-antiestatica","8":"characteristics-cabello-con-frizz","9":"characteristics-cabello-sin-brillo","10":"characteristics-cabello-sin-volumen","11":"characteristics-ceramica","12":"characteristics-estilo-de-peinado","13":"characteristics-iones","14":"characteristics-liso-perfecto","15":"characteristics-mujer","16":"characteristics-rizos-definidos","17":"characteristics-soluciones-para","18":"characteristics-tecnologia","19":"characteristics-volumen-renovado","20":"product_cat-cuidado-del-cabello","21":"product_cat-mujer","22":"product_cat-secadores","24":"first","25":"instock","26":"shipping-taxable","27":"product-type-simple"},"acf":[],"_links":{"self":[{"href":"https:\/\/www.remingtonlatam.com\/cl\/wp-json\/wp\/v2\/product\/7687","targetHints":{"allow":["GET"]}}],"collection":[{"href":"https:\/\/www.remingtonlatam.com\/cl\/wp-json\/wp\/v2\/product"}],"about":[{"href":"https:\/\/www.remingtonlatam.com\/cl\/wp-json\/wp\/v2\/types\/product"}],"replies":[{"embeddable":true,"href":"https:\/\/www.remingtonlatam.com\/cl\/wp-json\/wp\/v2\/comments?post=7687"}],"wp:featuredmedia":[{"embeddable":true,"href":"https:\/\/www.remingtonlatam.com\/cl\/wp-json\/wp\/v2\/media\/7663"}],"wp:attachment":[{"href":"https:\/\/www.remingtonlatam.com\/cl\/wp-json\/wp\/v2\/media?parent=7687"}],"wp:term":[{"taxonomy":"product_brand","embeddable":true,"href":"https:\/\/www.remingtonlatam.com\/cl\/wp-json\/wp\/v2\/product_brand?post=7687"},{"taxonomy":"product_cat","embeddable":true,"href":"https:\/\/www.remingtonlatam.com\/cl\/wp-json\/wp\/v2\/product_cat?post=7687"},{"taxonomy":"product_tag","embeddable":true,"href":"https:\/\/www.remingtonlatam.com\/cl\/wp-json\/wp\/v2\/product_tag?post=7687"}],"curies":[{"name":"wp","href":"https:\/\/api.w.org\/{rel}","templated":true}]}}