{"id":2562,"date":"2019-12-10T06:26:20","date_gmt":"2019-12-10T06:26:20","guid":{"rendered":"http:\/\/remingtonla-stage.us-east-1.elasticbeanstalk.com\/cl\/producto\/secador-remington-on-the-go\/"},"modified":"2021-07-22T15:00:49","modified_gmt":"2021-07-22T15:00:49","slug":"secador-remington-on-the-go","status":"publish","type":"product","link":"https:\/\/www.remingtonlatam.com\/cl\/producto\/mujer\/cuidado-del-cabello\/secadores\/secador-remington-on-the-go\/","title":{"rendered":"Secador Remington On The Go"},"content":{"rendered":"","protected":false},"excerpt":{"rendered":"<p>Ahora podr\u00e1s crear tus propios estilos est\u00e9s donde est\u00e9s gracias al <b>secador compacto On The Go<\/b> de Remington, tu <b>secador de viaje<\/b> y compa\u00f1ero de escapada perfecto.<\/p>\n","protected":false},"featured_media":2563,"comment_status":"open","ping_status":"closed","template":"","meta":{"_acf_changed":false},"product_brand":[],"product_cat":[48,46,51],"product_tag":[],"class_list":{"0":"post-2562","1":"product","2":"type-product","3":"status-publish","4":"has-post-thumbnail","6":"characteristics-volumen-renovado","7":"product_cat-cuidado-del-cabello","8":"product_cat-mujer","9":"product_cat-secadores","11":"first","12":"instock","13":"shipping-taxable","14":"product-type-simple"},"acf":[],"_links":{"self":[{"href":"https:\/\/www.remingtonlatam.com\/cl\/wp-json\/wp\/v2\/product\/2562","targetHints":{"allow":["GET"]}}],"collection":[{"href":"https:\/\/www.remingtonlatam.com\/cl\/wp-json\/wp\/v2\/product"}],"about":[{"href":"https:\/\/www.remingtonlatam.com\/cl\/wp-json\/wp\/v2\/types\/product"}],"replies":[{"embeddable":true,"href":"https:\/\/www.remingtonlatam.com\/cl\/wp-json\/wp\/v2\/comments?post=2562"}],"wp:featuredmedia":[{"embeddable":true,"href":"https:\/\/www.remingtonlatam.com\/cl\/wp-json\/wp\/v2\/media\/2563"}],"wp:attachment":[{"href":"https:\/\/www.remingtonlatam.com\/cl\/wp-json\/wp\/v2\/media?parent=2562"}],"wp:term":[{"taxonomy":"product_brand","embeddable":true,"href":"https:\/\/www.remingtonlatam.com\/cl\/wp-json\/wp\/v2\/product_brand?post=2562"},{"taxonomy":"product_cat","embeddable":true,"href":"https:\/\/www.remingtonlatam.com\/cl\/wp-json\/wp\/v2\/product_cat?post=2562"},{"taxonomy":"product_tag","embeddable":true,"href":"https:\/\/www.remingtonlatam.com\/cl\/wp-json\/wp\/v2\/product_tag?post=2562"}],"curies":[{"name":"wp","href":"https:\/\/api.w.org\/{rel}","templated":true}]}}