{"id":3121,"date":"2019-12-12T16:01:57","date_gmt":"2019-12-12T16:01:57","guid":{"rendered":"http:\/\/remingtonla-stage.us-east-1.elasticbeanstalk.com\/pa\/producto\/plancha-alisadora-remington-shine-therapy\/"},"modified":"2024-11-27T20:31:35","modified_gmt":"2024-11-27T20:31:35","slug":"plancha-alisadora-remington-shine-therapy","status":"publish","type":"product","link":"https:\/\/www.remingtonlatam.com\/br\/producto\/mulher\/cuidado-para-o-cabelo\/pranchas-de-cabelo\/plancha-alisadora-remington-shine-therapy\/","title":{"rendered":"PRANCHA DE CABELO REMINGTON SHINE THERAPY"},"content":{"rendered":"","protected":false},"excerpt":{"rendered":"<p><span style=\"color: #000000\">Se deseja cabelos com 86% mais de brilho* escolha a <strong>Prancha de Cabelo Remington Shine Therapy<\/strong>. As placas revestidas de cer\u00e2mica avan\u00e7ada cont\u00eam \u00f3leo de abacate e macad\u00e2mia que, quando aquecidas, liber<\/span><span style=\"color: #000000\"><span style=\"text-decoration: line-through\">t<\/span><\/span><span style=\"color: #000000\">am micro-condicionadores que real\u00e7am o brilho do seu cabelo.<\/span><\/p>\n","protected":false},"featured_media":3124,"comment_status":"open","ping_status":"closed","template":"","meta":{"_acf_changed":false},"product_brand":[],"product_cat":[48,46,152],"product_tag":[],"class_list":{"0":"post-3121","1":"product","2":"type-product","3":"status-publish","4":"has-post-thumbnail","6":"collections-shine-therapy","7":"characteristics-aguacate-y-macadamia","8":"characteristics-cabelo-com-frizz","9":"characteristics-cabelo-danificado","10":"characteristics-cabelo-sem-brilho","11":"characteristics-ceramica","12":"characteristics-liso-perfeito","13":"product_cat-cuidado-para-o-cabelo","14":"product_cat-mulher","15":"product_cat-pranchas-de-cabelo","17":"first","18":"instock","19":"featured","20":"shipping-taxable","21":"product-type-simple"},"acf":[],"_links":{"self":[{"href":"https:\/\/www.remingtonlatam.com\/br\/wp-json\/wp\/v2\/product\/3121","targetHints":{"allow":["GET"]}}],"collection":[{"href":"https:\/\/www.remingtonlatam.com\/br\/wp-json\/wp\/v2\/product"}],"about":[{"href":"https:\/\/www.remingtonlatam.com\/br\/wp-json\/wp\/v2\/types\/product"}],"replies":[{"embeddable":true,"href":"https:\/\/www.remingtonlatam.com\/br\/wp-json\/wp\/v2\/comments?post=3121"}],"wp:featuredmedia":[{"embeddable":true,"href":"https:\/\/www.remingtonlatam.com\/br\/wp-json\/wp\/v2\/media\/3124"}],"wp:attachment":[{"href":"https:\/\/www.remingtonlatam.com\/br\/wp-json\/wp\/v2\/media?parent=3121"}],"wp:term":[{"taxonomy":"product_brand","embeddable":true,"href":"https:\/\/www.remingtonlatam.com\/br\/wp-json\/wp\/v2\/product_brand?post=3121"},{"taxonomy":"product_cat","embeddable":true,"href":"https:\/\/www.remingtonlatam.com\/br\/wp-json\/wp\/v2\/product_cat?post=3121"},{"taxonomy":"product_tag","embeddable":true,"href":"https:\/\/www.remingtonlatam.com\/br\/wp-json\/wp\/v2\/product_tag?post=3121"}],"curies":[{"name":"wp","href":"https:\/\/api.w.org\/{rel}","templated":true}]}}