{"id":403,"date":"2019-10-10T23:20:44","date_gmt":"2019-10-10T23:20:44","guid":{"rendered":"http:\/\/remingtonla-stage.us-east-1.elasticbeanstalk.com\/pa\/?page_id=403"},"modified":"2025-10-16T18:54:41","modified_gmt":"2025-10-16T18:54:41","slug":"manutd","status":"publish","type":"page","link":"https:\/\/www.remingtonlatam.com\/br\/manutd\/","title":{"rendered":"ManUtd"},"content":{"rendered":"\t\t<div data-elementor-type=\"wp-post\" data-elementor-id=\"403\" class=\"elementor elementor-403\" data-elementor-post-type=\"page\">\n\t\t\t\t\t\t<section class=\"elementor-section elementor-top-section elementor-element elementor-element-9a1667d elementor-section-boxed elementor-section-height-default elementor-section-height-default\" data-id=\"9a1667d\" data-element_type=\"section\" data-e-type=\"section\">\n\t\t\t\t\t\t<div class=\"elementor-container elementor-column-gap-default\">\n\t\t\t\t\t<div class=\"elementor-column elementor-col-100 elementor-top-column elementor-element elementor-element-016a9bc\" data-id=\"016a9bc\" data-element_type=\"column\" data-e-type=\"column\">\n\t\t\t<div class=\"elementor-widget-wrap elementor-element-populated\">\n\t\t\t\t\t\t<div class=\"elementor-element elementor-element-6e2ca3e elementor-widget elementor-widget-image\" data-id=\"6e2ca3e\" data-element_type=\"widget\" data-e-type=\"widget\" data-widget_type=\"image.default\">\n\t\t\t\t<div class=\"elementor-widget-container\">\n\t\t\t\t\t\t\t\t\t\t\t\t\t\t\t<img fetchpriority=\"high\" decoding=\"async\" width=\"1920\" height=\"616\" src=\"https:\/\/www.remingtonlatam.com\/br\/wp-content\/uploads\/sites\/41\/2025\/10\/banner_manutd_02.png\" class=\"attachment-full size-full wp-image-6913\" alt=\"\" \/>\t\t\t\t\t\t\t\t\t\t\t\t\t\t\t<\/div>\n\t\t\t\t<\/div>\n\t\t\t\t\t<\/div>\n\t\t<\/div>\n\t\t\t\t\t<\/div>\n\t\t<\/section>\n\t\t\t\t<section class=\"elementor-section elementor-top-section elementor-element elementor-element-b985712 elementor-section-boxed elementor-section-height-default elementor-section-height-default\" data-id=\"b985712\" data-element_type=\"section\" data-e-type=\"section\" data-settings=\"{&quot;background_background&quot;:&quot;classic&quot;}\">\n\t\t\t\t\t\t<div class=\"elementor-container elementor-column-gap-default\">\n\t\t\t\t\t<div class=\"elementor-column elementor-col-100 elementor-top-column elementor-element elementor-element-bdd00e8\" data-id=\"bdd00e8\" data-element_type=\"column\" data-e-type=\"column\">\n\t\t\t<div class=\"elementor-widget-wrap elementor-element-populated\">\n\t\t\t\t\t\t<div class=\"elementor-element elementor-element-3947527 elementor-widget elementor-widget-heading\" data-id=\"3947527\" data-element_type=\"widget\" data-e-type=\"widget\" data-widget_type=\"heading.default\">\n\t\t\t\t<div class=\"elementor-widget-container\">\n\t\t\t\t\t<h2 class=\"elementor-heading-title elementor-size-default\">REMINGTON<sup>\u00ae<\/sup> ES EL PRIMER COLABORADOR OFICIAL DEL\n MANCHESTER UNITED FOOTBALL CLUB<\/h2>\t\t\t\t<\/div>\n\t\t\t\t<\/div>\n\t\t\t\t<div class=\"elementor-element elementor-element-7445a3e elementor-widget elementor-widget-remingtonla-breadcrumb\" data-id=\"7445a3e\" data-element_type=\"widget\" data-e-type=\"widget\" data-widget_type=\"remingtonla-breadcrumb.default\">\n\t\t\t\t<div class=\"elementor-widget-container\">\n\t\t\t\t\t<div class=\"storefront-breadcrumb\"><div class=\"col-full\"><nav class=\"woocommerce-breadcrumb\" aria-label=\"breadcrumbs\">Home<\/nav><\/div><\/div>\t\t\t\t<\/div>\n\t\t\t\t<\/div>\n\t\t\t\t\t<\/div>\n\t\t<\/div>\n\t\t\t\t\t<\/div>\n\t\t<\/section>\n\t\t\t\t<section class=\"elementor-section elementor-top-section elementor-element elementor-element-6e20b4a landing elementor-section-boxed elementor-section-height-default elementor-section-height-default\" data-id=\"6e20b4a\" data-element_type=\"section\" data-e-type=\"section\">\n\t\t\t\t\t\t<div class=\"elementor-container elementor-column-gap-default\">\n\t\t\t\t\t<div class=\"elementor-column elementor-col-100 elementor-top-column elementor-element elementor-element-ea797d9\" data-id=\"ea797d9\" data-element_type=\"column\" data-e-type=\"column\">\n\t\t\t<div class=\"elementor-widget-wrap elementor-element-populated\">\n\t\t\t\t\t\t<div class=\"elementor-element elementor-element-2bdb3d5 elementor-widget elementor-widget-spacer\" data-id=\"2bdb3d5\" data-element_type=\"widget\" data-e-type=\"widget\" data-widget_type=\"spacer.default\">\n\t\t\t\t<div class=\"elementor-widget-container\">\n\t\t\t\t\t\t\t<div class=\"elementor-spacer\">\n\t\t\t<div class=\"elementor-spacer-inner\"><\/div>\n\t\t<\/div>\n\t\t\t\t\t\t<\/div>\n\t\t\t\t<\/div>\n\t\t\t\t<div class=\"elementor-element elementor-element-b439dce bodoni-font elementor-widget elementor-widget-heading\" data-id=\"b439dce\" data-element_type=\"widget\" data-e-type=\"widget\" data-widget_type=\"heading.default\">\n\t\t\t\t<div class=\"elementor-widget-container\">\n\t\t\t\t\t<h3 class=\"elementor-heading-title elementor-size-default\">UNA ALIANZA GANADORA<\/h3>\t\t\t\t<\/div>\n\t\t\t\t<\/div>\n\t\t\t\t<div class=\"elementor-element elementor-element-2f62456 elementor-widget elementor-widget-heading\" data-id=\"2f62456\" data-element_type=\"widget\" data-e-type=\"widget\" data-widget_type=\"heading.default\">\n\t\t\t\t<div class=\"elementor-widget-container\">\n\t\t\t\t\t<p class=\"elementor-heading-title elementor-size-default\">Por primera vez en la historia, las estrellas masculinas y femeninas del Manchester United se unen para hablar de f\u00fatbol, \u200b\u200bestilo personal y confianza el d\u00eda del partido.\u00a0Y todo gracias a Remington.<\/p>\t\t\t\t<\/div>\n\t\t\t\t<\/div>\n\t\t\t\t<div class=\"elementor-element elementor-element-a286807 elementor-widget elementor-widget-spacer\" data-id=\"a286807\" data-element_type=\"widget\" data-e-type=\"widget\" data-widget_type=\"spacer.default\">\n\t\t\t\t<div class=\"elementor-widget-container\">\n\t\t\t\t\t\t\t<div class=\"elementor-spacer\">\n\t\t\t<div class=\"elementor-spacer-inner\"><\/div>\n\t\t<\/div>\n\t\t\t\t\t\t<\/div>\n\t\t\t\t<\/div>\n\t\t\t\t<div class=\"elementor-element elementor-element-ceffde8 bodoni-font elementor-widget elementor-widget-heading\" data-id=\"ceffde8\" data-element_type=\"widget\" data-e-type=\"widget\" data-widget_type=\"heading.default\">\n\t\t\t\t<div class=\"elementor-widget-container\">\n\t\t\t\t\t<h3 class=\"elementor-heading-title elementor-size-default\">UN LEGADO COMPARTIDO<\/h3>\t\t\t\t<\/div>\n\t\t\t\t<\/div>\n\t\t\t\t<div class=\"elementor-element elementor-element-2143249 elementor-widget elementor-widget-heading\" data-id=\"2143249\" data-element_type=\"widget\" data-e-type=\"widget\" data-widget_type=\"heading.default\">\n\t\t\t\t<div class=\"elementor-widget-container\">\n\t\t\t\t\t<p class=\"elementor-heading-title elementor-size-default\">Manchester United y Remington,\u00a0el l\u00edder mundial en Cuidado Personal, han anunciado una asociaci\u00f3n de varios a\u00f1os donde Remington se convertir\u00e1 en el primer Colaborador Oficial de Peque\u00f1os Electrodom\u00e9sticos de cuidado personal del Club.<\/p>\t\t\t\t<\/div>\n\t\t\t\t<\/div>\n\t\t\t\t<div class=\"elementor-element elementor-element-9eff4ae elementor-widget elementor-widget-spacer\" data-id=\"9eff4ae\" data-element_type=\"widget\" data-e-type=\"widget\" data-widget_type=\"spacer.default\">\n\t\t\t\t<div class=\"elementor-widget-container\">\n\t\t\t\t\t\t\t<div class=\"elementor-spacer\">\n\t\t\t<div class=\"elementor-spacer-inner\"><\/div>\n\t\t<\/div>\n\t\t\t\t\t\t<\/div>\n\t\t\t\t<\/div>\n\t\t\t\t<section class=\"elementor-section elementor-inner-section elementor-element elementor-element-5faeb3c elementor-section-boxed elementor-section-height-default elementor-section-height-default\" data-id=\"5faeb3c\" data-element_type=\"section\" data-e-type=\"section\">\n\t\t\t\t\t\t<div class=\"elementor-container elementor-column-gap-default\">\n\t\t\t\t\t<div class=\"elementor-column elementor-col-100 elementor-inner-column elementor-element elementor-element-37fd6de\" data-id=\"37fd6de\" data-element_type=\"column\" data-e-type=\"column\" data-settings=\"{&quot;background_background&quot;:&quot;classic&quot;}\">\n\t\t\t<div class=\"elementor-widget-wrap elementor-element-populated\">\n\t\t\t\t\t\t<div class=\"elementor-element elementor-element-843df3d elementor-widget elementor-widget-image\" data-id=\"843df3d\" data-element_type=\"widget\" data-e-type=\"widget\" data-widget_type=\"image.default\">\n\t\t\t\t<div class=\"elementor-widget-container\">\n\t\t\t\t\t\t\t\t\t\t\t\t\t\t\t<img decoding=\"async\" width=\"396\" height=\"147\" src=\"https:\/\/www.remingtonlatam.com\/br\/wp-content\/uploads\/sites\/41\/2025\/10\/Remington_manutd.png\" class=\"attachment-full size-full wp-image-6914\" alt=\"\" \/>\t\t\t\t\t\t\t\t\t\t\t\t\t\t\t<\/div>\n\t\t\t\t<\/div>\n\t\t\t\t\t<\/div>\n\t\t<\/div>\n\t\t\t\t\t<\/div>\n\t\t<\/section>\n\t\t\t\t\t<\/div>\n\t\t<\/div>\n\t\t\t\t\t<\/div>\n\t\t<\/section>\n\t\t\t\t<section class=\"elementor-section elementor-top-section elementor-element elementor-element-b0f41c1 landing elementor-section-boxed elementor-section-height-default elementor-section-height-default\" data-id=\"b0f41c1\" data-element_type=\"section\" data-e-type=\"section\" data-settings=\"{&quot;background_background&quot;:&quot;classic&quot;}\">\n\t\t\t\t\t\t<div class=\"elementor-container elementor-column-gap-default\">\n\t\t\t\t\t<div class=\"elementor-column elementor-col-100 elementor-top-column elementor-element elementor-element-613167d\" data-id=\"613167d\" data-element_type=\"column\" data-e-type=\"column\">\n\t\t\t<div class=\"elementor-widget-wrap elementor-element-populated\">\n\t\t\t\t\t\t<div class=\"elementor-element elementor-element-0869fdb elementor-widget elementor-widget-spacer\" data-id=\"0869fdb\" data-element_type=\"widget\" data-e-type=\"widget\" data-widget_type=\"spacer.default\">\n\t\t\t\t<div class=\"elementor-widget-container\">\n\t\t\t\t\t\t\t<div class=\"elementor-spacer\">\n\t\t\t<div class=\"elementor-spacer-inner\"><\/div>\n\t\t<\/div>\n\t\t\t\t\t\t<\/div>\n\t\t\t\t<\/div>\n\t\t\t\t<section class=\"elementor-section elementor-inner-section elementor-element elementor-element-02f35ad elementor-section-boxed elementor-section-height-default elementor-section-height-default\" data-id=\"02f35ad\" data-element_type=\"section\" data-e-type=\"section\">\n\t\t\t\t\t\t<div class=\"elementor-container elementor-column-gap-default\">\n\t\t\t\t\t<div class=\"elementor-column elementor-col-100 elementor-inner-column elementor-element elementor-element-c3ef999\" data-id=\"c3ef999\" data-element_type=\"column\" data-e-type=\"column\">\n\t\t\t<div class=\"elementor-widget-wrap elementor-element-populated\">\n\t\t\t\t\t\t<div class=\"elementor-element elementor-element-178061a elementor-widget elementor-widget-heading\" data-id=\"178061a\" data-element_type=\"widget\" data-e-type=\"widget\" data-widget_type=\"heading.default\">\n\t\t\t\t<div class=\"elementor-widget-container\">\n\t\t\t\t\t<p class=\"elementor-heading-title elementor-size-default\"><b>Middleton, WI (EE. UU.) y Manchester (Reino Unido), 7 de febrero de 2019 \u2013 Spectrum Brands Holdings, Inc. (NYSE: SPB) y Manchester United (NYSE: MANU)<\/b> han hecho un anuncio conjunto sobre la firma de un acuerdo global de colaboraci\u00f3n durante varios a\u00f1os mediante el cual la emblem\u00e1tica marca de productos de cuidado personal Remington<sup>\u00ae<\/sup>, propiedad de Spectrum Brands, se convertir\u00e1 en el primer colaborador oficial del Manchester United Football Club en la categor\u00eda de peque\u00f1os electrodom\u00e9sticos de cuidado personal.<\/p>\t\t\t\t<\/div>\n\t\t\t\t<\/div>\n\t\t\t\t<div class=\"elementor-element elementor-element-d33188b elementor-widget elementor-widget-heading\" data-id=\"d33188b\" data-element_type=\"widget\" data-e-type=\"widget\" data-widget_type=\"heading.default\">\n\t\t\t\t<div class=\"elementor-widget-container\">\n\t\t\t\t\t<p class=\"elementor-heading-title elementor-size-default\">Mediante este acuerdo, que incluye a los equipos masculino y femenino, Remington<sup>\u00ae<\/sup> y el club colaborar\u00e1n para ofrecer campa\u00f1as de marketing de gran impacto dirigidas a los seguidores del Manchester United y de Remington<sup>\u00ae<\/sup>.<\/p>\t\t\t\t<\/div>\n\t\t\t\t<\/div>\n\t\t\t\t\t<\/div>\n\t\t<\/div>\n\t\t\t\t\t<\/div>\n\t\t<\/section>\n\t\t\t\t<div class=\"elementor-element elementor-element-3be5d7c elementor-widget elementor-widget-spacer\" data-id=\"3be5d7c\" data-element_type=\"widget\" data-e-type=\"widget\" data-widget_type=\"spacer.default\">\n\t\t\t\t<div class=\"elementor-widget-container\">\n\t\t\t\t\t\t\t<div class=\"elementor-spacer\">\n\t\t\t<div class=\"elementor-spacer-inner\"><\/div>\n\t\t<\/div>\n\t\t\t\t\t\t<\/div>\n\t\t\t\t<\/div>\n\t\t\t\t<div class=\"elementor-element elementor-element-514fc37 elementor-widget elementor-widget-image\" data-id=\"514fc37\" data-element_type=\"widget\" data-e-type=\"widget\" data-widget_type=\"image.default\">\n\t\t\t\t<div class=\"elementor-widget-container\">\n\t\t\t\t\t\t\t\t\t\t\t\t\t\t\t<img decoding=\"async\" width=\"1920\" height=\"616\" src=\"https:\/\/www.remingtonlatam.com\/br\/wp-content\/uploads\/sites\/41\/2025\/10\/banner_manutd_01.png\" class=\"attachment-full size-full wp-image-6915\" alt=\"\" \/>\t\t\t\t\t\t\t\t\t\t\t\t\t\t\t<\/div>\n\t\t\t\t<\/div>\n\t\t\t\t<div class=\"elementor-element elementor-element-ad4dfd8 elementor-widget elementor-widget-spacer\" data-id=\"ad4dfd8\" data-element_type=\"widget\" data-e-type=\"widget\" data-widget_type=\"spacer.default\">\n\t\t\t\t<div class=\"elementor-widget-container\">\n\t\t\t\t\t\t\t<div class=\"elementor-spacer\">\n\t\t\t<div class=\"elementor-spacer-inner\"><\/div>\n\t\t<\/div>\n\t\t\t\t\t\t<\/div>\n\t\t\t\t<\/div>\n\t\t\t\t<section class=\"elementor-section elementor-inner-section elementor-element elementor-element-962d7ed elementor-section-boxed elementor-section-height-default elementor-section-height-default\" data-id=\"962d7ed\" data-element_type=\"section\" data-e-type=\"section\">\n\t\t\t\t\t\t<div class=\"elementor-container elementor-column-gap-default\">\n\t\t\t\t\t<div class=\"elementor-column elementor-col-100 elementor-inner-column elementor-element elementor-element-40a5a0f\" data-id=\"40a5a0f\" data-element_type=\"column\" data-e-type=\"column\">\n\t\t\t<div class=\"elementor-widget-wrap elementor-element-populated\">\n\t\t\t\t\t\t<div class=\"elementor-element elementor-element-8b5cdcb elementor-widget elementor-widget-heading\" data-id=\"8b5cdcb\" data-element_type=\"widget\" data-e-type=\"widget\" data-widget_type=\"heading.default\">\n\t\t\t\t<div class=\"elementor-widget-container\">\n\t\t\t\t\t<p class=\"elementor-heading-title elementor-size-default\">Remington<sup>\u00ae<\/sup>, una de las principales marcas de la amplia cartera de Spectrum Brands, es desde hace generaciones referente mundial en cuidado personal y del cabello. La marca Remington, fundada en Nueva York en 1937, lleva m\u00e1s de 80 a\u00f1os inventando, reinventando y evolucionando para crear una gama de productos de cuidado personal y del cabello siempre a la vanguardia en dise\u00f1o, moda y tecnolog\u00eda.<\/p>\t\t\t\t<\/div>\n\t\t\t\t<\/div>\n\t\t\t\t<div class=\"elementor-element elementor-element-7cbd716 elementor-widget elementor-widget-heading\" data-id=\"7cbd716\" data-element_type=\"widget\" data-e-type=\"widget\" data-widget_type=\"heading.default\">\n\t\t\t\t<div class=\"elementor-widget-container\">\n\t\t\t\t\t<p class=\"elementor-heading-title elementor-size-default\">Dentro de un importante programa de activaci\u00f3n multicanal, Remington<sup>\u00ae<\/sup> y Manchester United colaborar\u00e1n en una campa\u00f1a que celebra la individualidad y el poder de la confianza interior.<\/p>\t\t\t\t<\/div>\n\t\t\t\t<\/div>\n\t\t\t\t<div class=\"elementor-element elementor-element-388c779 elementor-widget elementor-widget-heading\" data-id=\"388c779\" data-element_type=\"widget\" data-e-type=\"widget\" data-widget_type=\"heading.default\">\n\t\t\t\t<div class=\"elementor-widget-container\">\n\t\t\t\t\t<p class=\"elementor-heading-title elementor-size-default\">La colaboraci\u00f3n destacar\u00e1 y amplificar\u00e1 la campa\u00f1a <b>\u201cThe Story of You\u201d<\/b> de Remington<sup>\u00ae<\/sup>, que impulsa la misi\u00f3n de la marca de ayudar a sus clientes a reforzar \u00a0su confianza en s\u00ed mismos y reconocer que los viajes, experiencias, valores y aspiraciones de una persona conforman su individualidad. Esta colaboraci\u00f3n buscar\u00e1 inspirar y ayudar a m\u00e1s personas a<b> \u201cGet Your You On\u201d<\/b>, motiv\u00e1ndolas a tener confianza para dejar su marca personal en todo cuanto hagan.<\/p>\t\t\t\t<\/div>\n\t\t\t\t<\/div>\n\t\t\t\t\t<\/div>\n\t\t<\/div>\n\t\t\t\t\t<\/div>\n\t\t<\/section>\n\t\t\t\t<div class=\"elementor-element elementor-element-3e951af elementor-widget elementor-widget-spacer\" data-id=\"3e951af\" data-element_type=\"widget\" data-e-type=\"widget\" data-widget_type=\"spacer.default\">\n\t\t\t\t<div class=\"elementor-widget-container\">\n\t\t\t\t\t\t\t<div class=\"elementor-spacer\">\n\t\t\t<div class=\"elementor-spacer-inner\"><\/div>\n\t\t<\/div>\n\t\t\t\t\t\t<\/div>\n\t\t\t\t<\/div>\n\t\t\t\t\t<\/div>\n\t\t<\/div>\n\t\t\t\t\t<\/div>\n\t\t<\/section>\n\t\t\t\t<section class=\"elementor-section elementor-top-section elementor-element elementor-element-734bf86 elementor-section-boxed elementor-section-height-default elementor-section-height-default\" data-id=\"734bf86\" data-element_type=\"section\" data-e-type=\"section\" data-settings=\"{&quot;background_background&quot;:&quot;classic&quot;}\">\n\t\t\t\t\t\t<div class=\"elementor-container elementor-column-gap-default\">\n\t\t\t\t\t<div class=\"elementor-column elementor-col-100 elementor-top-column elementor-element elementor-element-c62ffb1\" data-id=\"c62ffb1\" data-element_type=\"column\" data-e-type=\"column\">\n\t\t\t<div class=\"elementor-widget-wrap elementor-element-populated\">\n\t\t\t\t\t\t<div class=\"elementor-element elementor-element-b63ffa0 elementor-widget elementor-widget-spacer\" data-id=\"b63ffa0\" data-element_type=\"widget\" data-e-type=\"widget\" data-widget_type=\"spacer.default\">\n\t\t\t\t<div class=\"elementor-widget-container\">\n\t\t\t\t\t\t\t<div class=\"elementor-spacer\">\n\t\t\t<div class=\"elementor-spacer-inner\"><\/div>\n\t\t<\/div>\n\t\t\t\t\t\t<\/div>\n\t\t\t\t<\/div>\n\t\t\t\t<div class=\"elementor-element elementor-element-9af2dbd bodoni-font elementor-widget elementor-widget-heading\" data-id=\"9af2dbd\" data-element_type=\"widget\" data-e-type=\"widget\" data-widget_type=\"heading.default\">\n\t\t\t\t<div class=\"elementor-widget-container\">\n\t\t\t\t\t<h3 class=\"elementor-heading-title elementor-size-default\">NUESTROS PRODUCTOS<\/h3>\t\t\t\t<\/div>\n\t\t\t\t<\/div>\n\t\t\t\t<div class=\"elementor-element elementor-element-bc71092 elementor-widget elementor-widget-shortcode\" data-id=\"bc71092\" data-element_type=\"widget\" data-e-type=\"widget\" data-widget_type=\"shortcode.default\">\n\t\t\t\t<div class=\"elementor-widget-container\">\n\t\t\t\t\t\t\t<div class=\"elementor-shortcode\"><div class=\"related-product-carousel\"><div class=\"product-carousel-item\"><a href=\"https:\/\/www.remingtonlatam.com\/br\/producto\/uncategorized\/product\/\"><img loading=\"lazy\" decoding=\"async\" width=\"500\" height=\"500\" src=\"https:\/\/www.remingtonlatam.com\/br\/wp-content\/uploads\/sites\/41\/2022\/10\/D27A-Secador-De-Cabello-Remington-Coleccion-Botanicals-01-596x596.jpg\" class=\"attachment-500x500 size-500x500 wp-post-image\" alt=\"Fotograf\u00eda principal Secador Remington Botanicals\u2122\" srcset=\"https:\/\/www.remingtonlatam.com\/br\/wp-content\/uploads\/sites\/41\/2022\/10\/D27A-Secador-De-Cabello-Remington-Coleccion-Botanicals-01-596x596.jpg 596w, https:\/\/www.remingtonlatam.com\/br\/wp-content\/uploads\/sites\/41\/2022\/10\/D27A-Secador-De-Cabello-Remington-Coleccion-Botanicals-01-300x300.jpg 300w, https:\/\/www.remingtonlatam.com\/br\/wp-content\/uploads\/sites\/41\/2022\/10\/D27A-Secador-De-Cabello-Remington-Coleccion-Botanicals-01-1024x1024.jpg 1024w, https:\/\/www.remingtonlatam.com\/br\/wp-content\/uploads\/sites\/41\/2022\/10\/D27A-Secador-De-Cabello-Remington-Coleccion-Botanicals-01-150x150.jpg 150w, https:\/\/www.remingtonlatam.com\/br\/wp-content\/uploads\/sites\/41\/2022\/10\/D27A-Secador-De-Cabello-Remington-Coleccion-Botanicals-01-768x768.jpg 768w, https:\/\/www.remingtonlatam.com\/br\/wp-content\/uploads\/sites\/41\/2022\/10\/D27A-Secador-De-Cabello-Remington-Coleccion-Botanicals-01-250x250.jpg 250w, https:\/\/www.remingtonlatam.com\/br\/wp-content\/uploads\/sites\/41\/2022\/10\/D27A-Secador-De-Cabello-Remington-Coleccion-Botanicals-01-324x324.jpg 324w, https:\/\/www.remingtonlatam.com\/br\/wp-content\/uploads\/sites\/41\/2022\/10\/D27A-Secador-De-Cabello-Remington-Coleccion-Botanicals-01-100x100.jpg 100w, https:\/\/www.remingtonlatam.com\/br\/wp-content\/uploads\/sites\/41\/2022\/10\/D27A-Secador-De-Cabello-Remington-Coleccion-Botanicals-01.jpg 1200w\" sizes=\"(max-width: 500px) 100vw, 500px\" \/><h3>Product<\/h3><\/a><\/div><div class=\"product-carousel-item\"><a href=\"https:\/\/www.remingtonlatam.com\/br\/producto\/mulher\/cuidado-para-o-cabelo\/pranchas-de-cabelo\/plancha-alisadora-remington-shine-therapy-con-placas-anchas\/\"><img loading=\"lazy\" decoding=\"async\" width=\"500\" height=\"500\" src=\"https:\/\/www.remingtonlatam.com\/br\/wp-content\/uploads\/sites\/41\/2019\/12\/S9960-Plancha-Alisadora-Remington-Shine-Therapy-01-596x596.jpg\" class=\"attachment-500x500 size-500x500 wp-post-image\" alt=\"\" srcset=\"https:\/\/www.remingtonlatam.com\/br\/wp-content\/uploads\/sites\/41\/2019\/12\/S9960-Plancha-Alisadora-Remington-Shine-Therapy-01-596x596.jpg 596w, https:\/\/www.remingtonlatam.com\/br\/wp-content\/uploads\/sites\/41\/2019\/12\/S9960-Plancha-Alisadora-Remington-Shine-Therapy-01-150x150.jpg 150w, https:\/\/www.remingtonlatam.com\/br\/wp-content\/uploads\/sites\/41\/2019\/12\/S9960-Plancha-Alisadora-Remington-Shine-Therapy-01-300x300.jpg 300w, https:\/\/www.remingtonlatam.com\/br\/wp-content\/uploads\/sites\/41\/2019\/12\/S9960-Plancha-Alisadora-Remington-Shine-Therapy-01-768x768.jpg 768w, https:\/\/www.remingtonlatam.com\/br\/wp-content\/uploads\/sites\/41\/2019\/12\/S9960-Plancha-Alisadora-Remington-Shine-Therapy-01-1024x1024.jpg 1024w, https:\/\/www.remingtonlatam.com\/br\/wp-content\/uploads\/sites\/41\/2019\/12\/S9960-Plancha-Alisadora-Remington-Shine-Therapy-01-250x250.jpg 250w, https:\/\/www.remingtonlatam.com\/br\/wp-content\/uploads\/sites\/41\/2019\/12\/S9960-Plancha-Alisadora-Remington-Shine-Therapy-01-324x324.jpg 324w, https:\/\/www.remingtonlatam.com\/br\/wp-content\/uploads\/sites\/41\/2019\/12\/S9960-Plancha-Alisadora-Remington-Shine-Therapy-01-100x100.jpg 100w, https:\/\/www.remingtonlatam.com\/br\/wp-content\/uploads\/sites\/41\/2019\/12\/S9960-Plancha-Alisadora-Remington-Shine-Therapy-01.jpg 1200w\" sizes=\"(max-width: 500px) 100vw, 500px\" \/><h3>PRANCHA DE CABELO REMINGTON SHINE THERAPY<\/h3><\/a><\/div><div class=\"product-carousel-item\"><a href=\"https:\/\/www.remingtonlatam.com\/br\/producto\/uncategorized\/product-3\/\"><img loading=\"lazy\" decoding=\"async\" width=\"500\" height=\"500\" src=\"https:\/\/www.remingtonlatam.com\/br\/wp-content\/uploads\/sites\/41\/2022\/10\/CI24AW-Rizador-De-Cabello-Remington-Coleccion-Botanicals-01-596x596.jpg\" class=\"attachment-500x500 size-500x500 wp-post-image\" alt=\"Fotograf\u00eda principal Rizador Remington Botanicals\u2122\" srcset=\"https:\/\/www.remingtonlatam.com\/br\/wp-content\/uploads\/sites\/41\/2022\/10\/CI24AW-Rizador-De-Cabello-Remington-Coleccion-Botanicals-01-596x596.jpg 596w, https:\/\/www.remingtonlatam.com\/br\/wp-content\/uploads\/sites\/41\/2022\/10\/CI24AW-Rizador-De-Cabello-Remington-Coleccion-Botanicals-01-300x300.jpg 300w, https:\/\/www.remingtonlatam.com\/br\/wp-content\/uploads\/sites\/41\/2022\/10\/CI24AW-Rizador-De-Cabello-Remington-Coleccion-Botanicals-01-1024x1024.jpg 1024w, https:\/\/www.remingtonlatam.com\/br\/wp-content\/uploads\/sites\/41\/2022\/10\/CI24AW-Rizador-De-Cabello-Remington-Coleccion-Botanicals-01-150x150.jpg 150w, https:\/\/www.remingtonlatam.com\/br\/wp-content\/uploads\/sites\/41\/2022\/10\/CI24AW-Rizador-De-Cabello-Remington-Coleccion-Botanicals-01-768x768.jpg 768w, https:\/\/www.remingtonlatam.com\/br\/wp-content\/uploads\/sites\/41\/2022\/10\/CI24AW-Rizador-De-Cabello-Remington-Coleccion-Botanicals-01-250x250.jpg 250w, https:\/\/www.remingtonlatam.com\/br\/wp-content\/uploads\/sites\/41\/2022\/10\/CI24AW-Rizador-De-Cabello-Remington-Coleccion-Botanicals-01-324x324.jpg 324w, https:\/\/www.remingtonlatam.com\/br\/wp-content\/uploads\/sites\/41\/2022\/10\/CI24AW-Rizador-De-Cabello-Remington-Coleccion-Botanicals-01-100x100.jpg 100w, https:\/\/www.remingtonlatam.com\/br\/wp-content\/uploads\/sites\/41\/2022\/10\/CI24AW-Rizador-De-Cabello-Remington-Coleccion-Botanicals-01.jpg 1200w\" sizes=\"(max-width: 500px) 100vw, 500px\" \/><h3>Product<\/h3><\/a><\/div><\/div><\/div>\n\t\t\t\t\t\t<\/div>\n\t\t\t\t<\/div>\n\t\t\t\t<div class=\"elementor-element elementor-element-1a0a9a7 elementor-widget elementor-widget-spacer\" data-id=\"1a0a9a7\" data-element_type=\"widget\" data-e-type=\"widget\" data-widget_type=\"spacer.default\">\n\t\t\t\t<div class=\"elementor-widget-container\">\n\t\t\t\t\t\t\t<div class=\"elementor-spacer\">\n\t\t\t<div class=\"elementor-spacer-inner\"><\/div>\n\t\t<\/div>\n\t\t\t\t\t\t<\/div>\n\t\t\t\t<\/div>\n\t\t\t\t\t<\/div>\n\t\t<\/div>\n\t\t\t\t\t<\/div>\n\t\t<\/section>\n\t\t\t\t<\/div>\n\t\t","protected":false},"excerpt":{"rendered":"<p>REMINGTON\u00ae ES EL PRIMER COLABORADOR OFICIAL DEL MANCHESTER UNITED FOOTBALL CLUB Home UNA ALIANZA GANADORA Por primera vez en la historia, las estrellas masculinas y femeninas del Manchester United se unen para hablar de f\u00fatbol, \u200b\u200bestilo personal y confianza el d\u00eda del partido.\u00a0Y todo gracias a Remington. UN LEGADO COMPARTIDO Manchester United y Remington,\u00a0el l\u00edder [&hellip;]<\/p>\n","protected":false},"author":1,"featured_media":0,"parent":0,"menu_order":0,"comment_status":"closed","ping_status":"closed","template":"elementor_header_footer","meta":{"_acf_changed":false,"footnotes":""},"class_list":["post-403","page","type-page","status-publish","hentry"],"acf":[],"_links":{"self":[{"href":"https:\/\/www.remingtonlatam.com\/br\/wp-json\/wp\/v2\/pages\/403","targetHints":{"allow":["GET"]}}],"collection":[{"href":"https:\/\/www.remingtonlatam.com\/br\/wp-json\/wp\/v2\/pages"}],"about":[{"href":"https:\/\/www.remingtonlatam.com\/br\/wp-json\/wp\/v2\/types\/page"}],"author":[{"embeddable":true,"href":"https:\/\/www.remingtonlatam.com\/br\/wp-json\/wp\/v2\/users\/1"}],"replies":[{"embeddable":true,"href":"https:\/\/www.remingtonlatam.com\/br\/wp-json\/wp\/v2\/comments?post=403"}],"version-history":[{"count":73,"href":"https:\/\/www.remingtonlatam.com\/br\/wp-json\/wp\/v2\/pages\/403\/revisions"}],"predecessor-version":[{"id":6918,"href":"https:\/\/www.remingtonlatam.com\/br\/wp-json\/wp\/v2\/pages\/403\/revisions\/6918"}],"wp:attachment":[{"href":"https:\/\/www.remingtonlatam.com\/br\/wp-json\/wp\/v2\/media?parent=403"}],"curies":[{"name":"wp","href":"https:\/\/api.w.org\/{rel}","templated":true}]}}