{"id":6737,"date":"2021-07-22T14:38:14","date_gmt":"2021-07-22T14:38:14","guid":{"rendered":"https:\/\/www.remingtonlatam.com\/bo\/producto\/sin%20categor\u00eda\/cortador-de-cabello-remington-23-piezas\/"},"modified":"2024-07-26T14:32:57","modified_gmt":"2024-07-26T14:32:57","slug":"cortador-de-cabello-remington-23-piezas","status":"publish","type":"product","link":"https:\/\/www.remingtonlatam.com\/bo\/producto\/hombre\/cuidado-masculino\/cortadoras-de-cabello\/cortador-de-cabello-remington-23-piezas\/","title":{"rendered":"Cortador De Cabello Remington 23 piezas"},"content":{"rendered":"","protected":false},"excerpt":{"rendered":"<p>Remington presenta su <b>M\u00e1quina de cortar pelo de 23 piezas<\/b> de mayor calidad. El kit incluye nueve peines de distintas longitudes (de 0,5 a 2 mm). As\u00ed que sea cual sea el look deseado, no tendr\u00e1s m\u00e1s que seleccionar peine apropiado y ponerte manos a la obra.<\/p>\n","protected":false},"featured_media":6741,"comment_status":"open","ping_status":"closed","template":"","meta":{"_acf_changed":false},"product_brand":[],"product_cat":[58,60,63],"product_tag":[],"class_list":{"0":"post-6737","1":"product","2":"type-product","3":"status-publish","4":"has-post-thumbnail","6":"characteristics-cabeza","7":"characteristics-cuchillas-de-acero-inoxidable","8":"characteristics-uso-con-cable","9":"product_cat-hombre","10":"product_cat-cuidado-masculino","11":"product_cat-cortadoras-de-cabello","13":"first","14":"instock","15":"shipping-taxable","16":"product-type-simple"},"acf":[],"_links":{"self":[{"href":"https:\/\/www.remingtonlatam.com\/bo\/wp-json\/wp\/v2\/product\/6737","targetHints":{"allow":["GET"]}}],"collection":[{"href":"https:\/\/www.remingtonlatam.com\/bo\/wp-json\/wp\/v2\/product"}],"about":[{"href":"https:\/\/www.remingtonlatam.com\/bo\/wp-json\/wp\/v2\/types\/product"}],"replies":[{"embeddable":true,"href":"https:\/\/www.remingtonlatam.com\/bo\/wp-json\/wp\/v2\/comments?post=6737"}],"wp:featuredmedia":[{"embeddable":true,"href":"https:\/\/www.remingtonlatam.com\/bo\/wp-json\/wp\/v2\/media\/6741"}],"wp:attachment":[{"href":"https:\/\/www.remingtonlatam.com\/bo\/wp-json\/wp\/v2\/media?parent=6737"}],"wp:term":[{"taxonomy":"product_brand","embeddable":true,"href":"https:\/\/www.remingtonlatam.com\/bo\/wp-json\/wp\/v2\/product_brand?post=6737"},{"taxonomy":"product_cat","embeddable":true,"href":"https:\/\/www.remingtonlatam.com\/bo\/wp-json\/wp\/v2\/product_cat?post=6737"},{"taxonomy":"product_tag","embeddable":true,"href":"https:\/\/www.remingtonlatam.com\/bo\/wp-json\/wp\/v2\/product_tag?post=6737"}],"curies":[{"name":"wp","href":"https:\/\/api.w.org\/{rel}","templated":true}]}}