{"id":2776,"date":"2019-12-12T15:55:16","date_gmt":"2019-12-12T15:55:16","guid":{"rendered":"http:\/\/remingtonla-stage.us-east-1.elasticbeanstalk.com\/bo\/producto\/cortador-de-cabello-remington\/"},"modified":"2020-05-21T02:15:08","modified_gmt":"2020-05-21T02:15:08","slug":"cortador-de-cabello-remington","status":"publish","type":"product","link":"https:\/\/www.remingtonlatam.com\/bo\/producto\/hombre\/cuidado-masculino\/cortadoras-de-cabello\/cortador-de-cabello-remington\/","title":{"rendered":"Cortador De Cabello Remington"},"content":{"rendered":"","protected":false},"excerpt":{"rendered":"<p>El mejor complemento de tu estilo definitivamente es tu cabello. Corto o largo, t\u00fa decides qu\u00e9 estilo llevar. Por eso Remington pens\u00f3 en ti y te ofrece este kit de <b>m\u00e1quina de cortar pelo<\/b> con 13 piezas y todo lo que necesitas para crear tu estilo.<\/p>\n","protected":false},"featured_media":2779,"comment_status":"open","ping_status":"closed","template":"","meta":{"_acf_changed":false},"product_brand":[],"product_cat":[58,60,63],"product_tag":[],"class_list":{"0":"post-2776","1":"product","2":"type-product","3":"status-publish","4":"has-post-thumbnail","6":"characteristics-cabeza","7":"characteristics-con-cable","8":"characteristics-cuchillas-de-acero-inoxidable","9":"product_cat-hombre","10":"product_cat-cuidado-masculino","11":"product_cat-cortadoras-de-cabello","13":"first","14":"instock","15":"shipping-taxable","16":"product-type-simple"},"acf":[],"_links":{"self":[{"href":"https:\/\/www.remingtonlatam.com\/bo\/wp-json\/wp\/v2\/product\/2776","targetHints":{"allow":["GET"]}}],"collection":[{"href":"https:\/\/www.remingtonlatam.com\/bo\/wp-json\/wp\/v2\/product"}],"about":[{"href":"https:\/\/www.remingtonlatam.com\/bo\/wp-json\/wp\/v2\/types\/product"}],"replies":[{"embeddable":true,"href":"https:\/\/www.remingtonlatam.com\/bo\/wp-json\/wp\/v2\/comments?post=2776"}],"wp:featuredmedia":[{"embeddable":true,"href":"https:\/\/www.remingtonlatam.com\/bo\/wp-json\/wp\/v2\/media\/2779"}],"wp:attachment":[{"href":"https:\/\/www.remingtonlatam.com\/bo\/wp-json\/wp\/v2\/media?parent=2776"}],"wp:term":[{"taxonomy":"product_brand","embeddable":true,"href":"https:\/\/www.remingtonlatam.com\/bo\/wp-json\/wp\/v2\/product_brand?post=2776"},{"taxonomy":"product_cat","embeddable":true,"href":"https:\/\/www.remingtonlatam.com\/bo\/wp-json\/wp\/v2\/product_cat?post=2776"},{"taxonomy":"product_tag","embeddable":true,"href":"https:\/\/www.remingtonlatam.com\/bo\/wp-json\/wp\/v2\/product_tag?post=2776"}],"curies":[{"name":"wp","href":"https:\/\/api.w.org\/{rel}","templated":true}]}}