{"id":7587,"date":"2023-06-14T17:42:34","date_gmt":"2023-06-14T17:42:34","guid":{"rendered":"https:\/\/www.remingtonlatam.com\/ar\/?post_type=product&#038;p=7587"},"modified":"2024-10-01T18:15:12","modified_gmt":"2024-10-01T18:15:12","slug":"plancha-alisadora-remington-collagen-and-biotin-therapy","status":"publish","type":"product","link":"https:\/\/www.remingtonlatam.com\/ar\/producto\/mujer\/cuidado-del-cabello\/planchas-alisadoras\/plancha-alisadora-remington-collagen-and-biotin-therapy\/","title":{"rendered":"Plancha alisadora Remington Collagen and Biotin Therapy\u2122"},"content":{"rendered":"","protected":false},"excerpt":{"rendered":"<p>Un producto que protege tu cabello mientras lo estilizas. Sus placas est\u00e1n recubiertas de cer\u00e1mica avanzada con microacondicionador enriquecido con col\u00e1geno, rico en nutrientes, y biotina. Combinados para proteger y ayudar a la salud del cabello. Menos frizz y sin residuos grasos.<\/p>\n","protected":false},"featured_media":7590,"comment_status":"open","ping_status":"closed","template":"","meta":{"_acf_changed":false},"product_brand":[],"product_cat":[46,48,152],"product_tag":[],"class_list":{"0":"post-7587","1":"product","2":"type-product","3":"status-publish","4":"has-post-thumbnail","6":"collections-collagen-biotin-therapy","7":"characteristics-alisado","8":"characteristics-cabello-con-frizz","9":"characteristics-estilo-de-peinado","10":"characteristics-liso-perfecto","11":"characteristics-mujer","12":"characteristics-soluciones-para","13":"product_cat-mujer","14":"product_cat-cuidado-del-cabello","15":"product_cat-planchas-alisadoras","17":"first","18":"instock","19":"shipping-taxable","20":"product-type-simple"},"acf":[],"_links":{"self":[{"href":"https:\/\/www.remingtonlatam.com\/ar\/wp-json\/wp\/v2\/product\/7587","targetHints":{"allow":["GET"]}}],"collection":[{"href":"https:\/\/www.remingtonlatam.com\/ar\/wp-json\/wp\/v2\/product"}],"about":[{"href":"https:\/\/www.remingtonlatam.com\/ar\/wp-json\/wp\/v2\/types\/product"}],"replies":[{"embeddable":true,"href":"https:\/\/www.remingtonlatam.com\/ar\/wp-json\/wp\/v2\/comments?post=7587"}],"wp:featuredmedia":[{"embeddable":true,"href":"https:\/\/www.remingtonlatam.com\/ar\/wp-json\/wp\/v2\/media\/7590"}],"wp:attachment":[{"href":"https:\/\/www.remingtonlatam.com\/ar\/wp-json\/wp\/v2\/media?parent=7587"}],"wp:term":[{"taxonomy":"product_brand","embeddable":true,"href":"https:\/\/www.remingtonlatam.com\/ar\/wp-json\/wp\/v2\/product_brand?post=7587"},{"taxonomy":"product_cat","embeddable":true,"href":"https:\/\/www.remingtonlatam.com\/ar\/wp-json\/wp\/v2\/product_cat?post=7587"},{"taxonomy":"product_tag","embeddable":true,"href":"https:\/\/www.remingtonlatam.com\/ar\/wp-json\/wp\/v2\/product_tag?post=7587"}],"curies":[{"name":"wp","href":"https:\/\/api.w.org\/{rel}","templated":true}]}}